{"id":731145,"date":"2025-08-27T21:26:24","date_gmt":"2025-08-27T18:26:24","guid":{"rendered":"https:\/\/roveyayinevi.com.tr\/index.php\/urun\/turk-mizah-ekolojisi\/"},"modified":"2026-04-16T02:39:00","modified_gmt":"2026-04-15T23:39:00","slug":"turk-mizah-ekolojisi","status":"publish","type":"product","link":"https:\/\/roveyayinevi.com.tr\/index.php\/urun\/turk-mizah-ekolojisi\/","title":{"rendered":"T\u00fcrk Mizah Ekolojisi"},"content":{"rendered":"<p>Aristoteles \u201c\u0130nsan g\u00fclmeyi bilen tek canl\u0131 varl\u0131kt\u0131r!\u201d der. Fran\u00e7ois Rebelais de Gargantua\u2019n\u0131n ba\u015flang\u0131c\u0131na \u201c\u0130nsan\u0131 insan yapan g\u00fclmektir!\u201d slogan\u0131n\u0131 yerle\u015ftirir. Fakat mizah yaln\u0131zca g\u00fclme ve kahkahayla s\u0131n\u0131rland\u0131r\u0131lamaz. Mizah\u0131n ekolojisinde ele\u015ftiri, e\u011flence k\u00fclt\u00fcr\u00fc, grup k\u00fclt\u00fcr\u00fc, k\u00fclt\u00fcr ortamlar\u0131, k\u00fclt\u00fcr ekonomisi, ileti\u015fim, \u00fcst\u00fcnl\u00fck, rahatlama, pozitiflik ve negatiflik, stat\u00fc, ba\u011flamsal i\u015flev, imaj, mizah ustalar\u0131 ve tasar\u0131mc\u0131lar\u0131 gibi kavramlar bulunur. Bir \u00fcr\u00fcn gibi sosyal \u00fcretim fabrikalar\u0131 olan mizah kendi ba\u011flam\u0131nda ustalar\u0131n\u0131n eliyle \u00fcretilir ve ekolojiye sunulur. Bu fabrikalar grup k\u00fclt\u00fcr\u00fcn\u00fcn olu\u015fabildi\u011fi her t\u00fcrl\u00fc a\u00e7\u0131k ve kapal\u0131 mek\u00e2nlar olabilir. Kuma\u015f\u0131, kesimi ve tarz\u0131 iyiyse uzun s\u00fcreli ya\u015fama \u015fans\u0131 bulur. Halk\u0131n haf\u0131zas\u0131nda yer edinmesi, k\u00fclt\u00fcrel alan ve kodlara s\u0131zmas\u0131yla patentini al\u0131r. Bu patentler ulusal haf\u0131zada Nasreddin Hoca, Kelo\u011flan, Karag\u00f6z, Temel, \u0130ncili \u00c7avu\u015f, Bekta\u015fi \u015feklinde markalan\u0131r. T\u00fcrk halk\u0131n\u0131n gruplar aras\u0131nda olu\u015fturulan, yaz\u0131l\u0131 \u00fcr\u00fcnleri hen\u00fcz olu\u015fmam\u0131\u015f mizah geleneklerinin ihmal edilmesi, olu\u015fan ve geli\u015fen yeni mizah yapma bi\u00e7imlerinin ve \u00fcr\u00fcnlerinin g\u00f6rmezden gelinmesi T\u00fcrk mizah \u00e7al\u0131\u015fmalar\u0131n\u0131n kilitlendi\u011fi bir noktayd\u0131. Bu \u00e7al\u0131\u015fmada tarihsel seyrinde mizaha kar\u015f\u0131 y\u00fcklenen farkl\u0131 anlamland\u0131rma \u00e7abalar\u0131 verilmi\u015ftir. G\u00fcncel T\u00fcrk mizah\u0131n\u0131n ekolojik durumu ise halk ve k\u00fclt\u00fcr ara\u015ft\u0131rmalar\u0131, halk gruplar\u0131, g\u00fclme yasalar\u0131, icra ortamlar\u0131n\u0131n cinsiyeti, politika, ilgiler, deneyimler, tipler, yemek ve oyun k\u00fclt\u00fcr\u00fc, dil, k\u00fclt\u00fcr ekonomisi, s\u00f6zl\u00fc, yaz\u0131l\u0131 ve elektronik k\u00fclt\u00fcr ortam\u0131 gibi meseleler \u00fczerinden ele al\u0131nm\u0131\u015ft\u0131r. <\/p>\n","protected":false},"excerpt":{"rendered":"<p>Aristoteles \u201c\u0130nsan g\u00fclmeyi bilen tek canl\u0131 varl\u0131kt\u0131r!\u201d der. Fran\u00e7ois Rebelais de Gargantua\u2019n\u0131n ba\u015flang\u0131c\u0131na \u201c\u0130nsan\u0131 insan yapan g\u00fclmektir!\u201d slogan\u0131n\u0131 yerle\u015ftirir. Fakat mizah yaln\u0131zca g\u00fclme ve kahkahayla s\u0131n\u0131rland\u0131r\u0131lamaz.<span class=\"excerpt-hellip\"> [\u2026]<\/span><\/p>\n","protected":false},"featured_media":0,"template":"","meta":{"_monsterinsights_skip_tracking":false,"_monsterinsights_sitenote_active":false,"_monsterinsights_sitenote_note":"","_monsterinsights_sitenote_category":0},"product_brand":[],"product_cat":[12291,14825],"product_tag":[],"class_list":{"0":"post-731145","1":"product","2":"type-product","3":"status-publish","5":"product_cat-edebiyat","6":"product_cat-mizah","7":"pa_cilt-ciltsiz","8":"pa_tur-kitap","9":"pa_yayinevi-otuken-nesriyat","10":"pa_yazar-azem-sevindik","12":"first","13":"instock","14":"sale","15":"shipping-taxable","16":"purchasable","17":"product-type-simple"},"_links":{"self":[{"href":"https:\/\/roveyayinevi.com.tr\/index.php\/wp-json\/wp\/v2\/product\/731145","targetHints":{"allow":["GET"]}}],"collection":[{"href":"https:\/\/roveyayinevi.com.tr\/index.php\/wp-json\/wp\/v2\/product"}],"about":[{"href":"https:\/\/roveyayinevi.com.tr\/index.php\/wp-json\/wp\/v2\/types\/product"}],"wp:attachment":[{"href":"https:\/\/roveyayinevi.com.tr\/index.php\/wp-json\/wp\/v2\/media?parent=731145"}],"wp:term":[{"taxonomy":"product_brand","embeddable":true,"href":"https:\/\/roveyayinevi.com.tr\/index.php\/wp-json\/wp\/v2\/product_brand?post=731145"},{"taxonomy":"product_cat","embeddable":true,"href":"https:\/\/roveyayinevi.com.tr\/index.php\/wp-json\/wp\/v2\/product_cat?post=731145"},{"taxonomy":"product_tag","embeddable":true,"href":"https:\/\/roveyayinevi.com.tr\/index.php\/wp-json\/wp\/v2\/product_tag?post=731145"}],"curies":[{"name":"wp","href":"https:\/\/api.w.org\/{rel}","templated":true}]}}