{"id":731142,"date":"2025-08-27T21:26:20","date_gmt":"2025-08-27T18:26:20","guid":{"rendered":"https:\/\/roveyayinevi.com.tr\/index.php\/urun\/nutuk-cizgi-roman\/"},"modified":"2026-04-16T02:39:00","modified_gmt":"2026-04-15T23:39:00","slug":"nutuk-cizgi-roman","status":"publish","type":"product","link":"https:\/\/roveyayinevi.com.tr\/index.php\/urun\/nutuk-cizgi-roman\/","title":{"rendered":"Nutuk \u2013 \u00c7izgi Roman"},"content":{"rendered":"<p>\u201cB\u00fcy\u00fck Atat\u00fcrk\u2019\u00fcn Nutuk eserinin gen\u00e7ler i\u00e7in \u00e7izgi roman halinde sunulma fikri g\u00fczel. Nutuk, Mustafa Kemal Atat\u00fcrk\u2019\u00fcn 1927\u2019de \u0130stiklal Sava\u015f\u0131 ve Cumhuriyet&#8217;in kurulu\u015f y\u0131llar\u0131n\u0131 T\u00fcrkiye B\u00fcy\u00fck Millet Meclisi \u00fcyelerine alt\u0131 g\u00fcn boyunca okumas\u0131ndan meydana gelen bir \u2018res gestae\u2019, bir otobiyografidir. Geni\u015f kitlelere tavsiye edilir. Konulara giri\u015f ve ba\u015flang\u0131\u00e7 i\u00e7in bu t\u00fcr yay\u0131nlar gereklidir.\u201d \u0130LBER ORTAYLI \u201cNutuk Kurtulu\u015f Sava\u015f\u0131&#8217;m\u0131z\u0131n ve Cumhuriyet&#8217;in en \u00f6nemli belgesidir. \u00c7ocuklar\u0131m\u0131z bu metni okuyarak b\u00fcy\u00fcmeli.\u201d Z\u00dcLF\u00dc L\u0130VANEL\u0130 \u201cSayg\u0131de\u011fer efendiler, Sizi g\u00fcnlerce al\u0131koyan uzun ve ayr\u0131nt\u0131l\u0131 konu\u015fmam, en sonunda, ge\u00e7mi\u015fte kalm\u0131\u015f bir d\u00f6nemin hik\u00e2yesidir. Bunda, milletim i\u00e7in ve gelecekteki \u00e7ocuklar\u0131m\u0131z i\u00e7in dikkat ve uyan\u0131kl\u0131k sa\u011flayabilecek baz\u0131 noktalar belirtebilmi\u015fsem, kendimi mutlu sayaca\u011f\u0131m. Efendiler, bu konu\u015fmamla, milli hayat\u0131 bitmi\u015f san\u0131lan b\u00fcy\u00fck bir milletin, ba\u011f\u0131ms\u0131zl\u0131\u011f\u0131n\u0131 nas\u0131l kazand\u0131\u011f\u0131n\u0131, bilim ve tekni\u011fin en son esaslar\u0131na dayanan milli ve \u00e7a\u011fda\u015f bir devleti nas\u0131l kurdu\u011funu anlatmaya \u00e7al\u0131\u015ft\u0131m. Bug\u00fcn ula\u015ft\u0131\u011f\u0131m\u0131z sonu\u00e7, y\u00fczy\u0131llardan bu yana \u00e7ekilen milli felaketlerden do\u011fan uyan\u0131\u015f\u0131n ve bu sevgili vatan\u0131n her k\u00f6\u015fesini sulayan kanlar\u0131n bedelidir. Bu sonucu, T\u00fcrk gen\u00e7li\u011fine emanet ediyorum.\u201d MUSTAFA KEMAL ATAT\u00dcRK <\/p>\n","protected":false},"excerpt":{"rendered":"<p>\u201cB\u00fcy\u00fck Atat\u00fcrk\u2019\u00fcn Nutuk eserinin gen\u00e7ler i\u00e7in \u00e7izgi roman halinde sunulma fikri g\u00fczel. Nutuk, Mustafa Kemal Atat\u00fcrk\u2019\u00fcn 1927\u2019de \u0130stiklal Sava\u015f\u0131 ve Cumhuriyet&#8217;in kurulu\u015f y\u0131llar\u0131n\u0131 T\u00fcrkiye B\u00fcy\u00fck Millet<span class=\"excerpt-hellip\"> [\u2026]<\/span><\/p>\n","protected":false},"featured_media":0,"template":"","meta":{"_monsterinsights_skip_tracking":false,"_monsterinsights_sitenote_active":false,"_monsterinsights_sitenote_note":"","_monsterinsights_sitenote_category":0},"product_brand":[],"product_cat":[12416,12291],"product_tag":[],"class_list":{"0":"post-731142","1":"product","2":"type-product","3":"status-publish","5":"product_cat-cizgi-roman","6":"product_cat-edebiyat","7":"pa_cilt-ciltsiz","8":"pa_tur-kitap","9":"pa_yayinevi-dogan-kitap","10":"pa_yazar-mustafa-kemal-ataturk","12":"first","13":"instock","14":"sale","15":"shipping-taxable","16":"purchasable","17":"product-type-simple"},"_links":{"self":[{"href":"https:\/\/roveyayinevi.com.tr\/index.php\/wp-json\/wp\/v2\/product\/731142","targetHints":{"allow":["GET"]}}],"collection":[{"href":"https:\/\/roveyayinevi.com.tr\/index.php\/wp-json\/wp\/v2\/product"}],"about":[{"href":"https:\/\/roveyayinevi.com.tr\/index.php\/wp-json\/wp\/v2\/types\/product"}],"wp:attachment":[{"href":"https:\/\/roveyayinevi.com.tr\/index.php\/wp-json\/wp\/v2\/media?parent=731142"}],"wp:term":[{"taxonomy":"product_brand","embeddable":true,"href":"https:\/\/roveyayinevi.com.tr\/index.php\/wp-json\/wp\/v2\/product_brand?post=731142"},{"taxonomy":"product_cat","embeddable":true,"href":"https:\/\/roveyayinevi.com.tr\/index.php\/wp-json\/wp\/v2\/product_cat?post=731142"},{"taxonomy":"product_tag","embeddable":true,"href":"https:\/\/roveyayinevi.com.tr\/index.php\/wp-json\/wp\/v2\/product_tag?post=731142"}],"curies":[{"name":"wp","href":"https:\/\/api.w.org\/{rel}","templated":true}]}}