{"id":731141,"date":"2025-08-27T21:26:20","date_gmt":"2025-08-27T18:26:20","guid":{"rendered":"https:\/\/roveyayinevi.com.tr\/index.php\/urun\/seruven\/"},"modified":"2026-04-16T02:39:00","modified_gmt":"2026-04-15T23:39:00","slug":"seruven","status":"publish","type":"product","link":"https:\/\/roveyayinevi.com.tr\/index.php\/urun\/seruven\/","title":{"rendered":"Ser\u00fcven"},"content":{"rendered":"<p>\u201cHer \u015fey hayal etmekle ba\u015flam\u0131\u015ft\u0131. 2009, benim i\u00e7in bir k\u0131r\u0131lma y\u0131l\u0131 oldu. Ancak bu ser\u00fcvene ba\u015flamak kolay olmad\u0131. Ben de her klasik T\u00fcrk ailesinin sahip oldu\u011fu belli normlar \u0131\u015f\u0131\u011f\u0131nda b\u00fcy\u00fct\u00fclm\u00fc\u015ft\u00fcm. \u00dcniversiteyi bitir, askerli\u011fini tamamla, g\u00fczel bir i\u015fe gir, evlen, \u00e7ocuk yap ve hayat\u0131na bu ak\u0131\u015fta devam et. Peki ya hayaller?.. Peki ya bu adam\u0131n \u00e7ocuklu\u011funda zihnine kaz\u0131nm\u0131\u015f tutkular\u0131, istekleri?.. Ve sonunda bir \u00e7\u00f6z\u00fcm buldum. Hem hayat\u0131ma devam edecek hem de hayallerimin pe\u015finden ko\u015facakt\u0131m.\u201d  Ser\u00fcven, kurumsal hayatta y\u00f6netici olarak yo\u011fun bir i\u015f temposu i\u00e7inde \u00e7al\u0131\u015f\u0131rken \u201chayallerinin pe\u015finden gitmeye\u201d karar verip kendisini bir yandan da \u00f6nce da\u011flara, sonra yollara vuran, 44 \u00fclke ve 200\u2019\u00fcn \u00fczerinde \u015fehri gezen bir gezginin an\u0131lar\u0131n\u0131 samimi bir dille tuttu\u011fu g\u00fcnl\u00fckler vas\u0131tas\u0131yla sunuyor. Sait Eru\u00e7ar\u2019\u0131n da\u011fc\u0131l\u0131k yolu, T\u00fcrkiye\u2019deki A\u011fr\u0131 Da\u011f\u0131 da dahil pek \u00e7ok da\u011f faaliyetinden \u0130ran\u2019daki Demavend Da\u011f\u0131\u2019na, G\u00fcrcistan\u2019daki Kazbek Da\u011f\u0131\u2019na, \u0130talya\u2019daki Dolomitler Da\u011f\u0131\u2019n\u0131n zorlu rotalar\u0131na, Tanzanya\u2019daki Kilimanjaro\u2019ya ve efsanevi da\u011fc\u0131 Reinhold Messner\u2019le tan\u0131\u015fmaya do\u011fru giden heyecan verici bir yolculu\u011fa uzan\u0131yor.  Tek ba\u015f\u0131na \u00e7\u0131kt\u0131\u011f\u0131 yollarda ise Kuzey\u2019in ve G\u00fcney\u2019in en ucuna gidiyor, \u00fc\u00e7 \u00fclkeyi g\u00f6ren \u015felalelerden ba\u015flayarak Tromso\u2019da dev balinalar\u0131 izliyor, Husky k\u00f6pekleriyle k\u0131zak s\u00fcr\u00fcyor; \u0130zlanda\u2019n\u0131n bal\u0131k\u00e7\u0131 k\u00f6ylerine, Kuzey I\u015f\u0131klar\u0131\u2019na, milyon y\u0131ll\u0131k Perito Moreno Buzullar\u0131\u2019na uzan\u0131yor; Arktik okyanusta kano turu, buzda t\u0131rman\u0131\u015f yap\u0131yor, Eskimolar gibi bal\u0131k tutuyor, Che Guevera\u2019n\u0131n karde\u015fiyle tan\u0131\u015f\u0131yor. Do\u011fan\u0131n bir par\u00e7as\u0131 oldu\u011funu hissetmek i\u00e7in Kuzey Kutup Noktas\u0131\u2019nda kutup ay\u0131lar\u0131n\u0131, ya\u015fam alanlar\u0131nda penguen kolonilerini, foklar\u0131 ve timsahlar\u0131 izliyor; Gr\u00f6nland\u2019da k\u0131zak s\u00fcr\u00fcyor, siyah kumlarda yat\u0131yor, hayalet maden \u015fehirlerine, K\u0131yamet G\u00fcn\u00fc i\u00e7in olu\u015fturulmu\u015f tohum deposuna, Faroe Adalar\u0131\u2019na gidiyor. Yani ba\u015frolde Tabiat Ana\u2019n\u0131n mucizelerinin i\u00e7inde olmak var.  \u00d6te yandan Macchu Picchu\u2019da \u0130nkalar\u0131n izini s\u00fcrerken ve Etiyopya\u2019da tek tek ilkel kabileleri gezip t\u00f6renlerine kat\u0131l\u0131rken insanl\u0131\u011f\u0131n ge\u00e7mi\u015fini de izlemek istiyor.  <\/p>\n","protected":false},"excerpt":{"rendered":"<p>\u201cHer \u015fey hayal etmekle ba\u015flam\u0131\u015ft\u0131. 2009, benim i\u00e7in bir k\u0131r\u0131lma y\u0131l\u0131 oldu. Ancak bu ser\u00fcvene ba\u015flamak kolay olmad\u0131. Ben de her klasik T\u00fcrk ailesinin sahip oldu\u011fu<span class=\"excerpt-hellip\"> [\u2026]<\/span><\/p>\n","protected":false},"featured_media":0,"template":"","meta":{"_monsterinsights_skip_tracking":false,"_monsterinsights_sitenote_active":false,"_monsterinsights_sitenote_note":"","_monsterinsights_sitenote_category":0},"product_brand":[],"product_cat":[13055,13054],"product_tag":[],"class_list":{"0":"post-731141","1":"product","2":"type-product","3":"status-publish","5":"product_cat-gezi-rehberi","6":"product_cat-gezi-ve-rehber-kitaplari","7":"pa_cilt-ciltsiz","8":"pa_tur-kitap","9":"pa_yayinevi-dogan-solibri-yayinlari","10":"pa_yazar-sait-erucar","12":"first","13":"instock","14":"sale","15":"shipping-taxable","16":"purchasable","17":"product-type-simple"},"_links":{"self":[{"href":"https:\/\/roveyayinevi.com.tr\/index.php\/wp-json\/wp\/v2\/product\/731141","targetHints":{"allow":["GET"]}}],"collection":[{"href":"https:\/\/roveyayinevi.com.tr\/index.php\/wp-json\/wp\/v2\/product"}],"about":[{"href":"https:\/\/roveyayinevi.com.tr\/index.php\/wp-json\/wp\/v2\/types\/product"}],"wp:attachment":[{"href":"https:\/\/roveyayinevi.com.tr\/index.php\/wp-json\/wp\/v2\/media?parent=731141"}],"wp:term":[{"taxonomy":"product_brand","embeddable":true,"href":"https:\/\/roveyayinevi.com.tr\/index.php\/wp-json\/wp\/v2\/product_brand?post=731141"},{"taxonomy":"product_cat","embeddable":true,"href":"https:\/\/roveyayinevi.com.tr\/index.php\/wp-json\/wp\/v2\/product_cat?post=731141"},{"taxonomy":"product_tag","embeddable":true,"href":"https:\/\/roveyayinevi.com.tr\/index.php\/wp-json\/wp\/v2\/product_tag?post=731141"}],"curies":[{"name":"wp","href":"https:\/\/api.w.org\/{rel}","templated":true}]}}