{"id":731140,"date":"2025-08-27T21:26:19","date_gmt":"2025-08-27T18:26:19","guid":{"rendered":"https:\/\/roveyayinevi.com.tr\/index.php\/urun\/kardesim-muhammed-ali\/"},"modified":"2026-04-16T02:39:00","modified_gmt":"2026-04-15T23:39:00","slug":"kardesim-muhammed-ali","status":"publish","type":"product","link":"https:\/\/roveyayinevi.com.tr\/index.php\/urun\/kardesim-muhammed-ali\/","title":{"rendered":"Karde\u015fim Muhammed Ali"},"content":{"rendered":"<p>\u201cMuhammed Ali\u2019nin hik\u00e2yesi, tarihin \u00f6nemli bir par\u00e7as\u0131n\u0131 olu\u015fturur. \u0130\u00e7tenlikle s\u00f6yleyebilirim ki, Ali\u2019nin miras\u0131 \u00e7ok uzun s\u00fcre ya\u015fayacak\u2026 umar\u0131m sonsuza kadar.\u201dEfsane sporcuJim BrownCassius Clay olarak d\u00fcnyaya gelen Muhammed Ali, \u015f\u00f6hretinin zirvesindeyken d\u00fcnyan\u0131n en sevilen sporcusuydu. Hakk\u0131nda \u00e7ok \u015fey s\u00f6ylendi, say\u0131s\u0131z yorum yap\u0131ld\u0131, onayland\u0131, alk\u0131\u015fland\u0131. Herkesin konu\u015ftu\u011fu bu b\u00fcy\u00fck boks\u00f6rle ilgili konu\u015fmayan tek bir ki\u015fi oldu: Onu herkesten iyi tan\u0131yan karde\u015fi ve en yak\u0131n dostu Rahman Ali.Cassius ve Rudolph Arnett Clay olarak d\u00fcnyaya gelen bu iki karde\u015f birlikte b\u00fcy\u00fcm\u00fc\u015f, birlikte ya\u015fam\u0131\u015f, birlikte antrenman yapm\u0131\u015f, birlikte yolculuk etmi\u015f, sokakta ve ringde birlikte m\u00fccadele vermi\u015flerdi. Rahman, iyi ve k\u00f6t\u00fc zamanlar\u0131nda Muhammed Ali\u2019nin yan\u0131ndan bir kez olsun ayr\u0131lmam\u0131\u015ft\u0131.Karde\u015fim Muhammed Ali adl\u0131 kitab\u0131nda Rahman Ali, karde\u015fi hakk\u0131nda \u00e7ok iyi bilinen hik\u00e2yeleri de\u011fi\u015fik a\u00e7\u0131lardan ele al\u0131yor, ma\u011frur fakat hayli k\u0131r\u0131lgan bir adam olan Muhammed Ali\u2019yle ilgili \u00e7ok zengin bir tablo \u00e7iziyor.Bir efsaneye i\u00e7eriden bakmak i\u00e7in okuyunuz&#8230;<\/p>\n","protected":false},"excerpt":{"rendered":"<p>\u201cMuhammed Ali\u2019nin hik\u00e2yesi, tarihin \u00f6nemli bir par\u00e7as\u0131n\u0131 olu\u015fturur. \u0130\u00e7tenlikle s\u00f6yleyebilirim ki, Ali\u2019nin miras\u0131 \u00e7ok uzun s\u00fcre ya\u015fayacak\u2026 umar\u0131m sonsuza kadar.\u201dEfsane sporcuJim BrownCassius Clay olarak d\u00fcnyaya gelen<span class=\"excerpt-hellip\"> [\u2026]<\/span><\/p>\n","protected":false},"featured_media":0,"template":"","meta":{"_monsterinsights_skip_tracking":false,"_monsterinsights_sitenote_active":false,"_monsterinsights_sitenote_note":"","_monsterinsights_sitenote_category":0},"product_brand":[],"product_cat":[13946,12304],"product_tag":[],"class_list":{"0":"post-731140","1":"product","2":"type-product","3":"status-publish","5":"product_cat-biyografi-otobiyografi","6":"product_cat-tarih","7":"pa_cilt-ciltsiz","8":"pa_tur-kitap","9":"pa_yayinevi-turkuvaz-kitap","10":"pa_yazar-rahaman-ali-fiaz-rafiq","12":"first","13":"instock","14":"sale","15":"shipping-taxable","16":"purchasable","17":"product-type-simple"},"_links":{"self":[{"href":"https:\/\/roveyayinevi.com.tr\/index.php\/wp-json\/wp\/v2\/product\/731140","targetHints":{"allow":["GET"]}}],"collection":[{"href":"https:\/\/roveyayinevi.com.tr\/index.php\/wp-json\/wp\/v2\/product"}],"about":[{"href":"https:\/\/roveyayinevi.com.tr\/index.php\/wp-json\/wp\/v2\/types\/product"}],"wp:attachment":[{"href":"https:\/\/roveyayinevi.com.tr\/index.php\/wp-json\/wp\/v2\/media?parent=731140"}],"wp:term":[{"taxonomy":"product_brand","embeddable":true,"href":"https:\/\/roveyayinevi.com.tr\/index.php\/wp-json\/wp\/v2\/product_brand?post=731140"},{"taxonomy":"product_cat","embeddable":true,"href":"https:\/\/roveyayinevi.com.tr\/index.php\/wp-json\/wp\/v2\/product_cat?post=731140"},{"taxonomy":"product_tag","embeddable":true,"href":"https:\/\/roveyayinevi.com.tr\/index.php\/wp-json\/wp\/v2\/product_tag?post=731140"}],"curies":[{"name":"wp","href":"https:\/\/api.w.org\/{rel}","templated":true}]}}