{"id":731134,"date":"2025-08-27T21:26:14","date_gmt":"2025-08-27T18:26:14","guid":{"rendered":"https:\/\/roveyayinevi.com.tr\/index.php\/urun\/gokten-dusen-seyler\/"},"modified":"2026-04-16T02:39:00","modified_gmt":"2026-04-15T23:39:00","slug":"gokten-dusen-seyler","status":"publish","type":"product","link":"https:\/\/roveyayinevi.com.tr\/index.php\/urun\/gokten-dusen-seyler\/","title":{"rendered":"G\u00f6kten D\u00fc\u015fen \u015eeyler"},"content":{"rendered":"<p>G\u00f6kten d\u00fc\u015fen bir buz blo\u011fu k\u00fc\u00e7\u00fck Saara\u2019n\u0131n annesinin can\u0131na mal olur.Bir kad\u0131n art arda iki kez piyango ikramiyesini kazan\u0131r.Bir adama be\u015f kez y\u0131ld\u0131r\u0131m \u00e7arpar.B\u00fct\u00fcn bunlar\u0131n bir insan\u0131n ba\u015f\u0131na gelme olas\u0131l\u0131\u011f\u0131 nedir ki \u015fu hayatta? \u0130\u015fte tam da bu nedenle hayatlar\u0131 alt\u00fcst olan bu insanlar, kaderleriyle y\u00fczle\u015fmenin bir yolunu bulmak ad\u0131na bu rastgele olaylar i\u00e7in bir a\u00e7\u0131klama ar\u0131yorlar.Bu kitap, m\u00fcmk\u00fcn imk\u00e2ns\u0131zl\u0131klar\u0131n ve uzak ihtimallerin yak\u0131nl\u0131\u011f\u0131 \u00fczerine, hayata dair bir hik\u00e2ye; zaman, sevginin g\u00fcc\u00fc ve de\u011fi\u015fimin ka\u00e7\u0131n\u0131lmazl\u0131\u011f\u0131 \u00fczerine uzun soluklu bir d\u00fc\u015f\u00fcnce. Finlandiya\u2019n\u0131n en sevilen yazarlar\u0131ndan Selja Ahava\u2019n\u0131n Avrupa Birli\u011fi Edebiyat \u00d6d\u00fcl\u00fc sahibi roman\u0131 G\u00f6kten D\u00fc\u015fen \u015eeyler, d\u00fcnyan\u0131n d\u00f6rt bir yan\u0131nda okurlar\u0131n kalplerine dokunuyor. \u201cBir \u00e7ocu\u011fun bak\u0131\u015f a\u00e7\u0131s\u0131ndan anlat\u0131lan bu hik\u00e2ye, di\u011fer masallar\u0131 geride b\u0131rak\u0131yor&#8230; Katmanl\u0131 ve dokunakl\u0131 bir roman.\u201d -Literary Review\u201cHayat\u0131n gidi\u015fat\u0131n\u0131 belirleyen \u00fcrk\u00fct\u00fcc\u00fc rastlant\u0131sall\u0131k \u00fczerine tuhaf ve d\u00fc\u015f\u00fcnceli bir hik\u00e2ye&#8230; Bu roman g\u00fc\u00e7l\u00fc yazarlar\u0131n basit c\u00fcmlelerle neler yapabilece\u011fine dair iyi bir \u00f6rnek.\u201d -Booklist \u201cEdeb\u00ee bir peri masal\u0131&#8230; So\u011fuk iklimlerde ya\u015fayan insanlar\u0131n, s\u0131cak ocaklar\u0131n etraf\u0131nda anlatacaklar\u0131 hik\u00e2yelere ihtiyac\u0131 var.\u201d -Literary Hub\u201cAhava, karakterlerinin tuhafl\u0131klar\u0131n\u0131 ve roman\u0131n olay \u00f6rg\u00fcs\u00fcndeki rastlant\u0131sall\u0131\u011f\u0131n rol\u00fcn\u00fc \u00f6yle iyi kucakl\u0131yor ki, roman, keder ve yas \u00fczerine bir d\u00fc\u015f\u00fcnceden Paul ThomasAnderson\u2019\u0131n Magnolia\u2019s\u0131ndaki Ricky Jay tonunda bir anlat\u0131ya d\u00f6n\u00fcyor.\u201d -Words Without Borders\u201cG\u00f6kten D\u00fc\u015fen \u015eeyler\u2019in neden AB Edebiyat \u00d6d\u00fcl\u00fc\u2019n\u00fc kazand\u0131\u011f\u0131n\u0131 anlamak zor de\u011fil. Ahava, kesintiye u\u011fram\u0131\u015f hayatlar, par\u00e7alanan kimlikler, keder, anla\u015f\u0131lma arzusu ve insan\u0131n kapanma ihtiyac\u0131 hakk\u0131nda dokunakl\u0131 bir hik\u00e2ye yaratm\u0131\u015f.\u201d -Avrupa Edebiyat A\u011f\u0131\u201cSelja Ahava\u2019n\u0131n sessiz ama davetk\u00e2r roman\u0131 bir peri masal\u0131n\u0131 \u00e7a\u011fr\u0131\u015ft\u0131r\u0131yor&#8230; anlat\u0131 hem hafif hem de \u015fiirsel, saf ve bilge -ger\u00e7ekten harika.\u201d -Neue Z\u00fcrcher Zeitung<\/p>\n","protected":false},"excerpt":{"rendered":"<p>G\u00f6kten d\u00fc\u015fen bir buz blo\u011fu k\u00fc\u00e7\u00fck Saara\u2019n\u0131n annesinin can\u0131na mal olur.Bir kad\u0131n art arda iki kez piyango ikramiyesini kazan\u0131r.Bir adama be\u015f kez y\u0131ld\u0131r\u0131m \u00e7arpar.B\u00fct\u00fcn bunlar\u0131n bir<span class=\"excerpt-hellip\"> [\u2026]<\/span><\/p>\n","protected":false},"featured_media":0,"template":"","meta":{"_monsterinsights_skip_tracking":false,"_monsterinsights_sitenote_active":false,"_monsterinsights_sitenote_note":"","_monsterinsights_sitenote_category":0},"product_brand":[],"product_cat":[12291,12711],"product_tag":[],"class_list":{"0":"post-731134","1":"product","2":"type-product","3":"status-publish","5":"product_cat-edebiyat","6":"product_cat-roman-oyku","7":"pa_cilt-ciltsiz","8":"pa_tur-kitap","9":"pa_yayinevi-timas-yayinlari","10":"pa_yazar-selja-ahava","12":"first","13":"instock","14":"sale","15":"shipping-taxable","16":"purchasable","17":"product-type-simple"},"_links":{"self":[{"href":"https:\/\/roveyayinevi.com.tr\/index.php\/wp-json\/wp\/v2\/product\/731134","targetHints":{"allow":["GET"]}}],"collection":[{"href":"https:\/\/roveyayinevi.com.tr\/index.php\/wp-json\/wp\/v2\/product"}],"about":[{"href":"https:\/\/roveyayinevi.com.tr\/index.php\/wp-json\/wp\/v2\/types\/product"}],"wp:attachment":[{"href":"https:\/\/roveyayinevi.com.tr\/index.php\/wp-json\/wp\/v2\/media?parent=731134"}],"wp:term":[{"taxonomy":"product_brand","embeddable":true,"href":"https:\/\/roveyayinevi.com.tr\/index.php\/wp-json\/wp\/v2\/product_brand?post=731134"},{"taxonomy":"product_cat","embeddable":true,"href":"https:\/\/roveyayinevi.com.tr\/index.php\/wp-json\/wp\/v2\/product_cat?post=731134"},{"taxonomy":"product_tag","embeddable":true,"href":"https:\/\/roveyayinevi.com.tr\/index.php\/wp-json\/wp\/v2\/product_tag?post=731134"}],"curies":[{"name":"wp","href":"https:\/\/api.w.org\/{rel}","templated":true}]}}