{"id":731131,"date":"2025-08-27T21:26:12","date_gmt":"2025-08-27T18:26:12","guid":{"rendered":"https:\/\/roveyayinevi.com.tr\/index.php\/urun\/madalyonun-arka-yuzu\/"},"modified":"2026-04-16T02:39:00","modified_gmt":"2026-04-15T23:39:00","slug":"madalyonun-arka-yuzu","status":"publish","type":"product","link":"https:\/\/roveyayinevi.com.tr\/index.php\/urun\/madalyonun-arka-yuzu\/","title":{"rendered":"Madalyonun Arka Y\u00fcz\u00fc"},"content":{"rendered":"<p>T\u00e2rih, bug\u00fcn\u00fc anlamak ve analiz etmek bak\u0131m\u0131ndan gereken ipu\u00e7lar\u0131n\u0131 bizlere sunar. T\u00e2rih\u00e7i ise, bu ipu\u00e7lar\u0131n\u0131 birle\u015ftirerek, ge\u00e7mi\u015fin \u0131\u015f\u0131\u011f\u0131nda g\u00fcn\u00fcm\u00fcz\u00fc ayd\u0131nlat\u0131r. Ge\u00e7mi\u015fle bug\u00fcn aras\u0131nda gider gelir. Madalyonun Arka Y\u00fcz\u00fc\u2019ne Birinci D\u00fcnya Sava\u015f\u0131 ve \u00c7anakkale cephesi hakk\u0131ndaki yaz\u0131lar\u0131yla ba\u015flayan Cemil Ko\u00e7ak; ard\u0131ndan tek-parti d\u00f6neminin politik tart\u0131\u015fmalar\u0131na de\u011finiyor. Kitab\u0131n ilerleyen b\u00f6l\u00fcmlerinde ise, CHP-devlet b\u00fct\u00fcnle\u015fmesine, tek-partinin otoriterli\u011fine, Serbest F\u0131rka\u2019n\u0131n \u00e2k\u0131betine, Halkevleri tart\u0131\u015fmas\u0131na, h\u00e2l\u00e2 s\u00fcren demiryolu mu, karayolu mu tart\u0131\u015fmalar\u0131na, arada bir yeniden filizlenen u\u00e7ak san\u00e2yi tart\u0131\u015fmalar\u0131na ili\u015fkin analizini okurlarla bulu\u015fturuyor.Yak\u0131n t\u00e2rih alan\u0131ndaki ara\u015ft\u0131rmalar\u0131yla tan\u0131nan Cemil Ko\u00e7ak, Madalyonun Arka Y\u00fcz\u00fc\u2019n\u00fc g\u00f6stermek \u00fczere bir yol haritas\u0131 daha sunuyor. Bu kitap, tek tarafl\u0131 ve \u00e2det\u00e2 ezberlenmi\u015f bir \u00f6yk\u00fcy\u00fc yeniden kuruyor. Ge\u00e7mi\u015fin yaln\u0131zca ge\u00e7mi\u015fte kald\u0131\u011f\u0131n\u0131; \u201cbizim\u201dle art\u0131k bir al\u00e2kas\u0131n\u0131n kalmad\u0131\u011f\u0131n\u0131 d\u00fc\u015f\u00fcnenler varsa e\u011fer; bug\u00fcn\u00fcn ge\u00e7mi\u015fin i\u00e7inde \u015fekillendi\u011fini, yo\u011fruldu\u011funu ve \u201cbiz\u201di ortaya \u00e7\u0131kard\u0131\u011f\u0131n\u0131 hat\u0131rlamal\u0131y\u0131z. Ge\u00e7mi\u015fin g\u00f6lgesinde vey\u00e2 \u0131\u015f\u0131\u011f\u0131nda ya\u015famaya dev\u00e2m ediyoruz \u00e7\u00fcnk\u00fc&#8230;<\/p>\n","protected":false},"excerpt":{"rendered":"<p>T\u00e2rih, bug\u00fcn\u00fc anlamak ve analiz etmek bak\u0131m\u0131ndan gereken ipu\u00e7lar\u0131n\u0131 bizlere sunar. T\u00e2rih\u00e7i ise, bu ipu\u00e7lar\u0131n\u0131 birle\u015ftirerek, ge\u00e7mi\u015fin \u0131\u015f\u0131\u011f\u0131nda g\u00fcn\u00fcm\u00fcz\u00fc ayd\u0131nlat\u0131r. Ge\u00e7mi\u015fle bug\u00fcn aras\u0131nda gider gelir. Madalyonun<span class=\"excerpt-hellip\"> [\u2026]<\/span><\/p>\n","protected":false},"featured_media":0,"template":"","meta":{"_monsterinsights_skip_tracking":false,"_monsterinsights_sitenote_active":false,"_monsterinsights_sitenote_note":"","_monsterinsights_sitenote_category":0},"product_brand":[],"product_cat":[12370,12304],"product_tag":[],"class_list":{"0":"post-731131","1":"product","2":"type-product","3":"status-publish","5":"product_cat-arastirma-inceleme","6":"product_cat-tarih","7":"pa_cilt-ciltsiz","8":"pa_tur-kitap","9":"pa_yayinevi-timas-yayinlari","10":"pa_yazar-cemil-kocak","12":"first","13":"instock","14":"sale","15":"shipping-taxable","16":"purchasable","17":"product-type-simple"},"_links":{"self":[{"href":"https:\/\/roveyayinevi.com.tr\/index.php\/wp-json\/wp\/v2\/product\/731131","targetHints":{"allow":["GET"]}}],"collection":[{"href":"https:\/\/roveyayinevi.com.tr\/index.php\/wp-json\/wp\/v2\/product"}],"about":[{"href":"https:\/\/roveyayinevi.com.tr\/index.php\/wp-json\/wp\/v2\/types\/product"}],"wp:attachment":[{"href":"https:\/\/roveyayinevi.com.tr\/index.php\/wp-json\/wp\/v2\/media?parent=731131"}],"wp:term":[{"taxonomy":"product_brand","embeddable":true,"href":"https:\/\/roveyayinevi.com.tr\/index.php\/wp-json\/wp\/v2\/product_brand?post=731131"},{"taxonomy":"product_cat","embeddable":true,"href":"https:\/\/roveyayinevi.com.tr\/index.php\/wp-json\/wp\/v2\/product_cat?post=731131"},{"taxonomy":"product_tag","embeddable":true,"href":"https:\/\/roveyayinevi.com.tr\/index.php\/wp-json\/wp\/v2\/product_tag?post=731131"}],"curies":[{"name":"wp","href":"https:\/\/api.w.org\/{rel}","templated":true}]}}