{"id":731129,"date":"2025-08-27T21:26:10","date_gmt":"2025-08-27T18:26:10","guid":{"rendered":"https:\/\/roveyayinevi.com.tr\/index.php\/urun\/tahura\/"},"modified":"2026-04-16T02:39:00","modified_gmt":"2026-04-15T23:39:00","slug":"tahura","status":"publish","type":"product","link":"https:\/\/roveyayinevi.com.tr\/index.php\/urun\/tahura\/","title":{"rendered":"Tahura"},"content":{"rendered":"<p>Elinizdeki kitap \u00e7a\u011f\u0131m\u0131zda tasavvufa g\u00f6n\u00fcl vermi\u015f ve sekiz as\u0131rd\u0131r s\u00f6nmeyen Mevlev\u00ee \u00e7era\u011f\u0131n\u0131 d\u00fcnyaya tan\u0131tmaya azmetmi\u015f gayret ve hizmet ehli bir kad\u0131n s\u00fbf\u00eeye, e\u011fitim s\u00fcrecine ve onun zihniyet d\u00fcnyas\u0131na \u0131\u015f\u0131k tutuyor. Mesnev\u00eeh\u00e2n Sertar\u00eek \u015eefik Can Dede\u2019nin rahle-i tedrisinde bulunmu\u015f Hayat Nur Art\u0131ran Han\u0131mefendi ile yap\u0131lan yurt d\u0131\u015f\u0131 ve yurt i\u00e7i r\u00f6portajlar\u0131 kapsayan bu kitap, tasavvuf hayat\u0131n\u0131n merkezinde olan bir kad\u0131n s\u00fbf\u00eenin tecr\u00fcbelerine dair s\u0131ra d\u0131\u015f\u0131 ve ilk elden bilgileri ihtiva ediyor.Hz. Mevl\u00e2n\u00e2\u2019n\u0131n zengin irf\u00e2n d\u00fcnyas\u0131ndan istifade eden H. Nur Art\u0131ran, \u0130slam, din, ibadet, tevhid, vahdet, tasavvuf, tarikat, tekke, Mevlev\u00eelik, Mesnev\u00ee-i \u015eerif, sem\u00e2, musiki, \u0130slam\u2019da kad\u0131n\u0131n yeri, Mevlevilik tarihinde kad\u0131nlar\u0131n konumu, A\u015fk-\u0131 \u0130lah\u00ee, \u0130sl\u00e2m Ahl\u00e2k\u0131, Ramazan-\u0131 \u015eerif, sevgi, muhabbet, merhamet, bar\u0131\u015f gibi pek \u00e7ok \u00f6nemli kavrama a\u00e7\u0131klamalar getirirken verdi\u011fi cevaplar; Hz. Pir\u2019in yolunun, terbiyesinin ve irf\u00e2n\u0131n\u0131n ince detaylar\u0131n\u0131 yans\u0131t\u0131yor. \u015eefik Can Uluslararas\u0131 Mevl\u00e2n\u00e2 E\u011fitim ve K\u00fclt\u00fcr Vakf\u0131\u2019n\u0131n yurt i\u00e7i ve yurt d\u0131\u015f\u0131na uzanan bilimsel, sosyal ve k\u00fclt\u00fcrel faaliyetleri Hz. Mevl\u00e2n\u00e2\u2019ya olan ilginin k\u00fcresel boyutlar\u0131n\u0131 ortaya koymakta. Div\u00e2n-\u0131 Kebir ve Mesnev\u00ee-i \u015eerif\u2019den getirdi\u011fi misaller ve meseller ile \u201ckesrette vahdeti\u201d \u201cikilikte biri\u201d ve \u201cnefsin kar\u015f\u0131s\u0131nda ruhun y\u00fcceli\u011fini\u201d yans\u0131tan cevaplar\u0131yla bu k\u0131ymetli eser bireysel ve toplumsal d\u00fczeyde psikolojik ve sosyolojik sanc\u0131lar \u00e7eken g\u00fcn\u00fcm\u00fcz insan\u0131na maveradan kutsi soluklar ta\u015f\u0131yor. Ayr\u0131ca, bu eser sayesinde Say\u0131n Art\u0131ran\u2019\u0131n \u015eefik Can Dede ile \u201cs\u0131rl\u0131\u201d bulu\u015fmas\u0131 ve dedemizin son yedi y\u0131l\u0131nda bir nevi asistan\u0131 olarak m\u00fc\u015fahede ve tecr\u00fcbe etti\u011fi vakalar\u0131 ilk defa kamuoyu ile payla\u015fmas\u0131 y\u00f6n\u00fcyle \u00e7a\u011fda\u015f tasavvuf tarihine \u00e7ok \u00f6nemli bir not d\u00fc\u015f\u00fclmekte. Sufi Kitap, daha \u00f6nce A\u015fk Bir Davaya Benzer ve Herkes Seni Terk Etse A\u015fk Terk Etmez adl\u0131 eserlerini ne\u015fretti\u011fi Sayg\u0131de\u011fer Hayat Nur Art\u0131ran Han\u0131mefendi\u2019nin k\u00fclliyat\u0131na bir kitap daha eklemenin mutlulu\u011funu ya\u015f\u0131yor. <\/p>\n","protected":false},"excerpt":{"rendered":"<p>Elinizdeki kitap \u00e7a\u011f\u0131m\u0131zda tasavvufa g\u00f6n\u00fcl vermi\u015f ve sekiz as\u0131rd\u0131r s\u00f6nmeyen Mevlev\u00ee \u00e7era\u011f\u0131n\u0131 d\u00fcnyaya tan\u0131tmaya azmetmi\u015f gayret ve hizmet ehli bir kad\u0131n s\u00fbf\u00eeye, e\u011fitim s\u00fcrecine ve onun<span class=\"excerpt-hellip\"> [\u2026]<\/span><\/p>\n","protected":false},"featured_media":0,"template":"","meta":{"_monsterinsights_skip_tracking":false,"_monsterinsights_sitenote_active":false,"_monsterinsights_sitenote_note":"","_monsterinsights_sitenote_category":0},"product_brand":[],"product_cat":[12718,12719,12720],"product_tag":[],"class_list":{"0":"post-731129","1":"product","2":"type-product","3":"status-publish","5":"product_cat-din","6":"product_cat-islam","7":"product_cat-tasavvuf-mezhepler-tarikatlar","8":"pa_cilt-ciltsiz","9":"pa_tur-kitap","10":"pa_yayinevi-sufi-kitap","11":"pa_yazar-h-nur-artiran","13":"first","14":"instock","15":"sale","16":"shipping-taxable","17":"purchasable","18":"product-type-simple"},"_links":{"self":[{"href":"https:\/\/roveyayinevi.com.tr\/index.php\/wp-json\/wp\/v2\/product\/731129","targetHints":{"allow":["GET"]}}],"collection":[{"href":"https:\/\/roveyayinevi.com.tr\/index.php\/wp-json\/wp\/v2\/product"}],"about":[{"href":"https:\/\/roveyayinevi.com.tr\/index.php\/wp-json\/wp\/v2\/types\/product"}],"wp:attachment":[{"href":"https:\/\/roveyayinevi.com.tr\/index.php\/wp-json\/wp\/v2\/media?parent=731129"}],"wp:term":[{"taxonomy":"product_brand","embeddable":true,"href":"https:\/\/roveyayinevi.com.tr\/index.php\/wp-json\/wp\/v2\/product_brand?post=731129"},{"taxonomy":"product_cat","embeddable":true,"href":"https:\/\/roveyayinevi.com.tr\/index.php\/wp-json\/wp\/v2\/product_cat?post=731129"},{"taxonomy":"product_tag","embeddable":true,"href":"https:\/\/roveyayinevi.com.tr\/index.php\/wp-json\/wp\/v2\/product_tag?post=731129"}],"curies":[{"name":"wp","href":"https:\/\/api.w.org\/{rel}","templated":true}]}}