{"id":731127,"date":"2025-08-27T21:26:07","date_gmt":"2025-08-27T18:26:07","guid":{"rendered":"https:\/\/roveyayinevi.com.tr\/index.php\/urun\/osmanlida-bir-yahudi-casus-josef-nasi\/"},"modified":"2026-04-16T02:39:00","modified_gmt":"2026-04-15T23:39:00","slug":"osmanlida-bir-yahudi-casus-josef-nasi","status":"publish","type":"product","link":"https:\/\/roveyayinevi.com.tr\/index.php\/urun\/osmanlida-bir-yahudi-casus-josef-nasi\/","title":{"rendered":"Osmanl\u0131\u2019da Bir Yahudi Casus Josef Nasi"},"content":{"rendered":"<p>De\u011fi\u015fim afs\u0131zd\u0131r, gecikmenin bedeli a\u011f\u0131r.   \u201cJozef Nasi, Dona Gracia\u2019n\u0131n yak\u0131n akrabas\u0131 ve himaye etti\u011fi gen\u00e7. D\u00f6neminde Avrupa bankac\u0131l\u0131\u011f\u0131n\u0131n \u00f6nde gelen isimlerinden olan bu Portekizli Yahudi ailesi her yerde engizisyonun h\u0131\u015fm\u0131na u\u011fram\u0131\u015f Maranoslardan, Avrupa\u2019n\u0131n y\u00f6neticilerini, hatta Saray \u00e7evrelerini \u00e7ok yak\u0131ndan tan\u0131yorlar ve daha ba\u015f\u0131ndan beri g\u00fcvenliklerini Osmanl\u0131 ba\u015fkentinde g\u00f6rm\u00fc\u015fler. II. Selim, Jozef Nasi\u2019nin bilgilerinden ve \u00f6nerilerinden \u00e7ok istifade etmi\u015ftir. Tarihin garip bir tecellisi, M\u00fcsl\u00fcmanlar\u0131n b\u00fcy\u00fck h\u00fck\u00fcmdar\u0131 ve halifesi tan\u0131nm\u0131\u015f Yahudi bankeri Ege\u2019deki Naksos Adas\u0131\u2019na D\u00fck tayin ediyor. Saray\u2019\u0131n i\u00e7inde herkes Jozef Nasi\u2019nin dostu de\u011fil ama padi\u015fah dan\u0131\u015fman\u0131n\u0131n arkas\u0131nda duruyor. Aaron Nommaz\u2019\u0131n bu ilgin\u00e7 roman\u0131 hem tarihi bilgilerin iyi kullan\u0131m\u0131na dayan\u0131yor hem de s\u00fcr\u00fckleyici&#8230;\u201d   \u2013 Prof. Dr. \u0130lber Ortayl\u0131 Osmanl\u0131\u2019n\u0131n okullarda \u00f6\u011fretilmeyen \u00f6v\u00fcn\u00fclecek tarihi. Neden Osmanl\u0131\u2019n\u0131n en g\u00fc\u00e7l\u00fc 5 padi\u015fah\u0131 Avrupa\u2019da yak\u0131lma tehlikesiyle ya\u015fayan Yahudilere kucak a\u00e7t\u0131 ve Nasi\u2019yi davet etti?  Katolik Avrupas\u0131\u2019nda yak\u0131lma tehlikesiyle ya\u015fayan soyda\u015flar\u0131n\u0131 nas\u0131l Osmanl\u0131\u2019da h\u00fcrriyete ta\u015f\u0131d\u0131?  Nasi ile R\u00f6nesans\u2019ta Portekiz, Anvers, Lion, Venedik, Ferrara, Dubrovnik ve      \u0130stanbul saraylar\u0131nda bir gezinti. Bu kahraman hakk\u0131nda yaz\u0131lan ilk ve tek T\u00fcrk\u00e7e eserdir.  Hazin bir hik\u00e2yeydi KANUN\u0130\u2019N\u0130N YAHUD\u0130 BANKER\u0130 DONA GRAC\u0130A. Engizisyondan ka\u00e7\u0131p da Osmanl\u0131 topraklar\u0131na yerle\u015fen ve Kanuni\u2019nin bankerli\u011fine, H\u00fcrrem Sultan\u2019\u0131n ise dostlu\u011funa nail olan Dona Gracia\u2019n\u0131n ya\u015fam\u0131n\u0131 okurken onun geride, \u00fclkesinde b\u0131rakt\u0131\u011f\u0131 ailesinden kimi insanlar\u0131 nas\u0131l bir ak\u0131betin bekledi\u011fi hepimizin zihninde bir soru olarak kalm\u0131\u015ft\u0131. Bu romanda ise Dona Gracia\u2019n\u0131n ye\u011fenlerinden Jozef Nasi\u2019nin, halas\u0131n\u0131n yolundan ilerleyerek ayn\u0131 ama\u00e7 do\u011frultusunda kendisine kucak a\u00e7an Osmanl\u0131 \u00fclkesine yapt\u0131\u011f\u0131 me\u015fakkatli yolculu\u011fun \u00f6yk\u00fcs\u00fcn\u00fc tarihi ger\u00e7ekler \u0131\u015f\u0131\u011f\u0131nda bir solukta okuyacaks\u0131n\u0131z&#8230; <\/p>\n","protected":false},"excerpt":{"rendered":"<p>De\u011fi\u015fim afs\u0131zd\u0131r, gecikmenin bedeli a\u011f\u0131r. \u201cJozef Nasi, Dona Gracia\u2019n\u0131n yak\u0131n akrabas\u0131 ve himaye etti\u011fi gen\u00e7. D\u00f6neminde Avrupa bankac\u0131l\u0131\u011f\u0131n\u0131n \u00f6nde gelen isimlerinden olan bu Portekizli Yahudi ailesi<span class=\"excerpt-hellip\"> [\u2026]<\/span><\/p>\n","protected":false},"featured_media":0,"template":"","meta":{"_monsterinsights_skip_tracking":false,"_monsterinsights_sitenote_active":false,"_monsterinsights_sitenote_note":"","_monsterinsights_sitenote_category":0},"product_brand":[],"product_cat":[12291,12745],"product_tag":[],"class_list":{"0":"post-731127","1":"product","2":"type-product","3":"status-publish","5":"product_cat-edebiyat","6":"product_cat-tarihi-roman","7":"pa_cilt-ciltsiz","8":"pa_tur-kitap","9":"pa_yayinevi-destek-yayinlari","10":"pa_yazar-aaron-nommaz","12":"first","13":"instock","14":"sale","15":"shipping-taxable","16":"purchasable","17":"product-type-simple"},"_links":{"self":[{"href":"https:\/\/roveyayinevi.com.tr\/index.php\/wp-json\/wp\/v2\/product\/731127","targetHints":{"allow":["GET"]}}],"collection":[{"href":"https:\/\/roveyayinevi.com.tr\/index.php\/wp-json\/wp\/v2\/product"}],"about":[{"href":"https:\/\/roveyayinevi.com.tr\/index.php\/wp-json\/wp\/v2\/types\/product"}],"wp:attachment":[{"href":"https:\/\/roveyayinevi.com.tr\/index.php\/wp-json\/wp\/v2\/media?parent=731127"}],"wp:term":[{"taxonomy":"product_brand","embeddable":true,"href":"https:\/\/roveyayinevi.com.tr\/index.php\/wp-json\/wp\/v2\/product_brand?post=731127"},{"taxonomy":"product_cat","embeddable":true,"href":"https:\/\/roveyayinevi.com.tr\/index.php\/wp-json\/wp\/v2\/product_cat?post=731127"},{"taxonomy":"product_tag","embeddable":true,"href":"https:\/\/roveyayinevi.com.tr\/index.php\/wp-json\/wp\/v2\/product_tag?post=731127"}],"curies":[{"name":"wp","href":"https:\/\/api.w.org\/{rel}","templated":true}]}}