{"id":731122,"date":"2025-08-27T21:26:02","date_gmt":"2025-08-27T18:26:02","guid":{"rendered":"https:\/\/roveyayinevi.com.tr\/index.php\/urun\/platonia-ile-bael\/"},"modified":"2026-04-16T02:39:00","modified_gmt":"2026-04-15T23:39:00","slug":"platonia-ile-bael","status":"publish","type":"product","link":"https:\/\/roveyayinevi.com.tr\/index.php\/urun\/platonia-ile-bael\/","title":{"rendered":"Platonia ile Bael"},"content":{"rendered":"<p>Platonia ile Bael seviyorlar birbirlerini, farkl\u0131 diyarlardan gelip bir yuva kuruyorlar birlikte. Evlilik onlar\u0131 ayn\u0131 yerde bulu\u015ftursa da ayr\u0131 bak\u0131yorlar meselelere. Kad\u0131n duygular\u0131na, erkek mant\u0131\u011f\u0131na tutunmu\u015f; \u00e7ekiyor s\u00fcrekli biri kendine di\u011ferini. Evlilik ger\u00e7ekten bu kadar gerilimli mi? Yoksa bilge a\u011fa\u00e7 Gariba \u00f6\u011fretebilir mi ili\u015fkilerdeki ve ya\u015famdaki dengeyi? Gelin, Platonia\u2019n\u0131n n\u00fcktedan ve co\u015fkulu sesine kulak verin! Bir kad\u0131n\u0131n kendine has i\u00e7 \u00e2leminden dinleyin evlilik masal\u0131n\u0131. Gelgitleri, hakl\u0131 veya haks\u0131z t\u00fcm hareketleriyle ya\u015fama bir de onun g\u00f6z\u00fcnden bak\u0131n. Vakit zaten h\u0131zl\u0131 ak\u0131yor biraz ANda kalarak rahatlamaya \u00e7al\u0131\u015f\u0131n\u2026 <\/p>\n","protected":false},"excerpt":{"rendered":"<p>Platonia ile Bael seviyorlar birbirlerini, farkl\u0131 diyarlardan gelip bir yuva kuruyorlar birlikte. Evlilik onlar\u0131 ayn\u0131 yerde bulu\u015ftursa da ayr\u0131 bak\u0131yorlar meselelere. Kad\u0131n duygular\u0131na, erkek mant\u0131\u011f\u0131na tutunmu\u015f;<span class=\"excerpt-hellip\"> [\u2026]<\/span><\/p>\n","protected":false},"featured_media":0,"template":"","meta":{"_monsterinsights_skip_tracking":false,"_monsterinsights_sitenote_active":false,"_monsterinsights_sitenote_note":"","_monsterinsights_sitenote_category":0},"product_brand":[],"product_cat":[18545,12291],"product_tag":[],"class_list":{"0":"post-731122","1":"product","2":"type-product","3":"status-publish","5":"product_cat-anlati","6":"product_cat-edebiyat","7":"pa_cilt-ciltsiz","8":"pa_tur-kitap","9":"pa_yayinevi-profil-kitap","10":"pa_yazar-c-zeynep-karabal","12":"first","13":"instock","14":"sale","15":"shipping-taxable","16":"purchasable","17":"product-type-simple"},"_links":{"self":[{"href":"https:\/\/roveyayinevi.com.tr\/index.php\/wp-json\/wp\/v2\/product\/731122","targetHints":{"allow":["GET"]}}],"collection":[{"href":"https:\/\/roveyayinevi.com.tr\/index.php\/wp-json\/wp\/v2\/product"}],"about":[{"href":"https:\/\/roveyayinevi.com.tr\/index.php\/wp-json\/wp\/v2\/types\/product"}],"wp:attachment":[{"href":"https:\/\/roveyayinevi.com.tr\/index.php\/wp-json\/wp\/v2\/media?parent=731122"}],"wp:term":[{"taxonomy":"product_brand","embeddable":true,"href":"https:\/\/roveyayinevi.com.tr\/index.php\/wp-json\/wp\/v2\/product_brand?post=731122"},{"taxonomy":"product_cat","embeddable":true,"href":"https:\/\/roveyayinevi.com.tr\/index.php\/wp-json\/wp\/v2\/product_cat?post=731122"},{"taxonomy":"product_tag","embeddable":true,"href":"https:\/\/roveyayinevi.com.tr\/index.php\/wp-json\/wp\/v2\/product_tag?post=731122"}],"curies":[{"name":"wp","href":"https:\/\/api.w.org\/{rel}","templated":true}]}}