{"id":731120,"date":"2025-08-27T21:25:59","date_gmt":"2025-08-27T18:25:59","guid":{"rendered":"https:\/\/roveyayinevi.com.tr\/index.php\/urun\/kaybolan-sesler\/"},"modified":"2026-04-16T02:39:00","modified_gmt":"2026-04-15T23:39:00","slug":"kaybolan-sesler","status":"publish","type":"product","link":"https:\/\/roveyayinevi.com.tr\/index.php\/urun\/kaybolan-sesler\/","title":{"rendered":"Kaybolan Sesler"},"content":{"rendered":"<p>Taiap ve Ub\u0131h\u00e7a nadir bir ku\u015f t\u00fcr\u00fc veya \u00f6lmekte olan bir mercan kayal\u0131\u011f\u0131 olsayd\u0131, belki daha fazla insan onlar\u0131n i\u00e7inde bulundu\u011fu durumu bilir ve endi\u015felenirdi. Ancak d\u00fcnyan\u0131n her yerinde bir\u00e7ok benzersiz yerel dil, daha \u00f6nce hi\u00e7 g\u00f6r\u00fclmemi\u015f bir h\u0131zla \u00f6l\u00fcyor. Bunu \u00e7ok az insan biliyor veya \u00f6nemsiyor. Peki, bu seslere ne oldu? Bu kitap dillerin neden ve nas\u0131l yok oldu\u011funun dramatik hik\u00e2yesini anlat\u0131yor\u2026  Kaybolan Sesler, bu gidi\u015fat\u0131n \u00fcrk\u00fct\u00fcc\u00fc olman\u0131n \u00f6tesinde anlamlar ta\u015f\u0131d\u0131\u011f\u0131n\u0131 savunur. Dillerin kaybolmas\u0131 ve \u00e7evre sorunlar\u0131 aras\u0131ndaki ba\u011flant\u0131y\u0131 \u00f6ne \u00e7\u0131kar\u0131r, kaybolan dillerin asl\u0131nda d\u00fcnya \u00e7ap\u0131nda y\u0131k\u0131lmak \u00fczere olan ekosistemin bir par\u00e7as\u0131 oldu\u011funu g\u00f6sterir. Ya\u011fmur ormanlar\u0131 gibi de\u011ferli \u00e7evre kaynaklar\u0131n\u0131 korumak i\u00e7in verilen sava\u015f\u0131n, farkl\u0131 k\u00fclt\u00fcrlerin ayakta kalmas\u0131 i\u00e7in verilen sava\u015ftan ayr\u0131lamayaca\u011f\u0131n\u0131 ve ekolojik y\u0131k\u0131m gibi dil \u00f6l\u00fcm\u00fcn\u00fcn nedenlerinin de ekoloji-politika kav\u015fa\u011f\u0131nda bulunaca\u011f\u0131n\u0131 \u00f6ne s\u00fcrer, \u00e7e\u015fitli \u00e7\u00f6z\u00fcm yollar\u0131 ve stratejiler sunar. Antropolog Daniel Nettle ve Oxford \u00dcniversitesi\u2019nden Suzanne Romaine, d\u00fcnyan\u0131n yok olmakta olan dillerini savunurken \u00f6len dillerin son konu\u015fanlar\u0131na da sayg\u0131lar\u0131n\u0131 sunar. G\u00fcney Carolina\u2019da ya\u015fayan K\u0131z\u0131lderili K\u0131z\u0131l F\u0131rt\u0131na Bulutu, Man dilini 1974\u2019te beraberinde mezara g\u00f6t\u00fcren Ned Mandrell, dilbilimcilerin sesini kaydetmek i\u00e7in T\u00fcrkiye\u2019deki Hac\u0131osman k\u00f6y\u00fcne ak\u0131n etti\u011fi Tevfik Esen\u00e7 gibi isimlere\u2026 E\u011fer bir g\u00fcn dillerin paha bi\u00e7ilmez miras\u0131n\u0131 yok olmaktan kurtarabilirsek, bunda Kaybolan Sesler\u2019in \u00e7ok \u00f6nemli bir pay\u0131 olacak. <\/p>\n","protected":false},"excerpt":{"rendered":"<p>Taiap ve Ub\u0131h\u00e7a nadir bir ku\u015f t\u00fcr\u00fc veya \u00f6lmekte olan bir mercan kayal\u0131\u011f\u0131 olsayd\u0131, belki daha fazla insan onlar\u0131n i\u00e7inde bulundu\u011fu durumu bilir ve endi\u015felenirdi. Ancak<span class=\"excerpt-hellip\"> [\u2026]<\/span><\/p>\n","protected":false},"featured_media":0,"template":"","meta":{"_monsterinsights_skip_tracking":false,"_monsterinsights_sitenote_active":false,"_monsterinsights_sitenote_note":"","_monsterinsights_sitenote_category":0},"product_brand":[],"product_cat":[20225,12291],"product_tag":[],"class_list":{"0":"post-731120","1":"product","2":"type-product","3":"status-publish","5":"product_cat-dil-bilim","6":"product_cat-edebiyat","7":"pa_cilt-ciltsiz","8":"pa_tur-kitap","9":"pa_yayinevi-profil-kitap","10":"pa_yazar-daniel-nettle-suzanne-romaine","12":"first","13":"instock","14":"sale","15":"shipping-taxable","16":"purchasable","17":"product-type-simple"},"_links":{"self":[{"href":"https:\/\/roveyayinevi.com.tr\/index.php\/wp-json\/wp\/v2\/product\/731120","targetHints":{"allow":["GET"]}}],"collection":[{"href":"https:\/\/roveyayinevi.com.tr\/index.php\/wp-json\/wp\/v2\/product"}],"about":[{"href":"https:\/\/roveyayinevi.com.tr\/index.php\/wp-json\/wp\/v2\/types\/product"}],"wp:attachment":[{"href":"https:\/\/roveyayinevi.com.tr\/index.php\/wp-json\/wp\/v2\/media?parent=731120"}],"wp:term":[{"taxonomy":"product_brand","embeddable":true,"href":"https:\/\/roveyayinevi.com.tr\/index.php\/wp-json\/wp\/v2\/product_brand?post=731120"},{"taxonomy":"product_cat","embeddable":true,"href":"https:\/\/roveyayinevi.com.tr\/index.php\/wp-json\/wp\/v2\/product_cat?post=731120"},{"taxonomy":"product_tag","embeddable":true,"href":"https:\/\/roveyayinevi.com.tr\/index.php\/wp-json\/wp\/v2\/product_tag?post=731120"}],"curies":[{"name":"wp","href":"https:\/\/api.w.org\/{rel}","templated":true}]}}