{"id":731118,"date":"2025-08-27T21:25:57","date_gmt":"2025-08-27T18:25:57","guid":{"rendered":"https:\/\/roveyayinevi.com.tr\/index.php\/urun\/sanat-dunyamiz-182-mayis-haziran-2021\/"},"modified":"2026-04-16T02:39:00","modified_gmt":"2026-04-15T23:39:00","slug":"sanat-dunyamiz-182-mayis-haziran-2021","status":"publish","type":"product","link":"https:\/\/roveyayinevi.com.tr\/index.php\/urun\/sanat-dunyamiz-182-mayis-haziran-2021\/","title":{"rendered":"Sanat D\u00fcnyam\u0131z 182 &#8211; May\u0131s, Haziran 2021"},"content":{"rendered":"<p>Sanat D\u00fcnyam\u0131z dergisinin 182. say\u0131s\u0131 yay\u0131mland\u0131. Dergi bu say\u0131da son d\u00f6nem sanat \u00fcretimine yak\u0131ndan bak\u0131yor ve sergi de\u011ferlendirmelerine geni\u015f yer ay\u0131r\u0131yor. Derginin kapa\u011f\u0131nda yazar, \u015fair, ressam Etel Adnan\u2019\u0131n Pera M\u00fczesi\u2019nde ger\u00e7ekle\u015fen \u201c\u0130mk\u00e2ns\u0131z Eve D\u00f6n\u00fc\u015f\u201d sergisine yer veriliyor. Bu sergi vesilesiyle sanat\u00e7\u0131 \u00fczerine yaz\u0131lm\u0131\u015f kapsaml\u0131 bir yaz\u0131 okurlar\u0131 kar\u015f\u0131l\u0131yor. Emre H\u00fcner, Arter\u2019de s\u00fcren ki\u015fisel sergisi \u201c[ELEKTRO\u0130ZOLASYON]: Bilinmeyen Parametre Kay\u0131t-D\u0131\u015f\u0131\u201d hakk\u0131nda \u00d6zlem Altunok\u2019a verdi\u011fi geni\u015f bir s\u00f6yle\u015fiyle dergide. Meh\u015fer\u2019deki \u201cM\u00e2ziyi Korumak: Sadberk Han\u0131m M\u00fczesi&#8217;nden Bir Se\u00e7ki\u201d, Protocinema\u2019daki \u201cG\u00f6ze Parmak\u201d, Depo \u0130stanbul\u2019daki \u201cTempo Incognito: Ak\u0131\u015flar, Ritim ve Hareket \u00dczerine\u201d, Mixer Arts\u2019taki \u201cOla\u011fan\u00fcst\u00fc Denklikler, \u0130nce Benzerlikler\u201d ve Senkron, bu say\u0131da de\u011ferlendirmeleri detayl\u0131 olarak yer alan sergiler, etkinlikler aras\u0131nda. Eda \u00c7ekil, \u015eafak \u015eule Kemanc\u0131 ve G\u00f6k\u00e7en Cabadan\u2019\u0131n ki\u015fisel sergileri vesilesiyle sanat pratiklerine yak\u0131ndan bakan birer yaz\u0131 da okurlar\u0131 bekliyor. \u0130lker Hepkaner ise, pop\u00fcler k\u00fclt\u00fcr \u00fczerinden 80\u2019lere kuir bir bak\u0131\u015f y\u00f6neltti\u011fi yaz\u0131s\u0131yla dergide yer al\u0131yor. S\u00fcreyyya Evren, ge\u00e7ti\u011fimiz say\u0131da sonlanan A\u00e7\u0131klaya A\u00e7\u0131klaya Sanat serisinin ard\u0131ndan bu say\u0131da Sarmal Senaryolar adl\u0131 serisinin ilk yaz\u0131s\u0131yla okurlarla bulu\u015fuyor. Sanat\u00e7\u0131 Huo Rf\u2019nin ba\u015flatt\u0131\u011f\u0131 yeni seri Hisler\/Rastlant\u0131lar\/Kesi\u015fmeler\u2019in ikinci s\u00f6yle\u015fisinde ise Marina Papazyan ve Kerem Ozan Bayraktar \u201cKorku\u201d \u00fczerine d\u00fc\u015f\u00fcncelerini, pratiklerinin kesi\u015fti\u011fi noktalar\u0131 anlat\u0131yor. Sanat D\u00fcnyam\u0131z\u2019\u0131n her say\u0131da bir sanat\u00e7\u0131n\u0131n okumay\u0131, izlemeyi, dinlemeyi, g\u00f6rmeyi planlad\u0131klar\u0131na yer verdi\u011fi Ajanda b\u00f6l\u00fcm\u00fcnde bu say\u0131da sanat\u00e7\u0131 \u0130nci Eviner ajandas\u0131nda yer alanlar\u0131 payla\u015f\u0131yor. Sanat D\u00fcnyam\u0131z\u2019\u0131n bu say\u0131s\u0131ndan itibaren yay\u0131n dan\u0131\u015fmanlar\u0131 da yenileniyor. Derginin yeni yay\u0131n dan\u0131\u015fmanlar\u0131 Fulya Erdemci, G\u00fcven Turan, Hera B\u00fcy\u00fckta\u015f\u00e7\u0131yan, Kevser G\u00fcler, Mine Haydaro\u011flu ve Zeyno Pek\u00fcnl\u00fc\u2019den olu\u015fuyor. <\/p>\n","protected":false},"excerpt":{"rendered":"<p>Sanat D\u00fcnyam\u0131z dergisinin 182. say\u0131s\u0131 yay\u0131mland\u0131. Dergi bu say\u0131da son d\u00f6nem sanat \u00fcretimine yak\u0131ndan bak\u0131yor ve sergi de\u011ferlendirmelerine geni\u015f yer ay\u0131r\u0131yor. Derginin kapa\u011f\u0131nda yazar, \u015fair, ressam<span class=\"excerpt-hellip\"> [\u2026]<\/span><\/p>\n","protected":false},"featured_media":0,"template":"","meta":{"_monsterinsights_skip_tracking":false,"_monsterinsights_sitenote_active":false,"_monsterinsights_sitenote_note":"","_monsterinsights_sitenote_category":0},"product_brand":[],"product_cat":[13527],"product_tag":[],"class_list":{"0":"post-731118","1":"product","2":"type-product","3":"status-publish","5":"product_cat-sureli-yayinlar","6":"pa_cilt-ciltsiz","7":"pa_tur-dergi","8":"pa_yayinevi-yapi-kredi-yayinlari-dergi","9":"pa_yazar-yapi-kredi-yayinlari-dergi-kolektif","11":"first","12":"instock","13":"sale","14":"shipping-taxable","15":"purchasable","16":"product-type-simple"},"_links":{"self":[{"href":"https:\/\/roveyayinevi.com.tr\/index.php\/wp-json\/wp\/v2\/product\/731118","targetHints":{"allow":["GET"]}}],"collection":[{"href":"https:\/\/roveyayinevi.com.tr\/index.php\/wp-json\/wp\/v2\/product"}],"about":[{"href":"https:\/\/roveyayinevi.com.tr\/index.php\/wp-json\/wp\/v2\/types\/product"}],"wp:attachment":[{"href":"https:\/\/roveyayinevi.com.tr\/index.php\/wp-json\/wp\/v2\/media?parent=731118"}],"wp:term":[{"taxonomy":"product_brand","embeddable":true,"href":"https:\/\/roveyayinevi.com.tr\/index.php\/wp-json\/wp\/v2\/product_brand?post=731118"},{"taxonomy":"product_cat","embeddable":true,"href":"https:\/\/roveyayinevi.com.tr\/index.php\/wp-json\/wp\/v2\/product_cat?post=731118"},{"taxonomy":"product_tag","embeddable":true,"href":"https:\/\/roveyayinevi.com.tr\/index.php\/wp-json\/wp\/v2\/product_tag?post=731118"}],"curies":[{"name":"wp","href":"https:\/\/api.w.org\/{rel}","templated":true}]}}