{"id":731115,"date":"2025-08-27T21:25:54","date_gmt":"2025-08-27T18:25:54","guid":{"rendered":"https:\/\/roveyayinevi.com.tr\/index.php\/urun\/sizofreni-uzerine\/"},"modified":"2026-04-16T02:39:00","modified_gmt":"2026-04-15T23:39:00","slug":"sizofreni-uzerine","status":"publish","type":"product","link":"https:\/\/roveyayinevi.com.tr\/index.php\/urun\/sizofreni-uzerine\/","title":{"rendered":"\u015eizofreni \u00dczerine"},"content":{"rendered":"<p>Graywolf Press Kurgu D\u0131\u015f\u0131 Yaz\u0131n \u00d6d\u00fcl\u00fcn\u00fc ve Whiting \u00d6d\u00fcl\u00fcn\u00fc alan, Ak\u0131l Sa\u011fl\u0131\u011f\u0131na Dair G\u00fc\u00e7l\u00fc, Etkileyici Denemeler   Cennetin S\u0131n\u0131r\u0131 adl\u0131 roman\u0131yla b\u00fcy\u00fck yank\u0131 uyand\u0131ran \u00f6d\u00fcll\u00fc yazar Esm\u00e9 Weijun Wang, New York Times \u00c7oksatanlar listesine giren \u015eizofreni \u00dczerine\u2019de kendi deneyimlerinden yola \u00e7\u0131karak \u015fizofreniye dair kapsaml\u0131 bir ara\u015ft\u0131rma sunuyor. D\u00fcr\u00fcst ve \u00e7arp\u0131c\u0131 anlat\u0131m\u0131yla, merak eden herkese bu gizemli d\u00fcnyan\u0131n kap\u0131lar\u0131n\u0131 a\u00e7\u0131yor.   &#8220;Etkisinden kurtulamayaca\u011f\u0131n\u0131z, devrim niteli\u011finde bir eser.&#8221; Publishers Weekly   &#8220;Berrak. \u00dcz\u00fcc\u00fc ve i\u00e7ten.&#8221; Star Tribune   &#8220;Hastal\u0131klar\u0131n, \u00f6zellikle de ak\u0131l hastal\u0131klar\u0131n\u0131n g\u00fc\u00e7l\u00fckleri \u00fczerine harika bir rehber. Kendi tan\u0131lar\u0131n\u0131 anlamaya \u00e7al\u0131\u015fan insanlara umut verecek.&#8221; Meghan O\u2019Rourke   &#8220;Her bir deneme, ak\u0131l hastal\u0131\u011f\u0131yla ya\u015fayan bir kad\u0131n\u0131n canl\u0131 bir portresini \u00e7iziyor. Wang\u2019in ak\u0131llardan \u00e7\u0131kmayacak g\u00fczellikteki yaz\u0131n\u0131yla bu derleme, edebiyat d\u00fcnyas\u0131nda kendisine sa\u011flam bir yer ediniyor.&#8221; Glamour   &#8220;Hem bilimsel hem de \u015fiirsel sesiyle Wang, travma sonras\u0131 stres bozuklu\u011fu ve Lyme hastal\u0131\u011f\u0131n\u0131n yan\u0131 s\u0131ra kendisine konulan yeni tan\u0131y\u0131, okuru b\u00fcy\u00fcleyen, ayd\u0131nlatan bir incelik ve a\u00e7\u0131ks\u00f6zl\u00fcl\u00fckle inceliyor.&#8221; The Week   &#8220;Wang kaleme ald\u0131\u011f\u0131 13 denemede daha \u00f6nce y\u00fcr\u00fcnmemi\u015f yollarda size e\u015flik ediyor. \u015eizofreni \u00dczerine  zekice yaz\u0131lm\u0131\u015f, beklenmeyecek derecede e\u011flenceli, sorgulayan, korkusuz ve e\u015fsiz bir eser.&#8221; Los Angeles Times <\/p>\n","protected":false},"excerpt":{"rendered":"<p>Graywolf Press Kurgu D\u0131\u015f\u0131 Yaz\u0131n \u00d6d\u00fcl\u00fcn\u00fc ve Whiting \u00d6d\u00fcl\u00fcn\u00fc alan, Ak\u0131l Sa\u011fl\u0131\u011f\u0131na Dair G\u00fc\u00e7l\u00fc, Etkileyici Denemeler Cennetin S\u0131n\u0131r\u0131 adl\u0131 roman\u0131yla b\u00fcy\u00fck yank\u0131 uyand\u0131ran \u00f6d\u00fcll\u00fc yazar Esm\u00e9<span class=\"excerpt-hellip\"> [\u2026]<\/span><\/p>\n","protected":false},"featured_media":0,"template":"","meta":{"_monsterinsights_skip_tracking":false,"_monsterinsights_sitenote_active":false,"_monsterinsights_sitenote_note":"","_monsterinsights_sitenote_category":0},"product_brand":[],"product_cat":[12777,12291],"product_tag":[],"class_list":{"0":"post-731115","1":"product","2":"type-product","3":"status-publish","5":"product_cat-deneme","6":"product_cat-edebiyat","7":"pa_cilt-ciltsiz","8":"pa_tur-kitap","9":"pa_yayinevi-bilgi-yayinevi","10":"pa_yazar-esme-weijun-wang","12":"first","13":"instock","14":"sale","15":"shipping-taxable","16":"purchasable","17":"product-type-simple"},"_links":{"self":[{"href":"https:\/\/roveyayinevi.com.tr\/index.php\/wp-json\/wp\/v2\/product\/731115","targetHints":{"allow":["GET"]}}],"collection":[{"href":"https:\/\/roveyayinevi.com.tr\/index.php\/wp-json\/wp\/v2\/product"}],"about":[{"href":"https:\/\/roveyayinevi.com.tr\/index.php\/wp-json\/wp\/v2\/types\/product"}],"wp:attachment":[{"href":"https:\/\/roveyayinevi.com.tr\/index.php\/wp-json\/wp\/v2\/media?parent=731115"}],"wp:term":[{"taxonomy":"product_brand","embeddable":true,"href":"https:\/\/roveyayinevi.com.tr\/index.php\/wp-json\/wp\/v2\/product_brand?post=731115"},{"taxonomy":"product_cat","embeddable":true,"href":"https:\/\/roveyayinevi.com.tr\/index.php\/wp-json\/wp\/v2\/product_cat?post=731115"},{"taxonomy":"product_tag","embeddable":true,"href":"https:\/\/roveyayinevi.com.tr\/index.php\/wp-json\/wp\/v2\/product_tag?post=731115"}],"curies":[{"name":"wp","href":"https:\/\/api.w.org\/{rel}","templated":true}]}}