{"id":731112,"date":"2025-08-27T21:25:51","date_gmt":"2025-08-27T18:25:51","guid":{"rendered":"https:\/\/roveyayinevi.com.tr\/index.php\/urun\/kimse-beni-gormuyor\/"},"modified":"2026-04-16T02:39:00","modified_gmt":"2026-04-15T23:39:00","slug":"kimse-beni-gormuyor","status":"publish","type":"product","link":"https:\/\/roveyayinevi.com.tr\/index.php\/urun\/kimse-beni-gormuyor\/","title":{"rendered":"Kimse Beni G\u00f6rm\u00fcyor"},"content":{"rendered":"<p>Okulun en pop\u00fcler k\u0131zlar\u0131ndan biri olan on bir ya\u015f\u0131ndaki Defne, botanik bah\u00e7esinde ba\u015f\u0131na gelenlerden sonra, bir gecede aniden g\u00f6r\u00fcnmez oluyor. Anne-babas\u0131n\u0131n bo\u015fanma haberi ve g\u00f6r\u00fcnt\u00fcs\u00fcn\u00fcn yery\u00fcz\u00fcnden tamamen silinmesiyle, Defne\u2019nin ya\u015fam\u0131 \u00e2deta alt\u00fcst oluyor.   Ger\u00e7ekte nas\u0131l biri oldu\u011funu, okulda yapt\u0131\u011f\u0131 zorbal\u0131klar\u0131, arkada\u015fl\u0131klar\u0131n\u0131 sorgulamak ve sand\u0131\u011f\u0131n\u0131n i\u00e7indeki as\u0131l Defne\u2019yi bulmak i\u00e7in \u00e7\u0131kt\u0131\u011f\u0131 bu derin yolculukta ona e\u015flik eden herkes, hik\u00e2yesinde kendinden bir \u015feyler bulacak&#8230; <\/p>\n","protected":false},"excerpt":{"rendered":"<p>Okulun en pop\u00fcler k\u0131zlar\u0131ndan biri olan on bir ya\u015f\u0131ndaki Defne, botanik bah\u00e7esinde ba\u015f\u0131na gelenlerden sonra, bir gecede aniden g\u00f6r\u00fcnmez oluyor. Anne-babas\u0131n\u0131n bo\u015fanma haberi ve g\u00f6r\u00fcnt\u00fcs\u00fcn\u00fcn yery\u00fcz\u00fcnden<span class=\"excerpt-hellip\"> [\u2026]<\/span><\/p>\n","protected":false},"featured_media":0,"template":"","meta":{"_monsterinsights_skip_tracking":false,"_monsterinsights_sitenote_active":false,"_monsterinsights_sitenote_note":"","_monsterinsights_sitenote_category":0},"product_brand":[],"product_cat":[12275,12274],"product_tag":[],"class_list":{"0":"post-731112","1":"product","2":"type-product","3":"status-publish","5":"product_cat-6-12-yas-kitaplari","6":"product_cat-cocuk-ve-genclik-kitaplari","7":"pa_cilt-ciltsiz","8":"pa_tur-kitap","9":"pa_yayinevi-ithaki-yayinlari","10":"pa_yazar-zeynep-alpaslan","12":"first","13":"instock","14":"sale","15":"shipping-taxable","16":"purchasable","17":"product-type-simple"},"_links":{"self":[{"href":"https:\/\/roveyayinevi.com.tr\/index.php\/wp-json\/wp\/v2\/product\/731112","targetHints":{"allow":["GET"]}}],"collection":[{"href":"https:\/\/roveyayinevi.com.tr\/index.php\/wp-json\/wp\/v2\/product"}],"about":[{"href":"https:\/\/roveyayinevi.com.tr\/index.php\/wp-json\/wp\/v2\/types\/product"}],"wp:attachment":[{"href":"https:\/\/roveyayinevi.com.tr\/index.php\/wp-json\/wp\/v2\/media?parent=731112"}],"wp:term":[{"taxonomy":"product_brand","embeddable":true,"href":"https:\/\/roveyayinevi.com.tr\/index.php\/wp-json\/wp\/v2\/product_brand?post=731112"},{"taxonomy":"product_cat","embeddable":true,"href":"https:\/\/roveyayinevi.com.tr\/index.php\/wp-json\/wp\/v2\/product_cat?post=731112"},{"taxonomy":"product_tag","embeddable":true,"href":"https:\/\/roveyayinevi.com.tr\/index.php\/wp-json\/wp\/v2\/product_tag?post=731112"}],"curies":[{"name":"wp","href":"https:\/\/api.w.org\/{rel}","templated":true}]}}