{"id":731109,"date":"2025-08-27T21:25:48","date_gmt":"2025-08-27T18:25:48","guid":{"rendered":"https:\/\/roveyayinevi.com.tr\/index.php\/urun\/beklenmeyene-yazilar\/"},"modified":"2026-04-16T02:39:00","modified_gmt":"2026-04-15T23:39:00","slug":"beklenmeyene-yazilar","status":"publish","type":"product","link":"https:\/\/roveyayinevi.com.tr\/index.php\/urun\/beklenmeyene-yazilar\/","title":{"rendered":"Beklenmeyen(e) Yaz\u0131lar"},"content":{"rendered":"<p>Beklenmeyen(e) Yaz\u0131lar\u2019da Zeynep \u00d6zy\u0131lmazel bu y\u00fczy\u0131la damgas\u0131n\u0131 vuran beklenmeyen pandemi d\u00f6neminde tarihe iz b\u0131rakacak \u00f6z hesapla\u015fmalar\u0131yla dolu yaz\u0131lar kaleme alm\u0131\u015ft\u0131r. S\u00fcre\u00e7te hayat\u0131 dinleyip mesaj\u0131n\u0131 anlamaya \u00e7al\u0131\u015fm\u0131\u015f, de\u011fi\u015fmi\u015f, d\u00f6n\u00fc\u015fm\u00fc\u015f ve bunu t\u00fcm \u00e7\u0131plakl\u0131\u011f\u0131 ile de bizimle payla\u015fm\u0131\u015ft\u0131r. Sayfalar\u0131nda bazen kendisine, bazen hayata bazen de o beklenmeyen ki\u015fiye seslenmi\u015ftir. G\u00fcn\u00fc, g\u00fcndemi, d\u00fcnyay\u0131 ve kendisini, de\u011fi\u015fen ruh h\u00e2lini, kalbini s\u00f6zc\u00fcklerle ifade etmekle kalmam\u0131\u015f, bunlara foto\u011fraflarla da ruh vermi\u015ftir. \u00dcstelik bu kadar da de\u011fil! Her yaz\u0131n\u0131n sonundaki g\u00fcn\u00fcn \u015fiiri, g\u00fcn\u00fcn \u015fark\u0131s\u0131 se\u00e7kilerini de sayfalar aras\u0131ndan duyacaks\u0131n\u0131z.   S\u00f6zc\u00fcklerin ta\u015f\u0131yabildiklerini, kadraja s\u0131\u011fanlarla y\u00fcre\u011fe s\u0131\u011fmayanlar\u0131 bir araya getirip harmanlayan \u00d6zy\u0131lmazel, sadece kendi ruhunu de\u011fil, okuyan\u0131n ruhunu da sanatla sarmaya te\u015fvik ediyor. D\u00f6nemin hapsinde insan\u0131n ruhunun ilac\u0131n\u0131n yine sanat oldu\u011funu alt\u0131n\u0131 \u00e7ize \u00e7ize g\u00f6steriyor. Sayfalarda her ne kadar Zeynep \u00d6zy\u0131lmazel g\u00fcncesi olsa da bu kitapta bahsedilen asl\u0131nda hepimizin hayat\u0131. Siz de kahveniz e\u015fli\u011finde okuyaca\u011f\u0131n\u0131z sat\u0131rlarda, \u201ci\u015fte bu benim hayat\u0131m\u201d diyeceksiniz\u2026   Bak sana ne diyece\u011fim? Gel sen kendinin en iyi arkada\u015f\u0131, kendi kendinin g\u00fcvenli liman\u0131 ol! Kendini ger\u00e7ekten g\u00f6r. T\u00fcm de\u011ferlerini, defolar\u0131n\u0131 bil. Kendini \u00e7ok iyi tan\u0131. Kendine yet.   S\u0131n\u0131rlar\u0131n\u0131 \u00f6\u011fren. S\u0131n\u0131rs\u0131zl\u0131\u011f\u0131n\u0131 fark et. D\u00fc\u015f\u00fcn. Yarat. Yap, boz, bir daha yap. Sen be\u011fenene, sen mutlu olana kadar tekrar tekrar dene. Ne demi\u015fti hat\u0131rl\u0131yor musun? \u201cKendinin keyfini s\u00fcr!\u201d <\/p>\n","protected":false},"excerpt":{"rendered":"<p>Beklenmeyen(e) Yaz\u0131lar\u2019da Zeynep \u00d6zy\u0131lmazel bu y\u00fczy\u0131la damgas\u0131n\u0131 vuran beklenmeyen pandemi d\u00f6neminde tarihe iz b\u0131rakacak \u00f6z hesapla\u015fmalar\u0131yla dolu yaz\u0131lar kaleme alm\u0131\u015ft\u0131r. S\u00fcre\u00e7te hayat\u0131 dinleyip mesaj\u0131n\u0131 anlamaya \u00e7al\u0131\u015fm\u0131\u015f,<span class=\"excerpt-hellip\"> [\u2026]<\/span><\/p>\n","protected":false},"featured_media":0,"template":"","meta":{"_monsterinsights_skip_tracking":false,"_monsterinsights_sitenote_active":false,"_monsterinsights_sitenote_note":"","_monsterinsights_sitenote_category":0},"product_brand":[],"product_cat":[13701,12291],"product_tag":[],"class_list":{"0":"post-731109","1":"product","2":"type-product","3":"status-publish","5":"product_cat-ani-mektup-gunluk","6":"product_cat-edebiyat","7":"pa_cilt-ciltsiz","8":"pa_tur-kitap","9":"pa_yayinevi-muptela-yayinevi","10":"pa_yazar-zeynep-ozyilmazel","12":"first","13":"instock","14":"sale","15":"shipping-taxable","16":"purchasable","17":"product-type-simple"},"_links":{"self":[{"href":"https:\/\/roveyayinevi.com.tr\/index.php\/wp-json\/wp\/v2\/product\/731109","targetHints":{"allow":["GET"]}}],"collection":[{"href":"https:\/\/roveyayinevi.com.tr\/index.php\/wp-json\/wp\/v2\/product"}],"about":[{"href":"https:\/\/roveyayinevi.com.tr\/index.php\/wp-json\/wp\/v2\/types\/product"}],"wp:attachment":[{"href":"https:\/\/roveyayinevi.com.tr\/index.php\/wp-json\/wp\/v2\/media?parent=731109"}],"wp:term":[{"taxonomy":"product_brand","embeddable":true,"href":"https:\/\/roveyayinevi.com.tr\/index.php\/wp-json\/wp\/v2\/product_brand?post=731109"},{"taxonomy":"product_cat","embeddable":true,"href":"https:\/\/roveyayinevi.com.tr\/index.php\/wp-json\/wp\/v2\/product_cat?post=731109"},{"taxonomy":"product_tag","embeddable":true,"href":"https:\/\/roveyayinevi.com.tr\/index.php\/wp-json\/wp\/v2\/product_tag?post=731109"}],"curies":[{"name":"wp","href":"https:\/\/api.w.org\/{rel}","templated":true}]}}