{"id":731108,"date":"2025-08-27T21:25:47","date_gmt":"2025-08-27T18:25:47","guid":{"rendered":"https:\/\/roveyayinevi.com.tr\/index.php\/urun\/kontrollu-patlama\/"},"modified":"2026-04-16T02:39:00","modified_gmt":"2026-04-15T23:39:00","slug":"kontrollu-patlama","status":"publish","type":"product","link":"https:\/\/roveyayinevi.com.tr\/index.php\/urun\/kontrollu-patlama\/","title":{"rendered":"Kontroll\u00fc Patlama"},"content":{"rendered":"<p>yasl\u0131 ve tedirgin de\u011filiz ayn\u0131 gemide de\u011filiz iyice keskinle\u015fmi\u015f, ge\u00e7i\u015ftirilmi\u015f o ses bize nas\u0131lsa ula\u015f\u0131r. da\u011f\u0131lm\u0131\u015f izmaritlerin teneke kutular\u0131n erkeklerin her yere kan s\u0131\u00e7ratt\u0131\u011f\u0131 hayat\u0131n erkeklerin ve hayat\u0131n -belirtili isim tamlamas\u0131- ve seyyar tuvaletlerin karak\u00f6y altge\u00e7idinde korktu\u011fum \u00e7ocuklar\u0131n korkuttu\u011fum evsizlerin i\u00e7inden ayn\u0131 saatte hi\u00e7 a\u015f\u0131nmadan. <\/p>\n","protected":false},"excerpt":{"rendered":"<p>yasl\u0131 ve tedirgin de\u011filiz ayn\u0131 gemide de\u011filiz iyice keskinle\u015fmi\u015f, ge\u00e7i\u015ftirilmi\u015f o ses bize nas\u0131lsa ula\u015f\u0131r. da\u011f\u0131lm\u0131\u015f izmaritlerin teneke kutular\u0131n erkeklerin her yere kan s\u0131\u00e7ratt\u0131\u011f\u0131 hayat\u0131n erkeklerin<span class=\"excerpt-hellip\"> [\u2026]<\/span><\/p>\n","protected":false},"featured_media":0,"template":"","meta":{"_monsterinsights_skip_tracking":false,"_monsterinsights_sitenote_active":false,"_monsterinsights_sitenote_note":"","_monsterinsights_sitenote_category":0},"product_brand":[],"product_cat":[12291,12509],"product_tag":[],"class_list":{"0":"post-731108","1":"product","2":"type-product","3":"status-publish","5":"product_cat-edebiyat","6":"product_cat-siir","7":"pa_cilt-ciltsiz","8":"pa_tur-kitap","9":"pa_yayinevi-ithaki-yayinlari","10":"pa_yazar-tuba-bozkurt","12":"first","13":"instock","14":"sale","15":"shipping-taxable","16":"purchasable","17":"product-type-simple"},"_links":{"self":[{"href":"https:\/\/roveyayinevi.com.tr\/index.php\/wp-json\/wp\/v2\/product\/731108","targetHints":{"allow":["GET"]}}],"collection":[{"href":"https:\/\/roveyayinevi.com.tr\/index.php\/wp-json\/wp\/v2\/product"}],"about":[{"href":"https:\/\/roveyayinevi.com.tr\/index.php\/wp-json\/wp\/v2\/types\/product"}],"wp:attachment":[{"href":"https:\/\/roveyayinevi.com.tr\/index.php\/wp-json\/wp\/v2\/media?parent=731108"}],"wp:term":[{"taxonomy":"product_brand","embeddable":true,"href":"https:\/\/roveyayinevi.com.tr\/index.php\/wp-json\/wp\/v2\/product_brand?post=731108"},{"taxonomy":"product_cat","embeddable":true,"href":"https:\/\/roveyayinevi.com.tr\/index.php\/wp-json\/wp\/v2\/product_cat?post=731108"},{"taxonomy":"product_tag","embeddable":true,"href":"https:\/\/roveyayinevi.com.tr\/index.php\/wp-json\/wp\/v2\/product_tag?post=731108"}],"curies":[{"name":"wp","href":"https:\/\/api.w.org\/{rel}","templated":true}]}}