{"id":731104,"date":"2025-08-27T21:25:42","date_gmt":"2025-08-27T18:25:42","guid":{"rendered":"https:\/\/roveyayinevi.com.tr\/index.php\/urun\/jupiterin-mirasi-cilt-1\/"},"modified":"2026-04-16T02:39:00","modified_gmt":"2026-04-15T23:39:00","slug":"jupiterin-mirasi-cilt-1","status":"publish","type":"product","link":"https:\/\/roveyayinevi.com.tr\/index.php\/urun\/jupiterin-mirasi-cilt-1\/","title":{"rendered":"J\u00fcpiter\u2019in Miras\u0131 Cilt 1"},"content":{"rendered":"<p>Ola\u011fan\u00fcst\u00fc g\u00fc\u00e7lere kavu\u015fan bir grup gen\u00e7 s\u00fcperkahraman \u0130kinci D\u00fcnya Sava\u015f\u0131 sonras\u0131 Amerika\u2019s\u0131nda insanlar\u0131 uzayl\u0131lardan, yarat\u0131klardan ve k\u00f6t\u00fc adamlardan korurken ayn\u0131 zamanda ki\u015fisel buhranlar\u0131yla, ailevi problemlerle ve de birbirleriyle ba\u015fa \u00e7\u0131kmaya \u00e7al\u0131\u015f\u0131yorlard\u0131.  <\/p>\n","protected":false},"excerpt":{"rendered":"<p>Ola\u011fan\u00fcst\u00fc g\u00fc\u00e7lere kavu\u015fan bir grup gen\u00e7 s\u00fcperkahraman \u0130kinci D\u00fcnya Sava\u015f\u0131 sonras\u0131 Amerika\u2019s\u0131nda insanlar\u0131 uzayl\u0131lardan, yarat\u0131klardan ve k\u00f6t\u00fc adamlardan korurken ayn\u0131 zamanda ki\u015fisel buhranlar\u0131yla, ailevi problemlerle ve<span class=\"excerpt-hellip\"> [\u2026]<\/span><\/p>\n","protected":false},"featured_media":0,"template":"","meta":{"_monsterinsights_skip_tracking":false,"_monsterinsights_sitenote_active":false,"_monsterinsights_sitenote_note":"","_monsterinsights_sitenote_category":0},"product_brand":[],"product_cat":[12689,12274],"product_tag":[],"class_list":{"0":"post-731104","1":"product","2":"type-product","3":"status-publish","5":"product_cat-cizgi-roman-cocuk-ve-genclik-kitaplari","6":"product_cat-cocuk-ve-genclik-kitaplari","7":"pa_cilt-ciltsiz","8":"pa_tur-kitap","9":"pa_yayinevi-ithaki-yayinlari","10":"pa_yazar-mark-millar","12":"first","13":"instock","14":"sale","15":"shipping-taxable","16":"purchasable","17":"product-type-simple"},"_links":{"self":[{"href":"https:\/\/roveyayinevi.com.tr\/index.php\/wp-json\/wp\/v2\/product\/731104","targetHints":{"allow":["GET"]}}],"collection":[{"href":"https:\/\/roveyayinevi.com.tr\/index.php\/wp-json\/wp\/v2\/product"}],"about":[{"href":"https:\/\/roveyayinevi.com.tr\/index.php\/wp-json\/wp\/v2\/types\/product"}],"wp:attachment":[{"href":"https:\/\/roveyayinevi.com.tr\/index.php\/wp-json\/wp\/v2\/media?parent=731104"}],"wp:term":[{"taxonomy":"product_brand","embeddable":true,"href":"https:\/\/roveyayinevi.com.tr\/index.php\/wp-json\/wp\/v2\/product_brand?post=731104"},{"taxonomy":"product_cat","embeddable":true,"href":"https:\/\/roveyayinevi.com.tr\/index.php\/wp-json\/wp\/v2\/product_cat?post=731104"},{"taxonomy":"product_tag","embeddable":true,"href":"https:\/\/roveyayinevi.com.tr\/index.php\/wp-json\/wp\/v2\/product_tag?post=731104"}],"curies":[{"name":"wp","href":"https:\/\/api.w.org\/{rel}","templated":true}]}}