{"id":731103,"date":"2025-08-27T21:25:42","date_gmt":"2025-08-27T18:25:42","guid":{"rendered":"https:\/\/roveyayinevi.com.tr\/index.php\/urun\/kuantum-evreninin-gizemi\/"},"modified":"2026-04-16T02:39:00","modified_gmt":"2026-04-15T23:39:00","slug":"kuantum-evreninin-gizemi","status":"publish","type":"product","link":"https:\/\/roveyayinevi.com.tr\/index.php\/urun\/kuantum-evreninin-gizemi\/","title":{"rendered":"Kuantum Evreninin Gizemi"},"content":{"rendered":"<p>Kuantum fizi\u011fi bakt\u0131\u011f\u0131m\u0131z her yerde, hem sonsuz b\u00fcy\u00fck olanda hem de sonsuz k\u00fc\u00e7\u00fck&#8230; Ama onun bizi \u00e7evreleyen d\u00fcnya hakk\u0131nda s\u00f6yledikleri ile bizim g\u00fcndelik hayat\u0131m\u0131zda g\u00f6zlemlediklerimiz aras\u0131nda adeta bir u\u00e7urum var. Fransa\u2019da \u00e7oksatan listelerine giren ve pek \u00e7ok dile \u00e7evrilen bilim grafik roman\u0131 Kuantum Evreninin Gizemi, modern fizi\u011fin yarat\u0131c\u0131lar\u0131yla rastla\u015f\u0131p onlar\u0131n ufuk a\u00e7an kuramlar\u0131yla tan\u0131\u015faca\u011f\u0131m\u0131z bir zaman yolculu\u011funa \u00e7\u0131kar\u0131yor bizleri.  Yolda Max Planck ile krep at\u0131\u015ft\u0131r\u0131p Einstein ile atomlar\u0131 \u00e7eki\u015ftirece\u011fimiz, Prens Louis de Broglie\u2019yi malik\u00e2nesindeziyaret edip Heligoland Adas\u0131\u2019nda Heisenberg\u2019in efk\u00e2r\u0131naortak olaca\u011f\u0131m\u0131z e\u011flenceli bir yolculuk bu.  Thibault Damour, teorik fizik alan\u0131ndaki \u00e7al\u0131\u015fmalar\u0131n\u0131 Paris\u2019teki Institut des Hautes Etudes Scientifiques\u2019te s\u00fcrd\u00fcrmektedir. Frans\u0131z Bilimler Akademisi\u2019nin de \u00fcyesi olan Damour\u2019un kara delik, k\u00fctle\u00e7ekimsel dalga ve kuantum kozmolojisi gibi alanlardaki \u00f6nc\u00fc \u00e7al\u0131\u015fmalar\u0131 ona uluslararas\u0131 bilinirlik ve Albert Einstein Madalyas\u0131 dahil pek \u00e7ok prestijli \u00f6d\u00fcl kazand\u0131rm\u0131\u015ft\u0131r. Mathieu Burniat, Shrimp, La Passion de Dodin-Bouffant ve Une m\u00e9moire de Roi kitaplar\u0131yla \u00f6vg\u00fc toplam\u0131\u015f, Bel\u00e7ikal\u0131 grafik roman yazar\u0131d\u0131r. <\/p>\n","protected":false},"excerpt":{"rendered":"<p>Kuantum fizi\u011fi bakt\u0131\u011f\u0131m\u0131z her yerde, hem sonsuz b\u00fcy\u00fck olanda hem de sonsuz k\u00fc\u00e7\u00fck&#8230; Ama onun bizi \u00e7evreleyen d\u00fcnya hakk\u0131nda s\u00f6yledikleri ile bizim g\u00fcndelik hayat\u0131m\u0131zda g\u00f6zlemlediklerimiz aras\u0131nda<span class=\"excerpt-hellip\"> [\u2026]<\/span><\/p>\n","protected":false},"featured_media":0,"template":"","meta":{"_monsterinsights_skip_tracking":false,"_monsterinsights_sitenote_active":false,"_monsterinsights_sitenote_note":"","_monsterinsights_sitenote_category":0},"product_brand":[],"product_cat":[13005,15998],"product_tag":[],"class_list":{"0":"post-731103","1":"product","2":"type-product","3":"status-publish","5":"product_cat-bilim-muhendislik","6":"product_cat-bilim-tarihi","7":"pa_cilt-ciltsiz","8":"pa_tur-kitap","9":"pa_yayinevi-domingo-yayinevi","10":"pa_yazar-thibault-damour-mathieu-burniat","12":"first","13":"instock","14":"sale","15":"shipping-taxable","16":"purchasable","17":"product-type-simple"},"_links":{"self":[{"href":"https:\/\/roveyayinevi.com.tr\/index.php\/wp-json\/wp\/v2\/product\/731103","targetHints":{"allow":["GET"]}}],"collection":[{"href":"https:\/\/roveyayinevi.com.tr\/index.php\/wp-json\/wp\/v2\/product"}],"about":[{"href":"https:\/\/roveyayinevi.com.tr\/index.php\/wp-json\/wp\/v2\/types\/product"}],"wp:attachment":[{"href":"https:\/\/roveyayinevi.com.tr\/index.php\/wp-json\/wp\/v2\/media?parent=731103"}],"wp:term":[{"taxonomy":"product_brand","embeddable":true,"href":"https:\/\/roveyayinevi.com.tr\/index.php\/wp-json\/wp\/v2\/product_brand?post=731103"},{"taxonomy":"product_cat","embeddable":true,"href":"https:\/\/roveyayinevi.com.tr\/index.php\/wp-json\/wp\/v2\/product_cat?post=731103"},{"taxonomy":"product_tag","embeddable":true,"href":"https:\/\/roveyayinevi.com.tr\/index.php\/wp-json\/wp\/v2\/product_tag?post=731103"}],"curies":[{"name":"wp","href":"https:\/\/api.w.org\/{rel}","templated":true}]}}