{"id":731098,"date":"2025-08-27T21:25:37","date_gmt":"2025-08-27T18:25:37","guid":{"rendered":"https:\/\/roveyayinevi.com.tr\/index.php\/urun\/turkiye-isci-partisi-radyoda-proletaryanin-buyulu-kutusu-ciltli\/"},"modified":"2026-04-16T02:38:59","modified_gmt":"2026-04-15T23:38:59","slug":"turkiye-isci-partisi-radyoda-proletaryanin-buyulu-kutusu-ciltli","status":"publish","type":"product","link":"https:\/\/roveyayinevi.com.tr\/index.php\/urun\/turkiye-isci-partisi-radyoda-proletaryanin-buyulu-kutusu-ciltli\/","title":{"rendered":"T\u00fcrkiye \u0130\u015f\u00e7i Partisi Radyoda Proletaryan\u0131n B\u00fcy\u00fcl\u00fc Kutusu (Ciltli)"},"content":{"rendered":"<p>13 \u015eubat 1961\u2019de kurulan T\u00fcrkiye \u0130\u015f\u00e7i Partisi, T\u00fcrkiye siyasal tarihinin en \u00f6nemli olaylar\u0131ndan biridir. T\u0130P\u2019in geli\u015fip g\u00fc\u00e7lenmesinde parti s\u00f6zc\u00fclerinin efsanevi radyo konu\u015fmalar\u0131n\u0131n \u00e7ok \u00f6nemli bir yeri vard\u0131r. T\u00fcrkiye proletaryas\u0131n\u0131n s\u00f6zc\u00fcleri, 1961-1971 d\u00f6neminde,  bamba\u015fka bir dile, bamba\u015fka bir sesleni\u015fe ve bamba\u015fka bir i\u00e7eri\u011fe sahip konu\u015fmalar\u0131yla o zamana kadar devletin a\u011fz\u0131 olan radyoyu \u2018proletaryan\u0131n b\u00fcy\u00fcl\u00fc kutusu\u2019na \u00e7evirmi\u015flerdi. Proletaryan\u0131n B\u00fcy\u00fcl\u00fc Kutusu, T\u0130P s\u00f6zc\u00fclerinin  alt\u0131 se\u00e7im i\u00e7in yapt\u0131klar\u0131 efsanevi radyo konu\u015fmalar\u0131n\u0131n metinlerini i\u00e7ermekle kalm\u0131yor. Mehmet Ali Aybar\u2019dan Ya\u015far Kemal\u2019e, Kemal T\u00fcrkler\u2019den Can Y\u00fccel\u2019e, R\u0131za Kuas\u2019tan Hamdo\u015f\u2019a, Tar\u0131k Ziya Ekinci\u2019den \u00c7etin Altan\u2019a T\u0130P\u2019in \u00e7ok etkili hatiplerinin radyoda yapt\u0131\u011f\u0131 konu\u015fmalar\u0131n ses kay\u0131tlar\u0131n\u0131 da i\u00e7inde bar\u0131nd\u0131r\u0131yor. Bu tarih\u00ee konu\u015fmalar karekodlar arac\u0131l\u0131\u011f\u0131yla dinlenebiliyor. Proletaryan\u0131n B\u00fcy\u00fcl\u00fc Kutusu\u2019nun sayfalar\u0131ndan dinlenebilen radyo konu\u015fmalar\u0131, onlar\u0131 dinlemeseler hayatlar\u0131 normalde bamba\u015fka y\u00f6nde akabilecek gen\u00e7leri, ayd\u0131nlar\u0131, i\u015f\u00e7ileri ve k\u00f6yl\u00fcleri sosyalist m\u00fccadelenin i\u00e7ine \u00e7ekmi\u015f ve T\u0130P bayra\u011f\u0131 alt\u0131nda toplayabilmi\u015fti.  Proletaryan\u0131n B\u00fcy\u00fcl\u00fc Kutusu sosyalistlerin devlet radyosundan yapt\u0131klar\u0131 konu\u015fmalarla hayat\u0131 de\u011fi\u015fen insanlar\u0131n \u00f6yk\u00fclerin\u0131 anlatt\u0131\u011f\u0131 gibi bu konu\u015fmalar\u0131 yapan ki\u015filerin portrelerine de yer veriyor. Kitapta \u015eekibe \u00c7elenk\u2019ten Mehmet Ali Aybar\u2019a, Behice Boran\u2019dan Hamdo\u015f\u2019a, Nazife Cemgil\u2019den Kemal T\u00fcrkler\u2019e, Ya\u015far Kemal\u2019den Can Y\u00fccel\u2019e, Hasan H\u00fcseyin Korkmazgil\u2019den Tar\u0131k Ziya Ekinci\u2019ye tam 43 portre yer al\u0131yor. Proletaryan\u0131n B\u00fcy\u00fcl\u00fc Kutusu\u2019nun sayfalar\u0131nda size Hamdo\u015f\u2019un masum ve cesur sesi, Abidin Dino\u2019nun e\u015fsiz desenleri, Moris Gabbay\u2019\u0131n  tarih\u00ee foto\u011fraflar\u0131 ve titiz bir ara\u015ft\u0131rman\u0131n zengin bilgisi e\u015flik ediyor. B\u00fcy\u00fcl\u00fc bir yolculuk sizi bekliyor&#8230; <\/p>\n","protected":false},"excerpt":{"rendered":"<p>13 \u015eubat 1961\u2019de kurulan T\u00fcrkiye \u0130\u015f\u00e7i Partisi, T\u00fcrkiye siyasal tarihinin en \u00f6nemli olaylar\u0131ndan biridir. T\u0130P\u2019in geli\u015fip g\u00fc\u00e7lenmesinde parti s\u00f6zc\u00fclerinin efsanevi radyo konu\u015fmalar\u0131n\u0131n \u00e7ok \u00f6nemli bir yeri<span class=\"excerpt-hellip\"> [\u2026]<\/span><\/p>\n","protected":false},"featured_media":0,"template":"","meta":{"_monsterinsights_skip_tracking":false,"_monsterinsights_sitenote_active":false,"_monsterinsights_sitenote_note":"","_monsterinsights_sitenote_category":0},"product_brand":[],"product_cat":[13590,12337],"product_tag":[],"class_list":{"0":"post-731098","1":"product","2":"type-product","3":"status-publish","5":"product_cat-arastirma-inceleme-politika-siyaset","6":"product_cat-politika-siyaset","7":"pa_cilt-ciltli","8":"pa_tur-kitap","9":"pa_yayinevi-yordam-kitap","10":"pa_yazar-attila-asut-gokhan-atilgan","12":"first","13":"instock","14":"sale","15":"shipping-taxable","16":"purchasable","17":"product-type-simple"},"_links":{"self":[{"href":"https:\/\/roveyayinevi.com.tr\/index.php\/wp-json\/wp\/v2\/product\/731098","targetHints":{"allow":["GET"]}}],"collection":[{"href":"https:\/\/roveyayinevi.com.tr\/index.php\/wp-json\/wp\/v2\/product"}],"about":[{"href":"https:\/\/roveyayinevi.com.tr\/index.php\/wp-json\/wp\/v2\/types\/product"}],"wp:attachment":[{"href":"https:\/\/roveyayinevi.com.tr\/index.php\/wp-json\/wp\/v2\/media?parent=731098"}],"wp:term":[{"taxonomy":"product_brand","embeddable":true,"href":"https:\/\/roveyayinevi.com.tr\/index.php\/wp-json\/wp\/v2\/product_brand?post=731098"},{"taxonomy":"product_cat","embeddable":true,"href":"https:\/\/roveyayinevi.com.tr\/index.php\/wp-json\/wp\/v2\/product_cat?post=731098"},{"taxonomy":"product_tag","embeddable":true,"href":"https:\/\/roveyayinevi.com.tr\/index.php\/wp-json\/wp\/v2\/product_tag?post=731098"}],"curies":[{"name":"wp","href":"https:\/\/api.w.org\/{rel}","templated":true}]}}