{"id":731096,"date":"2025-08-27T21:25:35","date_gmt":"2025-08-27T18:25:35","guid":{"rendered":"https:\/\/roveyayinevi.com.tr\/index.php\/urun\/eski-yunan-toplumu-ustune-incelemeler-1\/"},"modified":"2026-04-16T02:38:59","modified_gmt":"2026-04-15T23:38:59","slug":"eski-yunan-toplumu-ustune-incelemeler-1","status":"publish","type":"product","link":"https:\/\/roveyayinevi.com.tr\/index.php\/urun\/eski-yunan-toplumu-ustune-incelemeler-1\/","title":{"rendered":"Eski Yunan Toplumu \u00dcst\u00fcne \u0130ncelemeler-1"},"content":{"rendered":"<p>\u0130ngiliz bilim insan\u0131 George Thomson, tarih\u00f6ncesi Ege\u2019yi toplumsal, sanatsal ve felsefi y\u00f6nleriyle incelemek i\u00e7in y\u0131llar\u0131n\u0131 verdi. Yazar\u0131n bu yo\u011fun \u00e7al\u0131\u015fmas\u0131n\u0131n en se\u00e7kin \u00fcr\u00fcn\u00fc,  iki ciltlik Eski Yunan Toplumu \u00dcst\u00fcne \u0130ncelemeler\u2019dir. Eski\u00e7a\u011f \u00fcst\u00fcne yap\u0131lm\u0131\u015f en yetkin ara\u015ft\u0131rmalardan biri olan Eski Yunan Toplumu \u00dcst\u00fcne \u0130ncelemeler\u2019in ilk cildini olu\u015fturan Tarih\u00f6ncesi Ege, sosyal bilim alan\u0131nda disiplinleraras\u0131 \u00e7al\u0131\u015fmalar a\u00e7\u0131s\u0131ndan da \u00e7\u0131\u011f\u0131r a\u00e7an bir yap\u0131t. George Thomson\u2019\u0131n etnoloji, arkeoloji, sosyoloji, dilbilim gibi disiplinlerdeki ileri birikimi dam\u0131tarak olu\u015fturdu\u011fu bu ba\u015fyap\u0131t\u0131nda, eski\u00e7a\u011f\u0131n Ege\u2019si ele al\u0131n\u0131yor. Totemcilikten dine, kabileden devlete, kamptan kente, anaerkillikten ortakla\u015fmac\u0131l\u0131\u011fa t\u00fcm bir tarihsel s\u00fcre\u00e7 g\u00f6zlerimizin \u00f6n\u00fcne serilirken, farkl\u0131 Ege halklar\u0131n\u0131n, kahramanl\u0131k \u00e7a\u011f\u0131 hanedanl\u0131klar\u0131n\u0131n ve onlar\u0131n destan\u0131n\u0131 anlatan Homeros\u2019un hik\u00e2yelerine de uzan\u0131yoruz. Ya\u015fad\u0131\u011f\u0131m\u0131z co\u011frafyan\u0131n tarihsel ve k\u00fclt\u00fcrel zenginli\u011fini bir kez daha hat\u0131rlatan bu e\u015fsiz yap\u0131t, dilimize de ayn\u0131 zenginlikte bir T\u00fcrk\u00e7eyle kazand\u0131r\u0131ld\u0131. Tarih\u00f6ncesi Ege\u2019yi Celal \u00dcster\u2019in 1983 y\u0131l\u0131 Azra Erhat \u00c7eviri \u00d6d\u00fcl\u00fc\u2019ne de\u011fer g\u00f6r\u00fclen \u00e7evirisiyle okurlara yeniden sunuyoruz. \u201cE\u011fer her kitab\u0131n bize bir \u015feyler \u00f6\u011fretti\u011fi d\u00fc\u015f\u00fcncesi yanl\u0131\u015f de\u011filse, bug\u00fcne kadar okudu\u011fum ve \u00e7evirdiklerim aras\u0131nda en \u00e7ok \u015fey \u00f6\u011frendi\u011fim kitaplar\u0131n ba\u015f\u0131nda Tarih\u00f6ncesi Ege\u2019nin geldi\u011fini s\u00f6yleyebilirim. Neler \u00f6\u011frendi\u011fime gelince, \u00f6zellikle Tun\u00e7 \u00c7a\u011f\u0131\u2019na tarihlenen d\u00f6nemde Ege\u2019de anaerkillik, topra\u011f\u0131 kullanma hakk\u0131, kentlerin geli\u015fimi ve destan\u0131n do\u011fu\u015fundan Ege\u2019nin ilk\u00e7a\u011f toplumlar\u0131, uygarl\u0131klar\u0131 ve k\u00fclt\u00fcrlerinin ekonomik geli\u015fme temeli \u00fcst\u00fcndeki olu\u015fumu, yap\u0131s\u0131 ve evrimine kadar pek \u00e7ok \u015fey sayabilirim. Ama bu u\u00e7suz bucaks\u0131z alan\u0131 derinli\u011fine ve ayr\u0131nt\u0131l\u0131 bir incelemeyle g\u00f6zler \u00f6n\u00fcne seren Tarih\u00f6ncesi Ege\u2019den as\u0131l \u00f6\u011frendi\u011fim, bir konunun incelenmesinde \u00e7ok farkl\u0131 bilim dallar\u0131n\u0131n birbirini zenginle\u015ftirmesidir.\u201d <\/p>\n","protected":false},"excerpt":{"rendered":"<p>\u0130ngiliz bilim insan\u0131 George Thomson, tarih\u00f6ncesi Ege\u2019yi toplumsal, sanatsal ve felsefi y\u00f6nleriyle incelemek i\u00e7in y\u0131llar\u0131n\u0131 verdi. Yazar\u0131n bu yo\u011fun \u00e7al\u0131\u015fmas\u0131n\u0131n en se\u00e7kin \u00fcr\u00fcn\u00fc, iki ciltlik Eski<span class=\"excerpt-hellip\"> [\u2026]<\/span><\/p>\n","protected":false},"featured_media":0,"template":"","meta":{"_monsterinsights_skip_tracking":false,"_monsterinsights_sitenote_active":false,"_monsterinsights_sitenote_note":"","_monsterinsights_sitenote_category":0},"product_brand":[],"product_cat":[12304,14128],"product_tag":[],"class_list":{"0":"post-731096","1":"product","2":"type-product","3":"status-publish","5":"product_cat-tarih","6":"product_cat-yakin-tarih","7":"pa_cilt-ciltsiz","8":"pa_tur-kitap","9":"pa_yayinevi-yordam-kitap","10":"pa_yazar-george-thomson","12":"first","13":"instock","14":"sale","15":"shipping-taxable","16":"purchasable","17":"product-type-simple"},"_links":{"self":[{"href":"https:\/\/roveyayinevi.com.tr\/index.php\/wp-json\/wp\/v2\/product\/731096","targetHints":{"allow":["GET"]}}],"collection":[{"href":"https:\/\/roveyayinevi.com.tr\/index.php\/wp-json\/wp\/v2\/product"}],"about":[{"href":"https:\/\/roveyayinevi.com.tr\/index.php\/wp-json\/wp\/v2\/types\/product"}],"wp:attachment":[{"href":"https:\/\/roveyayinevi.com.tr\/index.php\/wp-json\/wp\/v2\/media?parent=731096"}],"wp:term":[{"taxonomy":"product_brand","embeddable":true,"href":"https:\/\/roveyayinevi.com.tr\/index.php\/wp-json\/wp\/v2\/product_brand?post=731096"},{"taxonomy":"product_cat","embeddable":true,"href":"https:\/\/roveyayinevi.com.tr\/index.php\/wp-json\/wp\/v2\/product_cat?post=731096"},{"taxonomy":"product_tag","embeddable":true,"href":"https:\/\/roveyayinevi.com.tr\/index.php\/wp-json\/wp\/v2\/product_tag?post=731096"}],"curies":[{"name":"wp","href":"https:\/\/api.w.org\/{rel}","templated":true}]}}