{"id":731095,"date":"2025-08-27T21:25:35","date_gmt":"2025-08-27T18:25:35","guid":{"rendered":"https:\/\/roveyayinevi.com.tr\/index.php\/urun\/cimri-bez-ciltli\/"},"modified":"2026-04-16T02:38:59","modified_gmt":"2026-04-15T23:38:59","slug":"cimri-bez-ciltli","status":"publish","type":"product","link":"https:\/\/roveyayinevi.com.tr\/index.php\/urun\/cimri-bez-ciltli\/","title":{"rendered":"Cimri (Bez Ciltli)"},"content":{"rendered":"<p>Paris\u2019in son derece zengin ve bir o kadar da cimri burjuvalar\u0131ndan Harpagon, o\u011flu Cl\u00e9ante ve k\u0131z\u0131 \u00c9lise\u2019i varl\u0131kl\u0131 ki\u015filerle evlendirmeyi planlamaktad\u0131r ancak i\u015fler istedi\u011fi gibi gitmez. Napolili gen\u00e7 Val\u00e8re, \u00c9lise\u2019i bir deniz kazas\u0131ndan kurtarm\u0131\u015f ve ona g\u00f6nl\u00fcn\u00fc kapt\u0131rd\u0131\u011f\u0131 i\u00e7in Harpagon\u2019un evine vekilhar\u00e7 olarak girmi\u015ftir. Cl\u00e9ante ise maddi s\u0131k\u0131nt\u0131lar \u00e7eken Mariane adl\u0131 gen\u00e7 k\u0131za \u00e2\u015f\u0131kt\u0131r. Gen\u00e7lerin endi\u015fesi sevdikleriyle evlenip evlenemeyecekleri iken Harpagon\u2019un tek derdi, \u00e7al\u0131n\u0131r korkusu ile bir sand\u0131\u011f\u0131n i\u00e7inde bah\u00e7eye g\u00f6md\u00fc\u011f\u00fc alt\u0131nlar\u0131d\u0131r. D\u00fcnya edebiyat\u0131n\u0131 Shakespeare\u2019den sonra en \u00e7ok etkileyen ve tiyatro tarihimizde \u00f6zel bir yeri olan, komedi t\u00fcr\u00fcn\u00fcn en \u00f6nemli temsilcilerinden Moli\u00e9re\u2019in 1668 y\u0131l\u0131nda, kapitalizme ilerleyen Avrupa\u2019da toplumsal hiyerar\u015finin d\u00f6n\u00fc\u015f\u00fcm\u00fcyle yeni de\u011ferler sisteminin olu\u015ftu\u011fu, ahlaki erdemler ve soyluluk gibi kavramlar\u0131n i\u00e7inin bo\u015falt\u0131l\u0131p sadece paraya dayand\u0131r\u0131ld\u0131\u011f\u0131 bir d\u00f6nemde yazd\u0131\u011f\u0131 Cimri\u2019yi Ebru Erba\u015f\u2019\u0131n \u00f6zenli \u00e7evirisiyle sunuyoruz. <\/p>\n","protected":false},"excerpt":{"rendered":"<p>Paris\u2019in son derece zengin ve bir o kadar da cimri burjuvalar\u0131ndan Harpagon, o\u011flu Cl\u00e9ante ve k\u0131z\u0131 \u00c9lise\u2019i varl\u0131kl\u0131 ki\u015filerle evlendirmeyi planlamaktad\u0131r ancak i\u015fler istedi\u011fi gibi gitmez.<span class=\"excerpt-hellip\"> [\u2026]<\/span><\/p>\n","protected":false},"featured_media":0,"template":"","meta":{"_monsterinsights_skip_tracking":false,"_monsterinsights_sitenote_active":false,"_monsterinsights_sitenote_note":"","_monsterinsights_sitenote_category":0},"product_brand":[],"product_cat":[12409,12408],"product_tag":[],"class_list":{"0":"post-731095","1":"product","2":"type-product","3":"status-publish","5":"product_cat-fotograf-sinema-tiyatro","6":"product_cat-sanat","7":"pa_cilt-ciltli","8":"pa_tur-kitap","9":"pa_yayinevi-koridor-yayincilik","10":"pa_yazar-moliere","12":"first","13":"instock","14":"sale","15":"shipping-taxable","16":"purchasable","17":"product-type-simple"},"_links":{"self":[{"href":"https:\/\/roveyayinevi.com.tr\/index.php\/wp-json\/wp\/v2\/product\/731095","targetHints":{"allow":["GET"]}}],"collection":[{"href":"https:\/\/roveyayinevi.com.tr\/index.php\/wp-json\/wp\/v2\/product"}],"about":[{"href":"https:\/\/roveyayinevi.com.tr\/index.php\/wp-json\/wp\/v2\/types\/product"}],"wp:attachment":[{"href":"https:\/\/roveyayinevi.com.tr\/index.php\/wp-json\/wp\/v2\/media?parent=731095"}],"wp:term":[{"taxonomy":"product_brand","embeddable":true,"href":"https:\/\/roveyayinevi.com.tr\/index.php\/wp-json\/wp\/v2\/product_brand?post=731095"},{"taxonomy":"product_cat","embeddable":true,"href":"https:\/\/roveyayinevi.com.tr\/index.php\/wp-json\/wp\/v2\/product_cat?post=731095"},{"taxonomy":"product_tag","embeddable":true,"href":"https:\/\/roveyayinevi.com.tr\/index.php\/wp-json\/wp\/v2\/product_tag?post=731095"}],"curies":[{"name":"wp","href":"https:\/\/api.w.org\/{rel}","templated":true}]}}