{"id":731094,"date":"2025-08-27T21:25:34","date_gmt":"2025-08-27T18:25:34","guid":{"rendered":"https:\/\/roveyayinevi.com.tr\/index.php\/urun\/imtiyaz-yahut-cici-kizlara-bir-roman\/"},"modified":"2026-04-16T02:38:59","modified_gmt":"2026-04-15T23:38:59","slug":"imtiyaz-yahut-cici-kizlara-bir-roman","status":"publish","type":"product","link":"https:\/\/roveyayinevi.com.tr\/index.php\/urun\/imtiyaz-yahut-cici-kizlara-bir-roman\/","title":{"rendered":"\u0130mtiyaz, yahut Cici K\u0131zlara Bir Roman"},"content":{"rendered":"<p>\u201c\u00d6nceleri g\u00f6n\u00fcls\u00fcz ve \u00e7ekingen olan Nergis arkada\u015flar\u0131n\u0131n ne\u015feli hal ve tav\u0131rlar\u0131ndan, yalan yanl\u0131\u015f uyduruk cevaplar\u0131ndan yava\u015f yava\u015f gecenin manas\u0131na ve gayesine uyand\u0131. Burada kendisinin ba\u015fta g\u00f6z\u00fc a\u00e7\u0131lmam\u0131\u015f bir s\u0131\u011f\u0131rc\u0131k yavrusu gibi sand\u0131\u011f\u0131 \u00fczere hayat\u0131n\u0131n ebedi a\u015fk\u0131n\u0131 bulmak i\u00e7in de\u011fil, e\u011flenmek, g\u0131rg\u0131r ve \u015famata i\u00e7in bulunuyordu. Bu iyi niyetli, eli y\u00fcz\u00fc d\u00fczg\u00fcn ama az\u0131c\u0131k kal\u0131n kafal\u0131 o\u011flanlarla b\u0131rak uzun vadeli bir ili\u015fki kurmay\u0131, bu ak\u015fam dahi beraber eve d\u00f6nmeyecekleri a\u00e7\u0131kt\u0131. \u0130\u015fin ucunda hi\u00e7bir beklenti olmad\u0131\u011f\u0131n\u0131, burada s\u00f6ylediklerinin ve yapt\u0131klar\u0131n\u0131n hi\u00e7bir manas\u0131 olmad\u0131\u011f\u0131n\u0131 idrak edince gev\u015fedi. O\u011flanlara durumu \u00e7ok \u00e7akt\u0131rmadan, o da i\u015fi sululu\u011fa vurmaya ba\u015flad\u0131. Bir an zihninden, \u00fc\u00e7l\u00fc bir tak\u0131m olman\u0131n verdi\u011fi g\u00fcvenle bir \u2018erkek gibi\u2019 fl\u00f6rt etti\u011fi ge\u00e7ti.\u201d \u0130\u00e7 s\u0131k\u0131nt\u0131lar\u0131n\u0131, g\u00fcvensiz aray\u0131\u015flar\u0131 kat eden yolun ne\u015feyle d\u00f6\u015fendi\u011fi bir roman. Klasik edebiyat\u0131n romantizmi, 21. y\u00fczy\u0131l\u0131n huylar\u0131yla-sular\u0131yla nas\u0131l i\u015f tutar? \u0130yi e\u011fitim alm\u0131\u015f, oturmay\u0131 kalkmay\u0131 bilen bir Nergis, \u201cKezban Roma\u2019da\u201d durumuyla nas\u0131l ba\u015f eder? Kula\u011fa k\u00fcpe: \u201c\u2018K\u0131z muhabbeti\u2019 asla sadece \u2018k\u0131z muhabbeti\u2019 de\u011fildir!\u201d<\/p>\n","protected":false},"excerpt":{"rendered":"<p>\u201c\u00d6nceleri g\u00f6n\u00fcls\u00fcz ve \u00e7ekingen olan Nergis arkada\u015flar\u0131n\u0131n ne\u015feli hal ve tav\u0131rlar\u0131ndan, yalan yanl\u0131\u015f uyduruk cevaplar\u0131ndan yava\u015f yava\u015f gecenin manas\u0131na ve gayesine uyand\u0131. Burada kendisinin ba\u015fta g\u00f6z\u00fc<span class=\"excerpt-hellip\"> [\u2026]<\/span><\/p>\n","protected":false},"featured_media":0,"template":"","meta":{"_monsterinsights_skip_tracking":false,"_monsterinsights_sitenote_active":false,"_monsterinsights_sitenote_note":"","_monsterinsights_sitenote_category":0},"product_brand":[],"product_cat":[12291,12711],"product_tag":[],"class_list":{"0":"post-731094","1":"product","2":"type-product","3":"status-publish","5":"product_cat-edebiyat","6":"product_cat-roman-oyku","7":"pa_cilt-ciltsiz","8":"pa_tur-kitap","9":"pa_yayinevi-iletisim-yayinlari","10":"pa_yazar-sezen-unluonen","12":"first","13":"instock","14":"sale","15":"shipping-taxable","16":"purchasable","17":"product-type-simple"},"_links":{"self":[{"href":"https:\/\/roveyayinevi.com.tr\/index.php\/wp-json\/wp\/v2\/product\/731094","targetHints":{"allow":["GET"]}}],"collection":[{"href":"https:\/\/roveyayinevi.com.tr\/index.php\/wp-json\/wp\/v2\/product"}],"about":[{"href":"https:\/\/roveyayinevi.com.tr\/index.php\/wp-json\/wp\/v2\/types\/product"}],"wp:attachment":[{"href":"https:\/\/roveyayinevi.com.tr\/index.php\/wp-json\/wp\/v2\/media?parent=731094"}],"wp:term":[{"taxonomy":"product_brand","embeddable":true,"href":"https:\/\/roveyayinevi.com.tr\/index.php\/wp-json\/wp\/v2\/product_brand?post=731094"},{"taxonomy":"product_cat","embeddable":true,"href":"https:\/\/roveyayinevi.com.tr\/index.php\/wp-json\/wp\/v2\/product_cat?post=731094"},{"taxonomy":"product_tag","embeddable":true,"href":"https:\/\/roveyayinevi.com.tr\/index.php\/wp-json\/wp\/v2\/product_tag?post=731094"}],"curies":[{"name":"wp","href":"https:\/\/api.w.org\/{rel}","templated":true}]}}