{"id":731091,"date":"2025-08-27T21:25:30","date_gmt":"2025-08-27T18:25:30","guid":{"rendered":"https:\/\/roveyayinevi.com.tr\/index.php\/urun\/kaderin-kurbani\/"},"modified":"2026-03-31T12:14:11","modified_gmt":"2026-03-31T09:14:11","slug":"kaderin-kurbani","status":"publish","type":"product","link":"https:\/\/roveyayinevi.com.tr\/index.php\/urun\/kaderin-kurbani\/","title":{"rendered":"Kaderin Kurban\u0131"},"content":{"rendered":"<p>&#8220;Bu u\u00e7urum be\u015f y\u0131l \u00f6nce benim sonum olmu\u015ftu. Her zaman okyanusun dibinde \u00e7\u0131rp\u0131nd\u0131m. Gece de ya\u015fad\u0131m; \u00e7\u00fcnk\u00fc g\u00fcnd\u00fcz de hep ya\u011fmur, hep f\u0131rt\u0131na vard\u0131&#8230; Sonra Leyan&#8217;\u0131 \u0131\u015f\u0131\u011f\u0131m yapt\u0131m. O Gece&#8217;ydi, bense, Ay&#8217;d\u0131m.&#8221; Yafes \u00e7ekinerek elini uzat\u0131p Sidre&#8217;nin elini tuttu. &#8220;Sonra sen girdin karanl\u0131k d\u00fcnyama. Be\u015f y\u0131l sonra bir y\u0131ld\u0131z kayd\u0131. Fakat Gece&#8217;de, Y\u0131ld\u0131zlara yer yoktu. Gece&#8217;nin hayat\u0131nda sadece Ay olmal\u0131yd\u0131. Ve Ay, Gece&#8217;yi korumak ad\u0131na Y\u0131ld\u0131zdan kurtulmak zorundayd\u0131. Ama sonra fark etti ki o Y\u0131ld\u0131z&#8217;\u0131n amac\u0131, Gece&#8217;ye zarar vermek veya Ay&#8217;\u0131n yerini almak de\u011fil, Ay&#8217;la beraber Gece&#8217;yi ayd\u0131nlatmakt\u0131&#8230; G\u00fcnd\u00fcz\u2019\u00fcnde G\u00fcne\u015f olmakt\u0131&#8230; Y\u00fcre\u011fini \u0131s\u0131tmakt\u0131&#8230; Umudu olmakt\u0131&#8230;&#8221; Sevdi\u011fine hayranl\u0131kla bakt\u0131. &#8220;Bir zamanlar a\u011flatt\u0131\u011f\u0131m \u015fu mavi g\u00f6zlerin u\u011fruna&#8230; G\u00f6zya\u015flar\u0131m\u0131 silmeye, umudumu ye\u015fertmeye ve kap\u0131lar\u0131m\u0131 a\u00e7maya haz\u0131r\u0131m&#8230;&#8221; Bu defa ellerini k\u0131z\u0131n a\u00e7\u0131k kumral sa\u00e7lar\u0131na getirdi. &#8220;Bir zamanlar \u00e7ekti\u011fim sa\u00e7lar\u0131n asl\u0131nda her teli benim kurtulu\u015fum, benim umudum&#8230;&#8221; \u0130ki elini k\u0131z\u0131n yanaklar\u0131na koydu. &#8220;Bir zamanlar tokat att\u0131\u011f\u0131m yanaklar\u0131n asl\u0131nda benim g\u00fcl\u00fcmseme sebebim&#8230; Ben Y\u0131ld\u0131z olay\u0131m, sense, Ay ol! Beni affetmesen de, gecemdeki Ay ol! Hik\u00e2yedeki G\u00fcne\u015f ol! Abis&#8217;in G\u00fcne\u015f&#8217;i ol!&#8221;<\/p>\n","protected":false},"excerpt":{"rendered":"<p>&#8220;Bu u\u00e7urum be\u015f y\u0131l \u00f6nce benim sonum olmu\u015ftu. Her zaman okyanusun dibinde \u00e7\u0131rp\u0131nd\u0131m. Gece de ya\u015fad\u0131m; \u00e7\u00fcnk\u00fc g\u00fcnd\u00fcz de hep ya\u011fmur, hep f\u0131rt\u0131na vard\u0131&#8230; Sonra Leyan&#8217;\u0131<span class=\"excerpt-hellip\"> [\u2026]<\/span><\/p>\n","protected":false},"featured_media":0,"template":"","meta":{"_monsterinsights_skip_tracking":false,"_monsterinsights_sitenote_active":false,"_monsterinsights_sitenote_note":"","_monsterinsights_sitenote_category":0},"product_brand":[],"product_cat":[12291,12711],"product_tag":[],"class_list":{"0":"post-731091","1":"product","2":"type-product","3":"status-publish","5":"product_cat-edebiyat","6":"product_cat-roman-oyku","7":"pa_cilt-ciltsiz","8":"pa_tur-kitap","9":"pa_yayinevi-elpis-yayinlari","10":"pa_yazar-asma-azreug","12":"first","13":"instock","14":"sale","15":"shipping-taxable","16":"purchasable","17":"product-type-simple"},"_links":{"self":[{"href":"https:\/\/roveyayinevi.com.tr\/index.php\/wp-json\/wp\/v2\/product\/731091","targetHints":{"allow":["GET"]}}],"collection":[{"href":"https:\/\/roveyayinevi.com.tr\/index.php\/wp-json\/wp\/v2\/product"}],"about":[{"href":"https:\/\/roveyayinevi.com.tr\/index.php\/wp-json\/wp\/v2\/types\/product"}],"wp:attachment":[{"href":"https:\/\/roveyayinevi.com.tr\/index.php\/wp-json\/wp\/v2\/media?parent=731091"}],"wp:term":[{"taxonomy":"product_brand","embeddable":true,"href":"https:\/\/roveyayinevi.com.tr\/index.php\/wp-json\/wp\/v2\/product_brand?post=731091"},{"taxonomy":"product_cat","embeddable":true,"href":"https:\/\/roveyayinevi.com.tr\/index.php\/wp-json\/wp\/v2\/product_cat?post=731091"},{"taxonomy":"product_tag","embeddable":true,"href":"https:\/\/roveyayinevi.com.tr\/index.php\/wp-json\/wp\/v2\/product_tag?post=731091"}],"curies":[{"name":"wp","href":"https:\/\/api.w.org\/{rel}","templated":true}]}}