{"id":731090,"date":"2025-08-27T21:25:29","date_gmt":"2025-08-27T18:25:29","guid":{"rendered":"https:\/\/roveyayinevi.com.tr\/index.php\/urun\/dokumaci\/"},"modified":"2026-04-11T13:58:42","modified_gmt":"2026-04-11T10:58:42","slug":"dokumaci","status":"publish","type":"product","link":"https:\/\/roveyayinevi.com.tr\/index.php\/urun\/dokumaci\/","title":{"rendered":"Dokumac\u0131"},"content":{"rendered":"<p>Ve Kula. \u00c7\u00f6lde bir erkek at ve san\u0131r\u0131m ben ona a\u015f\u0131\u011f\u0131m. Ama o bunu bilmeyecek. Bir insan\u0131n bir hayvana b\u00f6yle a\u015fk\u0131, ne bu \u00e7\u00f6lde ne de ba\u015fka bir yerinde d\u00fcnyan\u0131n kabul g\u00f6rmeyecek sanki. B\u00f6yle hissediyor i\u00e7im. Birbirinden bu kadar farkl\u0131 iki \u015feyin a\u015fk sayesinde yan yana olabilece\u011fine g\u00fclecekler. Utan\u0131yorum da bu y\u00fczden, yanl\u0131\u015f ya da yasak gibi d\u00fc\u015f\u00fcncelerim. Bunu da hissediyor i\u00e7im. Ama Kula, bunu da bilmeyecek.\u201d *** Kula, \u00e7izgileri olmayan zebralar, kuyu \u00e7ocuk, \u015farap ustas\u0131, dokumac\u0131 ve bu \u00e7\u00f6l\u00fcn kurtlar\u0131&#8230; Buraya nas\u0131l geldi bilmiyor. Ge\u00e7mi\u015fiyle ilgili hi\u00e7bir \u015fey yok akl\u0131nda. Ad\u0131 bile. G\u00f6rd\u00fc\u011f\u00fc r\u00fcyalarla kafas\u0131 gittik\u00e7e kar\u0131\u015fan bu k\u0131z, bunlar\u0131n belki de hat\u0131ralar\u0131 olabilece\u011fini d\u00fc\u015f\u00fcn\u00fcyor. Ger\u00e7e\u011fin ne oldu\u011funu b\u00f6ylece anlayabilir belki. Ama sonra soruyor kendine, hat\u0131rlamak, o ger\u00e7ek mi? Ezgi Alt\u0131ner\u2019in roman\u0131n\u0131 okurken bir k\u0131z\u0131n zihninde ve olaylar\u0131n ge\u00e7ti\u011fi \u00e7\u00f6l\u00fcn sonsuz geni\u015fli\u011finde bir yolculu\u011fa \u00e7\u0131kacaks\u0131n\u0131z. Derin bir i\u00e7 ger\u00e7eklikle kar\u015f\u0131la\u015faca\u011f\u0131n\u0131z bu kitap, karakterlerin ruh h\u00e2lleriyle \u015fekillenirken kendini arayanlar\u0131n kayd\u0131n\u0131 tutuyor. <\/p>\n","protected":false},"excerpt":{"rendered":"<p>Ve Kula. \u00c7\u00f6lde bir erkek at ve san\u0131r\u0131m ben ona a\u015f\u0131\u011f\u0131m. Ama o bunu bilmeyecek. Bir insan\u0131n bir hayvana b\u00f6yle a\u015fk\u0131, ne bu \u00e7\u00f6lde ne de<span class=\"excerpt-hellip\"> [\u2026]<\/span><\/p>\n","protected":false},"featured_media":0,"template":"","meta":{"_monsterinsights_skip_tracking":false,"_monsterinsights_sitenote_active":false,"_monsterinsights_sitenote_note":"","_monsterinsights_sitenote_category":0},"product_brand":[],"product_cat":[12291,12711],"product_tag":[],"class_list":{"0":"post-731090","1":"product","2":"type-product","3":"status-publish","5":"product_cat-edebiyat","6":"product_cat-roman-oyku","7":"pa_cilt-ciltsiz","8":"pa_tur-kitap","9":"pa_yayinevi-kara-karga-yayinlari","10":"pa_yazar-ezgi-altiner","12":"first","13":"instock","14":"sale","15":"shipping-taxable","16":"purchasable","17":"product-type-simple"},"_links":{"self":[{"href":"https:\/\/roveyayinevi.com.tr\/index.php\/wp-json\/wp\/v2\/product\/731090","targetHints":{"allow":["GET"]}}],"collection":[{"href":"https:\/\/roveyayinevi.com.tr\/index.php\/wp-json\/wp\/v2\/product"}],"about":[{"href":"https:\/\/roveyayinevi.com.tr\/index.php\/wp-json\/wp\/v2\/types\/product"}],"wp:attachment":[{"href":"https:\/\/roveyayinevi.com.tr\/index.php\/wp-json\/wp\/v2\/media?parent=731090"}],"wp:term":[{"taxonomy":"product_brand","embeddable":true,"href":"https:\/\/roveyayinevi.com.tr\/index.php\/wp-json\/wp\/v2\/product_brand?post=731090"},{"taxonomy":"product_cat","embeddable":true,"href":"https:\/\/roveyayinevi.com.tr\/index.php\/wp-json\/wp\/v2\/product_cat?post=731090"},{"taxonomy":"product_tag","embeddable":true,"href":"https:\/\/roveyayinevi.com.tr\/index.php\/wp-json\/wp\/v2\/product_tag?post=731090"}],"curies":[{"name":"wp","href":"https:\/\/api.w.org\/{rel}","templated":true}]}}