{"id":731089,"date":"2025-08-27T21:25:28","date_gmt":"2025-08-27T18:25:28","guid":{"rendered":"https:\/\/roveyayinevi.com.tr\/index.php\/urun\/cinai-absurtler\/"},"modified":"2026-04-03T02:46:18","modified_gmt":"2026-04-02T23:46:18","slug":"cinai-absurtler","status":"publish","type":"product","link":"https:\/\/roveyayinevi.com.tr\/index.php\/urun\/cinai-absurtler\/","title":{"rendered":"Cinai Abs\u00fcrtler"},"content":{"rendered":"<p>Burada ciddi bir cinai hik\u00e2ye yaz\u0131yoruz. Cinayet ciddi bir eylemdir. \u00d6lmek kadar zordur \u00f6ld\u00fcrmek ve belki daha da zor. \u00d6yle kazara olmu\u015f cinayetlerden s\u00f6z etmiyorum, onda \u201cpardon\u201d dersin ge\u00e7er, bir kazad\u0131r sonu\u00e7ta. Bir pardonla biter i\u015f, biraz mahcubiyettir bedeli. Kaza sonucu i\u015flenen cinayet osuruktan tayyaredir. Lakin taamm\u00fcden \u00f6yle mi? Taamm\u00fcden. Kelimenin kendisi a\u011f\u0131r zaten, cezas\u0131 da \u00f6yle; eskiden idamd\u0131, \u015fimdi kald\u0131r\u0131ld\u0131 adam asmaca. M\u00fcebbet hapis, hayat\u0131n kodeste ge\u00e7ecek d\u00fc\u015f\u00fcnsene. G\u00f6ze alm\u0131\u015f\u0131n bu bir, g\u00f6z\u00fc karal\u0131k gerek. \u0130kincisi zek\u00e2 gerek bunun i\u00e7in, iyi bir tasar\u0131m, iyi bir strateji, plan program, zamanlama gerek. Zor i\u015f anlayaca\u011f\u0131n\u0131z. S\u0131radan cinayetler g\u00fcndelik hayat\u0131n tekd\u00fczeli\u011finde yok olup giderken, Fato\u015f Beykal\u2019\u0131n kaleminde abs\u00fcrt ve kara komik bir karaktere b\u00fcr\u00fcn\u00fcyor. Herkesin herkesi \u00f6ld\u00fcrd\u00fc\u011f\u00fc ve kimsenin cinayetlerinden pi\u015fmanl\u0131k duymad\u0131\u011f\u0131 bu ger\u00e7eklikte cinai eylemler, bir kahve kaynatmak kadar \u00f6nem arz eden ve bir o kadar da hayat\u0131n i\u00e7inden birer hadiseye d\u00f6n\u00fc\u015f\u00fcyor. Cinai Abs\u00fcrtler, yazar\u0131n ve karakterlerin zek\u00e2s\u0131na hayran b\u0131rakan \u00f6zg\u00fcn bir eser. <\/p>\n","protected":false},"excerpt":{"rendered":"<p>Burada ciddi bir cinai hik\u00e2ye yaz\u0131yoruz. Cinayet ciddi bir eylemdir. \u00d6lmek kadar zordur \u00f6ld\u00fcrmek ve belki daha da zor. \u00d6yle kazara olmu\u015f cinayetlerden s\u00f6z etmiyorum, onda<span class=\"excerpt-hellip\"> [\u2026]<\/span><\/p>\n","protected":false},"featured_media":0,"template":"","meta":{"_monsterinsights_skip_tracking":false,"_monsterinsights_sitenote_active":false,"_monsterinsights_sitenote_note":"","_monsterinsights_sitenote_category":0},"product_brand":[],"product_cat":[12291,12711],"product_tag":[],"class_list":{"0":"post-731089","1":"product","2":"type-product","3":"status-publish","5":"product_cat-edebiyat","6":"product_cat-roman-oyku","7":"pa_cilt-ciltsiz","8":"pa_tur-kitap","9":"pa_yayinevi-kara-karga-yayinlari","10":"pa_yazar-fatos-beykal","12":"first","13":"instock","14":"sale","15":"shipping-taxable","16":"purchasable","17":"product-type-simple"},"_links":{"self":[{"href":"https:\/\/roveyayinevi.com.tr\/index.php\/wp-json\/wp\/v2\/product\/731089","targetHints":{"allow":["GET"]}}],"collection":[{"href":"https:\/\/roveyayinevi.com.tr\/index.php\/wp-json\/wp\/v2\/product"}],"about":[{"href":"https:\/\/roveyayinevi.com.tr\/index.php\/wp-json\/wp\/v2\/types\/product"}],"wp:attachment":[{"href":"https:\/\/roveyayinevi.com.tr\/index.php\/wp-json\/wp\/v2\/media?parent=731089"}],"wp:term":[{"taxonomy":"product_brand","embeddable":true,"href":"https:\/\/roveyayinevi.com.tr\/index.php\/wp-json\/wp\/v2\/product_brand?post=731089"},{"taxonomy":"product_cat","embeddable":true,"href":"https:\/\/roveyayinevi.com.tr\/index.php\/wp-json\/wp\/v2\/product_cat?post=731089"},{"taxonomy":"product_tag","embeddable":true,"href":"https:\/\/roveyayinevi.com.tr\/index.php\/wp-json\/wp\/v2\/product_tag?post=731089"}],"curies":[{"name":"wp","href":"https:\/\/api.w.org\/{rel}","templated":true}]}}