{"id":731088,"date":"2025-08-27T21:25:27","date_gmt":"2025-08-27T18:25:27","guid":{"rendered":"https:\/\/roveyayinevi.com.tr\/index.php\/urun\/sukurler-olsun-bugun-pazartesi\/"},"modified":"2026-03-24T02:43:30","modified_gmt":"2026-03-23T23:43:30","slug":"sukurler-olsun-bugun-pazartesi","status":"publish","type":"product","link":"https:\/\/roveyayinevi.com.tr\/index.php\/urun\/sukurler-olsun-bugun-pazartesi\/","title":{"rendered":"\u015e\u00fck\u00fcrler Olsun Bug\u00fcn Pazartesi"},"content":{"rendered":"<p>\u2026\u201cHayat\u0131m\u0131z bir tren yolcu\u011funa benzer. Do\u011fumumuzla birlikte hayat trenine biner ve yolculu\u011fa ba\u015flar\u0131z. Baz\u0131 istasyonlar \u00f6nemlidir, oralarda ya durur aktarma yapar\u0131z ya da ayn\u0131 trende y\u00f6n de\u011fi\u015ftiririz. Bu istasyonlar her birimizin hayat\u0131ndaki en \u00f6nemli kararlar\u0131n al\u0131nd\u0131\u011f\u0131, d\u00f6n\u00fcm noktalar\u0131 yaratan ve bizi gitmemiz gereken son noktaya vard\u0131ran duraklard\u0131r. Belli yolculuk s\u00fcrelerinde mutlaka o \u00f6nemli istasyonlara geliriz ve orada b\u00fcy\u00fck de\u011fi\u015fimler ya\u015far\u0131z. \u00d6nemli kararlar, \u00f6nemli olaylar, \u00f6nemli dokunu\u015flarla tren yolcu\u011fumuzda kendi ini\u015f noktam\u0131za g\u00f6re rotam\u0131zda seyahate devam ederiz.\u201d\u2026 Pazartesi g\u00fcnleri \u00e7o\u011fu insan i\u00e7in s\u0131k\u0131nt\u0131l\u0131 ve hi\u00e7 de sevilmeyen bir g\u00fcnd\u00fcr. H\u00e2lbuki her yeni haftan\u0131n ilk g\u00fcn\u00fc i\u00e7inde yeni umutlar bar\u0131nd\u0131r\u0131r. Her umut da \u015f\u00fck\u00fcr olmadan ta\u00e7lanmaz. T\u00fcm bu umut kap\u0131n\u0131n anahtar\u0131 \u201c\u015f\u00fck\u00fcr\u201dd\u00fcr. Bu nedenle hadi hep birlikte pazartesi g\u00fcnlerin lay\u0131k oldu\u011fu de\u011feri verelim ve ya\u015fad\u0131\u011f\u0131m\u0131z her yeni haftaya \u015f\u00fck\u00fcrle ba\u015flayal\u0131m.<\/p>\n","protected":false},"excerpt":{"rendered":"<p>\u2026\u201cHayat\u0131m\u0131z bir tren yolcu\u011funa benzer. Do\u011fumumuzla birlikte hayat trenine biner ve yolculu\u011fa ba\u015flar\u0131z. Baz\u0131 istasyonlar \u00f6nemlidir, oralarda ya durur aktarma yapar\u0131z ya da ayn\u0131 trende y\u00f6n<span class=\"excerpt-hellip\"> [\u2026]<\/span><\/p>\n","protected":false},"featured_media":0,"template":"","meta":{"_monsterinsights_skip_tracking":false,"_monsterinsights_sitenote_active":false,"_monsterinsights_sitenote_note":"","_monsterinsights_sitenote_category":0},"product_brand":[],"product_cat":[12364,12376],"product_tag":[],"class_list":{"0":"post-731088","1":"product","2":"type-product","3":"status-publish","5":"product_cat-genel-konular","6":"product_cat-kisisel-gelisim","7":"pa_cilt-ciltsiz","8":"pa_tur-kitap","9":"pa_yayinevi-sucek-medya-yayinlari","10":"pa_yazar-begum-akis","12":"first","13":"instock","14":"sale","15":"shipping-taxable","16":"purchasable","17":"product-type-simple"},"_links":{"self":[{"href":"https:\/\/roveyayinevi.com.tr\/index.php\/wp-json\/wp\/v2\/product\/731088","targetHints":{"allow":["GET"]}}],"collection":[{"href":"https:\/\/roveyayinevi.com.tr\/index.php\/wp-json\/wp\/v2\/product"}],"about":[{"href":"https:\/\/roveyayinevi.com.tr\/index.php\/wp-json\/wp\/v2\/types\/product"}],"wp:attachment":[{"href":"https:\/\/roveyayinevi.com.tr\/index.php\/wp-json\/wp\/v2\/media?parent=731088"}],"wp:term":[{"taxonomy":"product_brand","embeddable":true,"href":"https:\/\/roveyayinevi.com.tr\/index.php\/wp-json\/wp\/v2\/product_brand?post=731088"},{"taxonomy":"product_cat","embeddable":true,"href":"https:\/\/roveyayinevi.com.tr\/index.php\/wp-json\/wp\/v2\/product_cat?post=731088"},{"taxonomy":"product_tag","embeddable":true,"href":"https:\/\/roveyayinevi.com.tr\/index.php\/wp-json\/wp\/v2\/product_tag?post=731088"}],"curies":[{"name":"wp","href":"https:\/\/api.w.org\/{rel}","templated":true}]}}