{"id":731086,"date":"2025-08-27T21:25:26","date_gmt":"2025-08-27T18:25:26","guid":{"rendered":"https:\/\/roveyayinevi.com.tr\/index.php\/urun\/multi-sportif-arastirmalar-6-farkli-yaklasim\/"},"modified":"2026-04-16T02:38:59","modified_gmt":"2026-04-15T23:38:59","slug":"multi-sportif-arastirmalar-6-farkli-yaklasim","status":"publish","type":"product","link":"https:\/\/roveyayinevi.com.tr\/index.php\/urun\/multi-sportif-arastirmalar-6-farkli-yaklasim\/","title":{"rendered":"Multi Sportif Ara\u015ft\u0131rmalar &#8211; 6 Farkl\u0131 Yakla\u015f\u0131m"},"content":{"rendered":"<p>\u0130\u00e7indekiler B\u00f6l\u00fcm 1 Beden E\u011fitimi ve Spor \u00d6\u011fretiminde Model Kullan\u0131lmas\u0131   B\u00f6l\u00fcm 2 Spor Turizmi Etkinliklerinin Ekonomik \u00c7evresel ve K\u00fclt\u00fcrel Etkileri   B\u00f6l\u00fcm 3   Tarihsel S\u00fcre\u00e7te Paralimpik Yaz Oyunlar\u0131 B\u00f6l\u00fcm 5 Ali R\u0131za Yalman\u2019\u0131n(Yalk\u0131n) Cenupta T\u00fcrkmen Oymaklar\u0131 Eserindeki Geleneksel Spor ve Oyunlar   B\u00f6l\u00fcm 6 Rekreasyonel T\u00fcpl\u00fc Dal\u0131\u015f Maceras\u0131 ve \u0130yi Olu\u015f<\/p>\n","protected":false},"excerpt":{"rendered":"<p>\u0130\u00e7indekiler B\u00f6l\u00fcm 1 Beden E\u011fitimi ve Spor \u00d6\u011fretiminde Model Kullan\u0131lmas\u0131 B\u00f6l\u00fcm 2 Spor Turizmi Etkinliklerinin Ekonomik \u00c7evresel ve K\u00fclt\u00fcrel Etkileri B\u00f6l\u00fcm 3 Tarihsel S\u00fcre\u00e7te Paralimpik Yaz<span class=\"excerpt-hellip\"> [\u2026]<\/span><\/p>\n","protected":false},"featured_media":0,"template":"","meta":{"_monsterinsights_skip_tracking":false,"_monsterinsights_sitenote_active":false,"_monsterinsights_sitenote_note":"","_monsterinsights_sitenote_category":0},"product_brand":[],"product_cat":[13005,40995],"product_tag":[],"class_list":{"0":"post-731086","1":"product","2":"type-product","3":"status-publish","5":"product_cat-bilim-muhendislik","6":"product_cat-sosyal-bilimler","7":"pa_cilt-ciltsiz","8":"pa_tur-kitap","9":"pa_yayinevi-gazi-kitabevi","10":"pa_yazar-gazi-kitabevi-kolektif","12":"first","13":"instock","14":"sale","15":"shipping-taxable","16":"purchasable","17":"product-type-simple"},"_links":{"self":[{"href":"https:\/\/roveyayinevi.com.tr\/index.php\/wp-json\/wp\/v2\/product\/731086","targetHints":{"allow":["GET"]}}],"collection":[{"href":"https:\/\/roveyayinevi.com.tr\/index.php\/wp-json\/wp\/v2\/product"}],"about":[{"href":"https:\/\/roveyayinevi.com.tr\/index.php\/wp-json\/wp\/v2\/types\/product"}],"wp:attachment":[{"href":"https:\/\/roveyayinevi.com.tr\/index.php\/wp-json\/wp\/v2\/media?parent=731086"}],"wp:term":[{"taxonomy":"product_brand","embeddable":true,"href":"https:\/\/roveyayinevi.com.tr\/index.php\/wp-json\/wp\/v2\/product_brand?post=731086"},{"taxonomy":"product_cat","embeddable":true,"href":"https:\/\/roveyayinevi.com.tr\/index.php\/wp-json\/wp\/v2\/product_cat?post=731086"},{"taxonomy":"product_tag","embeddable":true,"href":"https:\/\/roveyayinevi.com.tr\/index.php\/wp-json\/wp\/v2\/product_tag?post=731086"}],"curies":[{"name":"wp","href":"https:\/\/api.w.org\/{rel}","templated":true}]}}