{"id":731085,"date":"2025-08-27T21:25:25","date_gmt":"2025-08-27T18:25:25","guid":{"rendered":"https:\/\/roveyayinevi.com.tr\/index.php\/urun\/muhasebe-organizasyon-pazarlama-anlayis-tartisma-ve-gelismeler-cilt-2\/"},"modified":"2026-04-16T02:38:59","modified_gmt":"2026-04-15T23:38:59","slug":"muhasebe-organizasyon-pazarlama-anlayis-tartisma-ve-gelismeler-cilt-2","status":"publish","type":"product","link":"https:\/\/roveyayinevi.com.tr\/index.php\/urun\/muhasebe-organizasyon-pazarlama-anlayis-tartisma-ve-gelismeler-cilt-2\/","title":{"rendered":"Muhasebe Organizasyon Pazarlama Anlay\u0131\u015f, Tart\u0131\u015fma ve Geli\u015fmeler Cilt 2"},"content":{"rendered":"<p>\u0130\u00e7indekiler Critical Theory and a Critical Approach to Marketing   The Role of Brand Association Factors in Ensuring Brand Loyalty in the Online Environment   Pazarlaman\u0131n Tan\u0131m\u0131 \u2013 Kapsam\u0131 ve Pazarlama Anlay\u0131\u015f\u0131ndaki Geli\u015fmeler   Pazarlamada Ya\u015fanan Dijital D\u00f6n\u00fc\u015f\u00fcmler: Sosyal Medya Pazarlamas\u0131   Sosyal Medya ve Gelecekte Dijital Pazarlama   Siyasal Pazarlama Kapsam\u0131nda Sosyal Payla\u015f\u0131m Sitelerinin AHP Y\u00f6ntemiyle De\u011ferlendirilmesi The Role of Internal Audit in the Social Media Audit   T\u00fcketim Bilinci, De\u011fer ve Alg\u0131lanan T\u00fcketici Etkinli\u011finin Sosyal Sorumlu T\u00fcketim \u00dczerindeki Etkileri   \u0130\u015fg\u00f6renlerin Kurumsal Sosyal Sorumluluk Alg\u0131s\u0131 \u00dczerine Ampirik Bir \u00c7al\u0131\u015fma   T\u00fcketici Sat\u0131n Alma Karar S\u00fcrecinde Renklerin Dili   Ye\u015fil Pazarlama Y\u00f6nelimi   Afrika Okyanusu; Mavi mi, K\u0131z\u0131l m\u0131?   \u015eehir Pazarlamas\u0131 ve Marka \u015eehirler   Yapay Zekan\u0131n Geli\u015fimi ve Pazarlama Uygulamalar\u0131nda Kullan\u0131m\u0131   Pazarlama Performans\u0131na Etkileri Bak\u0131m\u0131ndan \u00dcretim Lojisti\u011fi ve Pazarlama Lojisti\u011finin Koordinasyonu: Manisa \u0130li Demirci \u0130l\u00e7esindeki \u0130malat\u00e7\u0131 KOB\u0130\u2019ler \u00dczerine Bir Ara\u015ft\u0131rma   Pandemi D\u00f6neminde De\u011fi\u015fen T\u00fcketici Profili   Pandemi D\u00f6nemi T\u00fcketicisinin D\u00fcrt\u00fcsel Sat\u0131n Al\u0131m ile \u0130mtihan\u0131: Duygular m\u0131 Hakim \u0130rade mi?   T\u00fcketicilerin Ki\u015filik \u00d6zellikleri, F\u0131rsatlar\u0131 Ka\u00e7\u0131rma Korkusu ve \u00c7evrimi\u00e7i Plans\u0131z Sat\u0131n Alma Davran\u0131\u015f\u0131 \u00dczerine Bir Ara\u015ft\u0131rma   Pazarlamada Kampanyalarla Sat\u0131\u015flar\u0131 Art\u0131rmada Arz Talep Odakl\u0131 Yarat\u0131lan Fark\u0131ndal\u0131klar\u0131n T\u00fcketicilerin Sat\u0131n Alma Davran\u0131\u015flar\u0131na Etkileri ve Bir \u0130nceleme   K\u00fcmeleme Analizi ile Finansal Okuryazarl\u0131k ve \u0130rrasyonel Sat\u0131n Alma Davran\u0131\u015flar\u0131na Y\u00f6nelik Bir Ara\u015ft\u0131rma   B\u00fct\u00fcnle\u015fik Kanall\u0131 Perakendecilikte Hizmet Kalitesi ve Hizmet Hatas\u0131 Telafisi   End\u00fcstri 5.0 Modeli ile \u0130\u015fletmelerde S\u00fcrd\u00fcr\u00fclebilirli\u011fin Y\u00f6netimi   Uzaktan E\u011fitimin Yerel \u0130\u015fletmeler(KOB\u0130) \u00dczerindeki Etkisine Y\u00f6nelik \u00d6l\u00e7ek Geli\u015ftirme Ara\u015ft\u0131rmas\u0131   \u0130\u015f D\u00fcnyas\u0131nda Yeni Bir Kavram: \u00d6rg\u00fctsel Muhalefet ve Di\u011fer \u00d6rg\u00fctsel De\u011fi\u015fkenlerle \u0130li\u015fkisi<\/p>\n","protected":false},"excerpt":{"rendered":"<p>\u0130\u00e7indekiler Critical Theory and a Critical Approach to Marketing The Role of Brand Association Factors in Ensuring Brand Loyalty in the Online Environment Pazarlaman\u0131n Tan\u0131m\u0131 \u2013<span class=\"excerpt-hellip\"> [\u2026]<\/span><\/p>\n","protected":false},"featured_media":0,"template":"","meta":{"_monsterinsights_skip_tracking":false,"_monsterinsights_sitenote_active":false,"_monsterinsights_sitenote_note":"","_monsterinsights_sitenote_category":0},"product_brand":[],"product_cat":[13043,14381],"product_tag":[],"class_list":{"0":"post-731085","1":"product","2":"type-product","3":"status-publish","5":"product_cat-ekonomi","6":"product_cat-isletme-muhasebe-maliye","7":"pa_cilt-ciltsiz","8":"pa_tur-kitap","9":"pa_yayinevi-gazi-kitabevi","10":"pa_yazar-gazi-kitabevi-kolektif","12":"first","13":"instock","14":"sale","15":"shipping-taxable","16":"purchasable","17":"product-type-simple"},"_links":{"self":[{"href":"https:\/\/roveyayinevi.com.tr\/index.php\/wp-json\/wp\/v2\/product\/731085","targetHints":{"allow":["GET"]}}],"collection":[{"href":"https:\/\/roveyayinevi.com.tr\/index.php\/wp-json\/wp\/v2\/product"}],"about":[{"href":"https:\/\/roveyayinevi.com.tr\/index.php\/wp-json\/wp\/v2\/types\/product"}],"wp:attachment":[{"href":"https:\/\/roveyayinevi.com.tr\/index.php\/wp-json\/wp\/v2\/media?parent=731085"}],"wp:term":[{"taxonomy":"product_brand","embeddable":true,"href":"https:\/\/roveyayinevi.com.tr\/index.php\/wp-json\/wp\/v2\/product_brand?post=731085"},{"taxonomy":"product_cat","embeddable":true,"href":"https:\/\/roveyayinevi.com.tr\/index.php\/wp-json\/wp\/v2\/product_cat?post=731085"},{"taxonomy":"product_tag","embeddable":true,"href":"https:\/\/roveyayinevi.com.tr\/index.php\/wp-json\/wp\/v2\/product_tag?post=731085"}],"curies":[{"name":"wp","href":"https:\/\/api.w.org\/{rel}","templated":true}]}}