{"id":731082,"date":"2025-08-27T21:25:23","date_gmt":"2025-08-27T18:25:23","guid":{"rendered":"https:\/\/roveyayinevi.com.tr\/index.php\/urun\/maliye-biliminde-gelenekci-ve-yenilikci-yaklasim-ve-gelismeler\/"},"modified":"2026-04-16T02:38:59","modified_gmt":"2026-04-15T23:38:59","slug":"maliye-biliminde-gelenekci-ve-yenilikci-yaklasim-ve-gelismeler","status":"publish","type":"product","link":"https:\/\/roveyayinevi.com.tr\/index.php\/urun\/maliye-biliminde-gelenekci-ve-yenilikci-yaklasim-ve-gelismeler\/","title":{"rendered":"Maliye Biliminde Gelenek\u00e7i ve Yenilik\u00e7i Yakla\u015f\u0131m ve Geli\u015fmeler"},"content":{"rendered":"<p>\u0130\u00e7indekiler Vergi Hukukunda Ki\u015fisel Verilerin Korunmas\u0131 Sorunsal\u0131   Vergilemenin Mali Amac\u0131n\u0131n Ger\u00e7ekle\u015fmesinde Etkili Olan Fakt\u00f6rler   T\u00fcrk Vergi Sisteminde Gelir \u00dczerinden Al\u0131nan Vergilerde \u00d6zel Vergi G\u00fcvenlik \u00d6nlemleri   Alkoll\u00fc \u0130\u00e7kilerin Vergilendirilmesi: T\u00fcrkiye \u00dczerine Kar\u015f\u0131la\u015ft\u0131rmal\u0131 Bir De\u011felendirme   \u00c7evre Kirlili\u011finin Bir T\u00fcr\u00fc Olan Hava Kirlili\u011fi ve Havac\u0131l\u0131k Vergisi   K\u00fcresel Bir D\u00f6n\u00fc\u015f\u00fcm: Dijital Hizmet Vergisi Otomasyon, Bili\u015fsel Kapitalizm, Pandemi ve Devlet Maliyesi: Vatanda\u015fl\u0131k Geliri Tart\u0131\u015fmalar\u0131   Kamu Harcama ve Gelir Politikalar\u0131n\u0131n Pandemi ( Covid-19 ) S\u00fcrecinde Refah Devleti Kapsam\u0131nda De\u011ferlendirilmesi   \u0130slam Maliye Tarihi Literat\u00fcr\u00fcn\u00fcn Te\u015fekk\u00fcl\u00fcne Bir Katk\u0131: Maverdi ve Kamu Maliyesi   Performans Esasl\u0131 B\u00fct\u00e7e Sisteminin Etkinli\u011finin Art\u0131r\u0131lmas\u0131: Program B\u00fct\u00e7e Yakla\u015f\u0131m\u0131na D\u00f6n\u00fc\u015f   Kamu \u2013 \u00d6zel Sekt\u00f6r Ortakl\u0131klar\u0131n\u0131n Art\u0131\u015f\u0131 ve Beyaz Fil Sendromu \u2013 T\u00fcrkiye \u0130ncelemesi   \u0130stanbul B\u00fcy\u00fck\u015fehir Belediyesi\u2019nin Son 5 Y\u0131l (2016-2020) Harcamalar\u0131 ve Harcamalar\u0131n Analizi   Belediyelerde \u00d6zel Kalem Harcamalar\u0131: \u0130zmir-Sel\u00e7uk Belediyesi \u00d6rne\u011fi   Kamu Hizmet Sunumunda Yapay Zeka Uygulamalar\u0131: Estonya, Danimarka ve Finlandiya \u00d6rne\u011fi<\/p>\n","protected":false},"excerpt":{"rendered":"<p>\u0130\u00e7indekiler Vergi Hukukunda Ki\u015fisel Verilerin Korunmas\u0131 Sorunsal\u0131 Vergilemenin Mali Amac\u0131n\u0131n Ger\u00e7ekle\u015fmesinde Etkili Olan Fakt\u00f6rler T\u00fcrk Vergi Sisteminde Gelir \u00dczerinden Al\u0131nan Vergilerde \u00d6zel Vergi G\u00fcvenlik \u00d6nlemleri Alkoll\u00fc<span class=\"excerpt-hellip\"> [\u2026]<\/span><\/p>\n","protected":false},"featured_media":0,"template":"","meta":{"_monsterinsights_skip_tracking":false,"_monsterinsights_sitenote_active":false,"_monsterinsights_sitenote_note":"","_monsterinsights_sitenote_category":0},"product_brand":[],"product_cat":[13043,14381],"product_tag":[],"class_list":{"0":"post-731082","1":"product","2":"type-product","3":"status-publish","5":"product_cat-ekonomi","6":"product_cat-isletme-muhasebe-maliye","7":"pa_cilt-ciltsiz","8":"pa_tur-kitap","9":"pa_yayinevi-gazi-kitabevi","10":"pa_yazar-gazi-kitabevi-kolektif","12":"first","13":"instock","14":"sale","15":"shipping-taxable","16":"purchasable","17":"product-type-simple"},"_links":{"self":[{"href":"https:\/\/roveyayinevi.com.tr\/index.php\/wp-json\/wp\/v2\/product\/731082","targetHints":{"allow":["GET"]}}],"collection":[{"href":"https:\/\/roveyayinevi.com.tr\/index.php\/wp-json\/wp\/v2\/product"}],"about":[{"href":"https:\/\/roveyayinevi.com.tr\/index.php\/wp-json\/wp\/v2\/types\/product"}],"wp:attachment":[{"href":"https:\/\/roveyayinevi.com.tr\/index.php\/wp-json\/wp\/v2\/media?parent=731082"}],"wp:term":[{"taxonomy":"product_brand","embeddable":true,"href":"https:\/\/roveyayinevi.com.tr\/index.php\/wp-json\/wp\/v2\/product_brand?post=731082"},{"taxonomy":"product_cat","embeddable":true,"href":"https:\/\/roveyayinevi.com.tr\/index.php\/wp-json\/wp\/v2\/product_cat?post=731082"},{"taxonomy":"product_tag","embeddable":true,"href":"https:\/\/roveyayinevi.com.tr\/index.php\/wp-json\/wp\/v2\/product_tag?post=731082"}],"curies":[{"name":"wp","href":"https:\/\/api.w.org\/{rel}","templated":true}]}}