{"id":731081,"date":"2025-08-27T21:25:22","date_gmt":"2025-08-27T18:25:22","guid":{"rendered":"https:\/\/roveyayinevi.com.tr\/index.php\/urun\/kuramsal-anlamda-yonetim-ve-strateji\/"},"modified":"2026-04-16T02:38:59","modified_gmt":"2026-04-15T23:38:59","slug":"kuramsal-anlamda-yonetim-ve-strateji","status":"publish","type":"product","link":"https:\/\/roveyayinevi.com.tr\/index.php\/urun\/kuramsal-anlamda-yonetim-ve-strateji\/","title":{"rendered":"Kuramsal Anlamda Y\u00f6netim ve Strateji"},"content":{"rendered":"<p>\u0130\u00e7indekiler Open Strategy: An Emergent Theoretical Perspective in Strategy Research and Practice   The Role of Perceived Organizational Support in the Relationship between Digi-Agile Organizational Culture and Sustainable Competitive Advantage   Malign orBenign: A Preliminary Study on the Different Faces of Dominance in Task-Oriented Groups   G\u00fc\u00e7 Temellerinin G\u00fc\u00e7lendirme Yoluyla \u0130\u015fle B\u00fct\u00fcnle\u015fmeye Etkisi   Uzun \u00d6m\u00fcrl\u00fcl\u00fck ve \u0130\u015f Hayat\u0131: \u00c7al\u0131\u015fan ve \u0130\u015fveren Motivasyonu \u00dczerine Bir De\u011ferlendirme   Kavramsal Bir \u0130nceleme: \u0130\u015fte Kendine Yeti\u015ftirme Kabotaj Kanunu ve T\u00fcrk Deniz Ta\u015f\u0131mac\u0131l\u0131\u011f\u0131   Savunmac\u0131 Davran\u0131\u015f E\u011filimi   \u00d6zel Hastanelerde Kurumsalla\u015fma ve Markala\u015fma   Presenteeism Konusunda Bibliyometrik Bir Ara\u015ft\u0131rma   Covid-19 Pandemi S\u00fcrecinde Klasik Liderlik Tarzlar\u0131na Alternatif Olarak \u201cKendi Kendine Liderlik\u201d   K\u0131br\u0131s\u2019ta Ahilik   Toplum 5.0 ve \u0130nsan Kaynaklar\u0131 Y\u00f6netiminde G\u00fcncel Yakla\u015f\u0131mlar   Bir Rekabet G\u00fcc\u00fc Olarak Entelekt\u00fcel Sermayenin De\u011ferlendirilmesi   Organizasyonlarda Dijital D\u00f6n\u00fc\u015f\u00fcm\u00fcn \u00c7al\u0131\u015fan Davran\u0131\u015flar\u0131na Etkileri \u00dczerine Teorik Bir \u0130nceleme   \u00d6rg\u00fctsel Fark\u0131ndal\u0131k \u00dczerine Kavramsal Bir De\u011ferlendirme   De\u011fi\u015fen Stratejik Y\u00f6netim Anlay\u0131\u015f\u0131   T\u00fcrkiye\u2019nin Do\u011falgaz Stratejisine Y\u00f6nelik Bir Analiz   Psikolojik \u0130yi Olu\u015fun Ba\u011flamsal Performans ve Ya\u015fam Doyumu \u00dczerindeki Yorday\u0131c\u0131l\u0131k G\u00f6revi   Modern \u00dcretim Sistemlerinde Tam Zaman\u0131nda \u00dcretim Felsefesi   \u00d6rg\u00fctsel Erdemlilik \u00dczerine Literat\u00fcr ve Kavramsal Bir Analiz   \u0130\u015f Beceriklili\u011finin \u0130\u015f Tatminine Olan Etkisinin Alg\u0131lanan \u00d6rg\u00fctsel Destek Ba\u011flam\u0131nda \u0130ncelenmesi <\/p>\n","protected":false},"excerpt":{"rendered":"<p>\u0130\u00e7indekiler Open Strategy: An Emergent Theoretical Perspective in Strategy Research and Practice The Role of Perceived Organizational Support in the Relationship between Digi-Agile Organizational Culture and<span class=\"excerpt-hellip\"> [\u2026]<\/span><\/p>\n","protected":false},"featured_media":0,"template":"","meta":{"_monsterinsights_skip_tracking":false,"_monsterinsights_sitenote_active":false,"_monsterinsights_sitenote_note":"","_monsterinsights_sitenote_category":0},"product_brand":[],"product_cat":[13043,14381],"product_tag":[],"class_list":{"0":"post-731081","1":"product","2":"type-product","3":"status-publish","5":"product_cat-ekonomi","6":"product_cat-isletme-muhasebe-maliye","7":"pa_cilt-ciltsiz","8":"pa_tur-kitap","9":"pa_yayinevi-gazi-kitabevi","10":"pa_yazar-gazi-kitabevi-kolektif","12":"first","13":"instock","14":"sale","15":"shipping-taxable","16":"purchasable","17":"product-type-simple"},"_links":{"self":[{"href":"https:\/\/roveyayinevi.com.tr\/index.php\/wp-json\/wp\/v2\/product\/731081","targetHints":{"allow":["GET"]}}],"collection":[{"href":"https:\/\/roveyayinevi.com.tr\/index.php\/wp-json\/wp\/v2\/product"}],"about":[{"href":"https:\/\/roveyayinevi.com.tr\/index.php\/wp-json\/wp\/v2\/types\/product"}],"wp:attachment":[{"href":"https:\/\/roveyayinevi.com.tr\/index.php\/wp-json\/wp\/v2\/media?parent=731081"}],"wp:term":[{"taxonomy":"product_brand","embeddable":true,"href":"https:\/\/roveyayinevi.com.tr\/index.php\/wp-json\/wp\/v2\/product_brand?post=731081"},{"taxonomy":"product_cat","embeddable":true,"href":"https:\/\/roveyayinevi.com.tr\/index.php\/wp-json\/wp\/v2\/product_cat?post=731081"},{"taxonomy":"product_tag","embeddable":true,"href":"https:\/\/roveyayinevi.com.tr\/index.php\/wp-json\/wp\/v2\/product_tag?post=731081"}],"curies":[{"name":"wp","href":"https:\/\/api.w.org\/{rel}","templated":true}]}}