{"id":731080,"date":"2025-08-27T21:25:21","date_gmt":"2025-08-27T18:25:21","guid":{"rendered":"https:\/\/roveyayinevi.com.tr\/index.php\/urun\/iktisadi-mali-ve-finansal-uygulamalarin-ampirik-sonuclari-cilt-2-maliye-ve-finans-uygulamalari\/"},"modified":"2026-04-16T02:38:59","modified_gmt":"2026-04-15T23:38:59","slug":"iktisadi-mali-ve-finansal-uygulamalarin-ampirik-sonuclari-cilt-2-maliye-ve-finans-uygulamalari","status":"publish","type":"product","link":"https:\/\/roveyayinevi.com.tr\/index.php\/urun\/iktisadi-mali-ve-finansal-uygulamalarin-ampirik-sonuclari-cilt-2-maliye-ve-finans-uygulamalari\/","title":{"rendered":"\u0130ktisadi, Mali ve Finansal Uygulamalar\u0131n Ampirik Sonu\u00e7lar\u0131 Cilt 2-Maliye ve Finans Uygulamalar\u0131"},"content":{"rendered":"<p>\u0130\u00e7indekiler Country \u2013 Comparative Analysis of the Impact of Level of Corruption on Foreign Aid at Quantile Level   K\u00fcreselle\u015fme ve Gelir E\u015fitsizli\u011fi: Merkezi ve Do\u011fu Avrupa (CEE) \u00dclkeleri \u0130\u00e7in Bir Yakla\u015f\u0131m   Geli\u015fmekte Olan \u00dclkelerde Vergi Yap\u0131s\u0131n\u0131n Gelir Da\u011f\u0131l\u0131m\u0131 \u00dczerindeki Etkisi   Vergi Uyumu Analizinde Kom\u015fuluk Etkisinin Ara\u015ft\u0131r\u0131lmas\u0131na Y\u00f6nelik Deneysel Bir \u00c7al\u0131\u015fma   Vergi Gelirleri ve E-Uygulamalar Kay\u0131td\u0131\u015f\u0131 Ekonominin Azalt\u0131lmas\u0131nda Etkili midir? Enflasyonla M\u00fccadelede Katma De\u011fer Vergisi: VAR Analizi   T\u00fcrkiye\u2019de Kamu Bor\u00e7lar\u0131n\u0131n S\u00fcrd\u00fcr\u00fclebilirli\u011fi: Fourier Fonksiyonlu Do\u011frusal Olmayan Birim K\u00f6k Testlerinden Kan\u0131tlar   Devletin \u0130\u00e7 ve D\u0131\u015f Bor\u00e7lanmas\u0131n\u0131n Ekonomik B\u00fcy\u00fcme \u00dczerindeki Etkisi   T\u00fcrkiye\u2019de Kamu Maliyesinde D\u00f6n\u00fc\u015f\u00fcm ve Yerel Y\u00f6neti\u015fim: Genel B\u00fct\u00e7e Vergi Gelirlerinden Yerel Y\u00f6netimlere Aktar\u0131lan Paylar \u00c7er\u00e7evesinde Ampirik Temelli Analiz (2007-2019)   Belediyelerde Ya\u015fanan Ecrimisil Sorunu Ba\u011flam\u0131nda Sel\u00e7uk Belediyesi \u00d6rne\u011fi   Yapay Sinir A\u011fo Modeliyle Kamu Kesimi \u00c7evre Koruma Harcamalar\u0131n\u0131n Tahmini: U\u015fak \u0130li \u0130\u00e7in Bir Uygulama   N11 \u00dclkelerinde Elektrik T\u00fcketimi ve Ekonomik B\u00fcy\u00fcme \u0130li\u015fkisi: Boostrap Panel Nedensellik Testinden Bulgular   Examining Us Dollar Index (DXY) Movements by Monte Carlo Simulation   Sosyal Sigortalar\u0131n Kapsay\u0131c\u0131l\u0131k D\u00fczeyleri ile \u00dcretim De\u011ferleri Aras\u0131ndaki \u0130li\u015fkiye Y\u00f6nelik Bir Uygulama   2008 Krizi Sonras\u0131 T\u00fcrkiye\u2019de D\u00f6viz Kurunu Etkileyen Se\u00e7ilmi\u015f De\u011fi\u015fkenlerin Yap\u0131sal K\u0131r\u0131lmal\u0131 Analizi   \u00c7imento Sekt\u00f6r\u00fc Firmalar\u0131n\u0131n Finansal Performanslar\u0131n\u0131n Kriz D\u00f6nemlerine Olan Tepkisinin Oran Analizi Y\u00f6ntemiyle \u0130ncelenmesi   End\u00fcstri 4.0\u2019dan End\u00fcstri 5.0\u2019a Ge\u00e7i\u015f ve Yapay Zekan\u0131n Dijital Finans Sekt\u00f6r\u00fcne Etkileri \u00dczerine Bir De\u011ferlendirme   Finansal Performans Etkinli\u011fi \u00d6l\u00e7\u00fcm\u00fc \u0130\u00e7in Veri Zarflama Analizi Y\u00f6ntemi   M\u00fc\u015fteri Deneyimi, Sadakati ve Memnuniyeti \u00dczerine Ampirik Bir \u00c7al\u0131\u015fma   Akademisyenlerin \u0130nternet Kabul\u00fc ile \u0130lgili Davran\u0131\u015flar\u0131 ve Marmara B\u00f6lgesi\u2019nde Yer Alan \u00dcniversitelerde Bir Ara\u015ft\u0131rma   \u00dcniversite \u00d6\u011frencilerinin Finansal Risk Alma E\u011filimine Etki Eden Fakt\u00f6rler   K\u00fc\u00e7\u00fck ve Orta \u00d6l\u00e7ekli \u0130\u015fletmelerde ( KOB\u0130\u2019LER) Muhasebe Bilgilerinin Kullan\u0131m\u0131, Ardahan \u0130li \u00d6rne\u011fi   Yapay Sinir A\u011flar\u0131 ile Banka Karl\u0131l\u0131klar\u0131n\u0131n \u00d6ng\u00f6r\u00fcs\u00fc B\u0130ST Endekslerinin ve D\u00f6viz Kurunun Getirilerindeki ve Oynakl\u0131\u011f\u0131ndaki Haftan\u0131n G\u00fcn\u00fc Etkileri K\u00fcresel Salg\u0131ndan Etkilendi mi ?   The Impact of Global Uncertainty on International Trade: A Research on Maritime Transport   Covid-19\u2019un \u0130\u015fletme B\u00fct\u00e7e Kalemlerine Etkisi<\/p>\n","protected":false},"excerpt":{"rendered":"<p>\u0130\u00e7indekiler Country \u2013 Comparative Analysis of the Impact of Level of Corruption on Foreign Aid at Quantile Level K\u00fcreselle\u015fme ve Gelir E\u015fitsizli\u011fi: Merkezi ve Do\u011fu Avrupa<span class=\"excerpt-hellip\"> [\u2026]<\/span><\/p>\n","protected":false},"featured_media":0,"template":"","meta":{"_monsterinsights_skip_tracking":false,"_monsterinsights_sitenote_active":false,"_monsterinsights_sitenote_note":"","_monsterinsights_sitenote_category":0},"product_brand":[],"product_cat":[13043,14381],"product_tag":[],"class_list":{"0":"post-731080","1":"product","2":"type-product","3":"status-publish","5":"product_cat-ekonomi","6":"product_cat-isletme-muhasebe-maliye","7":"pa_cilt-ciltsiz","8":"pa_tur-kitap","9":"pa_yayinevi-gazi-kitabevi","10":"pa_yazar-gazi-kitabevi-kolektif","12":"first","13":"instock","14":"sale","15":"shipping-taxable","16":"purchasable","17":"product-type-simple"},"_links":{"self":[{"href":"https:\/\/roveyayinevi.com.tr\/index.php\/wp-json\/wp\/v2\/product\/731080","targetHints":{"allow":["GET"]}}],"collection":[{"href":"https:\/\/roveyayinevi.com.tr\/index.php\/wp-json\/wp\/v2\/product"}],"about":[{"href":"https:\/\/roveyayinevi.com.tr\/index.php\/wp-json\/wp\/v2\/types\/product"}],"wp:attachment":[{"href":"https:\/\/roveyayinevi.com.tr\/index.php\/wp-json\/wp\/v2\/media?parent=731080"}],"wp:term":[{"taxonomy":"product_brand","embeddable":true,"href":"https:\/\/roveyayinevi.com.tr\/index.php\/wp-json\/wp\/v2\/product_brand?post=731080"},{"taxonomy":"product_cat","embeddable":true,"href":"https:\/\/roveyayinevi.com.tr\/index.php\/wp-json\/wp\/v2\/product_cat?post=731080"},{"taxonomy":"product_tag","embeddable":true,"href":"https:\/\/roveyayinevi.com.tr\/index.php\/wp-json\/wp\/v2\/product_tag?post=731080"}],"curies":[{"name":"wp","href":"https:\/\/api.w.org\/{rel}","templated":true}]}}