{"id":731073,"date":"2025-08-27T21:25:15","date_gmt":"2025-08-27T18:25:15","guid":{"rendered":"https:\/\/roveyayinevi.com.tr\/index.php\/urun\/sheakespeare-bana-ne-dedi\/"},"modified":"2026-04-16T02:38:59","modified_gmt":"2026-04-15T23:38:59","slug":"sheakespeare-bana-ne-dedi","status":"publish","type":"product","link":"https:\/\/roveyayinevi.com.tr\/index.php\/urun\/sheakespeare-bana-ne-dedi\/","title":{"rendered":"Sheakespeare Bana Ne Dedi?"},"content":{"rendered":"<p>\u0130ngiliz edebiyat\u0131 tarih boyunca hem Bat\u0131 edebiyat\u0131n\u0131 hem de d\u00fcnya edebiyat\u0131n\u0131 etkileyen zengin eserler ortaya \u00e7\u0131kard\u0131. Roman, \u00f6yk\u00fc, \u015fiir ve tiyatro oyunlar\u0131 edebiyat seven herkesin ruhuna dokundu. Bazen Hamlet bize g\u00fc\u00e7 verdi, bazen 1984\u2019\u00fcn B\u00fcy\u00fck Birader\u2019i zalim g\u00f6zlerini \u00fczerimize dikti ya da bazen hayat\u0131n anlam\u0131 Otostop\u00e7unun Galaksi Rehberi\u2019ndeki gibi sadece 42\u2019ydi. Charles Dickens\u2019tan Virginia Woolf\u2019a, Oscar Wilde\u2019dan Jeanette Winterson\u2019a kadar pek \u00e7ok yazara yer veren bu kitap, \u0130ngilizce yaz\u0131lm\u0131\u015f g\u00f6rkemli romanlar\u0131 rafine bir s\u00fczge\u00e7ten ge\u00e7iriyor. Okurun ilgisini \u00e7ekecek ayr\u0131nt\u0131lar\u0131 yakalarken ele al\u0131nan eserlerin edebiyat\u0131m\u0131zdaki izd\u00fc\u015f\u00fcmlerine dokunuyor.   \u201c\u0130nsan var olduk\u00e7a \u00f6yk\u00fc de, \u015fiir de, roman da var olacakt\u0131r ku\u015fkusuz. Okumak ve yazmak, sa\u011falt\u0131c\u0131 bir \u015feydir \u00e7\u00fcnk\u00fc. Yaral\u0131 ruhlar\u0131m\u0131z\u0131 iyile\u015ftirir.\u201d Ercan Kesal <\/p>\n","protected":false},"excerpt":{"rendered":"<p>\u0130ngiliz edebiyat\u0131 tarih boyunca hem Bat\u0131 edebiyat\u0131n\u0131 hem de d\u00fcnya edebiyat\u0131n\u0131 etkileyen zengin eserler ortaya \u00e7\u0131kard\u0131. Roman, \u00f6yk\u00fc, \u015fiir ve tiyatro oyunlar\u0131 edebiyat seven herkesin ruhuna<span class=\"excerpt-hellip\"> [\u2026]<\/span><\/p>\n","protected":false},"featured_media":0,"template":"","meta":{"_monsterinsights_skip_tracking":false,"_monsterinsights_sitenote_active":false,"_monsterinsights_sitenote_note":"","_monsterinsights_sitenote_category":0},"product_brand":[],"product_cat":[13072,12291],"product_tag":[],"class_list":{"0":"post-731073","1":"product","2":"type-product","3":"status-publish","5":"product_cat-arastirma-inceleme-referans","6":"product_cat-edebiyat","7":"pa_cilt-ciltsiz","8":"pa_tur-kitap","9":"pa_yayinevi-nora-kitap","10":"pa_yazar-ruken-ataman","12":"first","13":"instock","14":"sale","15":"shipping-taxable","16":"purchasable","17":"product-type-simple"},"_links":{"self":[{"href":"https:\/\/roveyayinevi.com.tr\/index.php\/wp-json\/wp\/v2\/product\/731073","targetHints":{"allow":["GET"]}}],"collection":[{"href":"https:\/\/roveyayinevi.com.tr\/index.php\/wp-json\/wp\/v2\/product"}],"about":[{"href":"https:\/\/roveyayinevi.com.tr\/index.php\/wp-json\/wp\/v2\/types\/product"}],"wp:attachment":[{"href":"https:\/\/roveyayinevi.com.tr\/index.php\/wp-json\/wp\/v2\/media?parent=731073"}],"wp:term":[{"taxonomy":"product_brand","embeddable":true,"href":"https:\/\/roveyayinevi.com.tr\/index.php\/wp-json\/wp\/v2\/product_brand?post=731073"},{"taxonomy":"product_cat","embeddable":true,"href":"https:\/\/roveyayinevi.com.tr\/index.php\/wp-json\/wp\/v2\/product_cat?post=731073"},{"taxonomy":"product_tag","embeddable":true,"href":"https:\/\/roveyayinevi.com.tr\/index.php\/wp-json\/wp\/v2\/product_tag?post=731073"}],"curies":[{"name":"wp","href":"https:\/\/api.w.org\/{rel}","templated":true}]}}