{"id":731070,"date":"2025-08-27T21:25:12","date_gmt":"2025-08-27T18:25:12","guid":{"rendered":"https:\/\/roveyayinevi.com.tr\/index.php\/urun\/mizinin-aktivite-kitabi\/"},"modified":"2026-04-16T02:38:59","modified_gmt":"2026-04-15T23:38:59","slug":"mizinin-aktivite-kitabi","status":"publish","type":"product","link":"https:\/\/roveyayinevi.com.tr\/index.php\/urun\/mizinin-aktivite-kitabi\/","title":{"rendered":"Mizi\u2019nin Aktivite Kitab\u0131"},"content":{"rendered":"<p>Pek \u00e7ok etkinlik var bu kitapta, Bul, e\u015fle\u015ftir ve tamamla! \u00c7a\u011f\u0131r\u0131yor seni sayfalar\u0131n aras\u0131na, Ne\u015feli K\u00f6stebek Mizi!<\/p>\n","protected":false},"excerpt":{"rendered":"<p>Pek \u00e7ok etkinlik var bu kitapta, Bul, e\u015fle\u015ftir ve tamamla! \u00c7a\u011f\u0131r\u0131yor seni sayfalar\u0131n aras\u0131na, Ne\u015feli K\u00f6stebek Mizi!<\/p>\n","protected":false},"featured_media":0,"template":"","meta":{"_monsterinsights_skip_tracking":false,"_monsterinsights_sitenote_active":false,"_monsterinsights_sitenote_note":"","_monsterinsights_sitenote_category":0},"product_brand":[],"product_cat":[12274,12518],"product_tag":[],"class_list":{"0":"post-731070","1":"product","2":"type-product","3":"status-publish","5":"product_cat-cocuk-ve-genclik-kitaplari","6":"product_cat-okul-oncesi-kitaplar","7":"pa_cilt-ciltsiz","8":"pa_tur-kitap","9":"pa_yayinevi-abm-yayinevi","10":"pa_yazar-mehtap-arat","12":"first","13":"instock","14":"sale","15":"shipping-taxable","16":"purchasable","17":"product-type-simple"},"_links":{"self":[{"href":"https:\/\/roveyayinevi.com.tr\/index.php\/wp-json\/wp\/v2\/product\/731070","targetHints":{"allow":["GET"]}}],"collection":[{"href":"https:\/\/roveyayinevi.com.tr\/index.php\/wp-json\/wp\/v2\/product"}],"about":[{"href":"https:\/\/roveyayinevi.com.tr\/index.php\/wp-json\/wp\/v2\/types\/product"}],"wp:attachment":[{"href":"https:\/\/roveyayinevi.com.tr\/index.php\/wp-json\/wp\/v2\/media?parent=731070"}],"wp:term":[{"taxonomy":"product_brand","embeddable":true,"href":"https:\/\/roveyayinevi.com.tr\/index.php\/wp-json\/wp\/v2\/product_brand?post=731070"},{"taxonomy":"product_cat","embeddable":true,"href":"https:\/\/roveyayinevi.com.tr\/index.php\/wp-json\/wp\/v2\/product_cat?post=731070"},{"taxonomy":"product_tag","embeddable":true,"href":"https:\/\/roveyayinevi.com.tr\/index.php\/wp-json\/wp\/v2\/product_tag?post=731070"}],"curies":[{"name":"wp","href":"https:\/\/api.w.org\/{rel}","templated":true}]}}