{"id":731069,"date":"2025-08-27T21:25:12","date_gmt":"2025-08-27T18:25:12","guid":{"rendered":"https:\/\/roveyayinevi.com.tr\/index.php\/urun\/kapinin-ardi\/"},"modified":"2026-04-16T02:38:59","modified_gmt":"2026-04-15T23:38:59","slug":"kapinin-ardi","status":"publish","type":"product","link":"https:\/\/roveyayinevi.com.tr\/index.php\/urun\/kapinin-ardi\/","title":{"rendered":"Kap\u0131n\u0131n Ard\u0131"},"content":{"rendered":"<p>Ali, kendini bildi bileli korkular\u0131n\u0131 ve endi\u015felerini odas\u0131nda kendi yaratt\u0131\u011f\u0131 bir kap\u0131n\u0131n ard\u0131na saklar, her gece kap\u0131n\u0131n kilitli oldu\u011fundan emin olunca uyurdu. Fakat bir g\u00fcn kap\u0131y\u0131 aral\u0131k buldu. Art\u0131k Ali i\u00e7in karar verme zaman\u0131&#8230; Merak\u0131n\u0131n yan\u0131na cesaretini al\u0131p kap\u0131dan i\u00e7eri girmeli mi yoksa kap\u0131y\u0131 kapat\u0131p her \u015feyi g\u00f6rmezden mi gelmeli?<\/p>\n","protected":false},"excerpt":{"rendered":"<p>Ali, kendini bildi bileli korkular\u0131n\u0131 ve endi\u015felerini odas\u0131nda kendi yaratt\u0131\u011f\u0131 bir kap\u0131n\u0131n ard\u0131na saklar, her gece kap\u0131n\u0131n kilitli oldu\u011fundan emin olunca uyurdu. Fakat bir g\u00fcn kap\u0131y\u0131<span class=\"excerpt-hellip\"> [\u2026]<\/span><\/p>\n","protected":false},"featured_media":0,"template":"","meta":{"_monsterinsights_skip_tracking":false,"_monsterinsights_sitenote_active":false,"_monsterinsights_sitenote_note":"","_monsterinsights_sitenote_category":0},"product_brand":[],"product_cat":[12913,12274],"product_tag":[],"class_list":{"0":"post-731069","1":"product","2":"type-product","3":"status-publish","5":"product_cat-3-6-yas-kitaplari","6":"product_cat-cocuk-ve-genclik-kitaplari","7":"pa_cilt-ciltsiz","8":"pa_tur-kitap","9":"pa_yayinevi-abm-yayinevi","10":"pa_yazar-ezgi-berk","12":"first","13":"instock","14":"sale","15":"shipping-taxable","16":"purchasable","17":"product-type-simple"},"_links":{"self":[{"href":"https:\/\/roveyayinevi.com.tr\/index.php\/wp-json\/wp\/v2\/product\/731069","targetHints":{"allow":["GET"]}}],"collection":[{"href":"https:\/\/roveyayinevi.com.tr\/index.php\/wp-json\/wp\/v2\/product"}],"about":[{"href":"https:\/\/roveyayinevi.com.tr\/index.php\/wp-json\/wp\/v2\/types\/product"}],"wp:attachment":[{"href":"https:\/\/roveyayinevi.com.tr\/index.php\/wp-json\/wp\/v2\/media?parent=731069"}],"wp:term":[{"taxonomy":"product_brand","embeddable":true,"href":"https:\/\/roveyayinevi.com.tr\/index.php\/wp-json\/wp\/v2\/product_brand?post=731069"},{"taxonomy":"product_cat","embeddable":true,"href":"https:\/\/roveyayinevi.com.tr\/index.php\/wp-json\/wp\/v2\/product_cat?post=731069"},{"taxonomy":"product_tag","embeddable":true,"href":"https:\/\/roveyayinevi.com.tr\/index.php\/wp-json\/wp\/v2\/product_tag?post=731069"}],"curies":[{"name":"wp","href":"https:\/\/api.w.org\/{rel}","templated":true}]}}