{"id":731066,"date":"2025-08-27T21:25:08","date_gmt":"2025-08-27T18:25:08","guid":{"rendered":"https:\/\/roveyayinevi.com.tr\/index.php\/urun\/mutlunun-ruyasi\/"},"modified":"2026-04-16T02:38:59","modified_gmt":"2026-04-15T23:38:59","slug":"mutlunun-ruyasi","status":"publish","type":"product","link":"https:\/\/roveyayinevi.com.tr\/index.php\/urun\/mutlunun-ruyasi\/","title":{"rendered":"Mutlu\u2019nun R\u00fcyas\u0131"},"content":{"rendered":"<p>&#8220;Yeme\u011fini yedikten sonra etraf\u0131 izlemeye dalan Mutlu\u2019nun g\u00f6zleri k\u0131zarm\u0131\u015f, hi\u00e7 hali kalmam\u0131\u015ft\u0131. Daha fazla dayanamayarak kul\u00fcbesinden i\u00e7eri girdi. Yumu\u015fak otlardan yap\u0131lm\u0131\u015f yata\u011f\u0131na uzand\u0131. T\u0131slamaya ba\u015flad\u0131 ve derin bir uykuya dald\u0131.&#8221; <\/p>\n","protected":false},"excerpt":{"rendered":"<p>&#8220;Yeme\u011fini yedikten sonra etraf\u0131 izlemeye dalan Mutlu\u2019nun g\u00f6zleri k\u0131zarm\u0131\u015f, hi\u00e7 hali kalmam\u0131\u015ft\u0131. Daha fazla dayanamayarak kul\u00fcbesinden i\u00e7eri girdi. Yumu\u015fak otlardan yap\u0131lm\u0131\u015f yata\u011f\u0131na uzand\u0131. T\u0131slamaya ba\u015flad\u0131 ve<span class=\"excerpt-hellip\"> [\u2026]<\/span><\/p>\n","protected":false},"featured_media":0,"template":"","meta":{"_monsterinsights_skip_tracking":false,"_monsterinsights_sitenote_active":false,"_monsterinsights_sitenote_note":"","_monsterinsights_sitenote_category":0},"product_brand":[],"product_cat":[12291,12711],"product_tag":[],"class_list":{"0":"post-731066","1":"product","2":"type-product","3":"status-publish","5":"product_cat-edebiyat","6":"product_cat-roman-oyku","7":"pa_cilt-ciltsiz","8":"pa_tur-kitap","9":"pa_yayinevi-imgenin-cocuklari","10":"pa_yazar-ridvan-yildiz","12":"first","13":"instock","14":"sale","15":"shipping-taxable","16":"purchasable","17":"product-type-simple"},"_links":{"self":[{"href":"https:\/\/roveyayinevi.com.tr\/index.php\/wp-json\/wp\/v2\/product\/731066","targetHints":{"allow":["GET"]}}],"collection":[{"href":"https:\/\/roveyayinevi.com.tr\/index.php\/wp-json\/wp\/v2\/product"}],"about":[{"href":"https:\/\/roveyayinevi.com.tr\/index.php\/wp-json\/wp\/v2\/types\/product"}],"wp:attachment":[{"href":"https:\/\/roveyayinevi.com.tr\/index.php\/wp-json\/wp\/v2\/media?parent=731066"}],"wp:term":[{"taxonomy":"product_brand","embeddable":true,"href":"https:\/\/roveyayinevi.com.tr\/index.php\/wp-json\/wp\/v2\/product_brand?post=731066"},{"taxonomy":"product_cat","embeddable":true,"href":"https:\/\/roveyayinevi.com.tr\/index.php\/wp-json\/wp\/v2\/product_cat?post=731066"},{"taxonomy":"product_tag","embeddable":true,"href":"https:\/\/roveyayinevi.com.tr\/index.php\/wp-json\/wp\/v2\/product_tag?post=731066"}],"curies":[{"name":"wp","href":"https:\/\/api.w.org\/{rel}","templated":true}]}}