{"id":731064,"date":"2025-08-27T21:25:06","date_gmt":"2025-08-27T18:25:06","guid":{"rendered":"https:\/\/roveyayinevi.com.tr\/index.php\/urun\/munzura-dusen-yaprak\/"},"modified":"2026-04-16T02:38:59","modified_gmt":"2026-04-15T23:38:59","slug":"munzura-dusen-yaprak","status":"publish","type":"product","link":"https:\/\/roveyayinevi.com.tr\/index.php\/urun\/munzura-dusen-yaprak\/","title":{"rendered":"Munzur\u2019a D\u00fc\u015fen Yaprak"},"content":{"rendered":"<p>&#8220;Ben, A\u011fbardut Deresi\u2019nin kenar\u0131ndaki kocaman s\u00f6\u011f\u00fct a\u011fac\u0131n\u0131n bir yapra\u011f\u0131y\u0131m. Yukar\u0131 da\u011fdan ak\u0131p gelen k\u00f6p\u00fck k\u00f6p\u00fck sular alt\u0131m\u0131zdan akard\u0131. Ben, yaprak karde\u015flerimden daha \u015fansl\u0131yd\u0131m. Anne s\u00f6\u011f\u00fct beni k\u0131ble y\u00f6n\u00fcnde do\u011furmu\u015ftu. Yerim tatl\u0131 s\u0131cakt\u0131, hem de seyrangaht\u0131.&#8221; <\/p>\n","protected":false},"excerpt":{"rendered":"<p>&#8220;Ben, A\u011fbardut Deresi\u2019nin kenar\u0131ndaki kocaman s\u00f6\u011f\u00fct a\u011fac\u0131n\u0131n bir yapra\u011f\u0131y\u0131m. Yukar\u0131 da\u011fdan ak\u0131p gelen k\u00f6p\u00fck k\u00f6p\u00fck sular alt\u0131m\u0131zdan akard\u0131. Ben, yaprak karde\u015flerimden daha \u015fansl\u0131yd\u0131m. Anne s\u00f6\u011f\u00fct beni<span class=\"excerpt-hellip\"> [\u2026]<\/span><\/p>\n","protected":false},"featured_media":0,"template":"","meta":{"_monsterinsights_skip_tracking":false,"_monsterinsights_sitenote_active":false,"_monsterinsights_sitenote_note":"","_monsterinsights_sitenote_category":0},"product_brand":[],"product_cat":[12291,12711],"product_tag":[],"class_list":{"0":"post-731064","1":"product","2":"type-product","3":"status-publish","5":"product_cat-edebiyat","6":"product_cat-roman-oyku","7":"pa_cilt-ciltsiz","8":"pa_tur-kitap","9":"pa_yayinevi-imgenin-cocuklari","10":"pa_yazar-ismail-ates","12":"first","13":"instock","14":"sale","15":"shipping-taxable","16":"purchasable","17":"product-type-simple"},"_links":{"self":[{"href":"https:\/\/roveyayinevi.com.tr\/index.php\/wp-json\/wp\/v2\/product\/731064","targetHints":{"allow":["GET"]}}],"collection":[{"href":"https:\/\/roveyayinevi.com.tr\/index.php\/wp-json\/wp\/v2\/product"}],"about":[{"href":"https:\/\/roveyayinevi.com.tr\/index.php\/wp-json\/wp\/v2\/types\/product"}],"wp:attachment":[{"href":"https:\/\/roveyayinevi.com.tr\/index.php\/wp-json\/wp\/v2\/media?parent=731064"}],"wp:term":[{"taxonomy":"product_brand","embeddable":true,"href":"https:\/\/roveyayinevi.com.tr\/index.php\/wp-json\/wp\/v2\/product_brand?post=731064"},{"taxonomy":"product_cat","embeddable":true,"href":"https:\/\/roveyayinevi.com.tr\/index.php\/wp-json\/wp\/v2\/product_cat?post=731064"},{"taxonomy":"product_tag","embeddable":true,"href":"https:\/\/roveyayinevi.com.tr\/index.php\/wp-json\/wp\/v2\/product_tag?post=731064"}],"curies":[{"name":"wp","href":"https:\/\/api.w.org\/{rel}","templated":true}]}}