{"id":731063,"date":"2025-08-27T21:25:05","date_gmt":"2025-08-27T18:25:05","guid":{"rendered":"https:\/\/roveyayinevi.com.tr\/index.php\/urun\/duvar-ustasi\/"},"modified":"2026-04-16T02:38:59","modified_gmt":"2026-04-15T23:38:59","slug":"duvar-ustasi","status":"publish","type":"product","link":"https:\/\/roveyayinevi.com.tr\/index.php\/urun\/duvar-ustasi\/","title":{"rendered":"Duvar Ustas\u0131"},"content":{"rendered":"<p>&#8220;D\u00f6rt kar tanesi d\u00fc\u015ft\u00fc \u00dc\u00e7\u00fc eridi biri \u00e7amur oldu&#8221;<\/p>\n","protected":false},"excerpt":{"rendered":"<p>&#8220;D\u00f6rt kar tanesi d\u00fc\u015ft\u00fc \u00dc\u00e7\u00fc eridi biri \u00e7amur oldu&#8221;<\/p>\n","protected":false},"featured_media":0,"template":"","meta":{"_monsterinsights_skip_tracking":false,"_monsterinsights_sitenote_active":false,"_monsterinsights_sitenote_note":"","_monsterinsights_sitenote_category":0},"product_brand":[],"product_cat":[12291,12509],"product_tag":[],"class_list":{"0":"post-731063","1":"product","2":"type-product","3":"status-publish","5":"product_cat-edebiyat","6":"product_cat-siir","7":"pa_cilt-ciltsiz","8":"pa_tur-kitap","9":"pa_yayinevi-imgenin-cocuklari","10":"pa_yazar-orhan-boztas","12":"first","13":"instock","14":"sale","15":"shipping-taxable","16":"purchasable","17":"product-type-simple"},"_links":{"self":[{"href":"https:\/\/roveyayinevi.com.tr\/index.php\/wp-json\/wp\/v2\/product\/731063","targetHints":{"allow":["GET"]}}],"collection":[{"href":"https:\/\/roveyayinevi.com.tr\/index.php\/wp-json\/wp\/v2\/product"}],"about":[{"href":"https:\/\/roveyayinevi.com.tr\/index.php\/wp-json\/wp\/v2\/types\/product"}],"wp:attachment":[{"href":"https:\/\/roveyayinevi.com.tr\/index.php\/wp-json\/wp\/v2\/media?parent=731063"}],"wp:term":[{"taxonomy":"product_brand","embeddable":true,"href":"https:\/\/roveyayinevi.com.tr\/index.php\/wp-json\/wp\/v2\/product_brand?post=731063"},{"taxonomy":"product_cat","embeddable":true,"href":"https:\/\/roveyayinevi.com.tr\/index.php\/wp-json\/wp\/v2\/product_cat?post=731063"},{"taxonomy":"product_tag","embeddable":true,"href":"https:\/\/roveyayinevi.com.tr\/index.php\/wp-json\/wp\/v2\/product_tag?post=731063"}],"curies":[{"name":"wp","href":"https:\/\/api.w.org\/{rel}","templated":true}]}}