{"id":731061,"date":"2025-08-27T21:25:03","date_gmt":"2025-08-27T18:25:03","guid":{"rendered":"https:\/\/roveyayinevi.com.tr\/index.php\/urun\/80-derece\/"},"modified":"2026-01-27T03:05:17","modified_gmt":"2026-01-27T00:05:17","slug":"80-derece","status":"publish","type":"product","link":"https:\/\/roveyayinevi.com.tr\/index.php\/urun\/80-derece\/","title":{"rendered":"80 Derece"},"content":{"rendered":"<p>&#8220;Evet, baz\u0131lar\u0131m\u0131z \u00e7ok hasta. \u00c7\u00fcnk\u00fc cehaletin verdi\u011fi \u015fifal\u0131 mutlulu\u011fun \u00e7ok uza\u011f\u0131nday\u0131z. \u0130\u015fte bir t\u00fcrl\u00fc ba\u015f edemedi\u011fimiz bunal\u0131ml\u0131 ruhumuz, mutsuzlu\u011fumuz, uykusuzlu\u011fumuz ve yorgunlu\u011fumuz bundan. As\u0131rlard\u0131r hastay\u0131z. \u00d6yle hastay\u0131z ki, \u2018lokman hekim gelse yaram azd\u0131r\u0131r\u2019 diye yazd\u0131rm\u0131\u015f\u0131z umutsuzlu\u011fumuzun kamyon arkalar\u0131na.&#8221; <\/p>\n","protected":false},"excerpt":{"rendered":"<p>&#8220;Evet, baz\u0131lar\u0131m\u0131z \u00e7ok hasta. \u00c7\u00fcnk\u00fc cehaletin verdi\u011fi \u015fifal\u0131 mutlulu\u011fun \u00e7ok uza\u011f\u0131nday\u0131z. \u0130\u015fte bir t\u00fcrl\u00fc ba\u015f edemedi\u011fimiz bunal\u0131ml\u0131 ruhumuz, mutsuzlu\u011fumuz, uykusuzlu\u011fumuz ve yorgunlu\u011fumuz bundan. As\u0131rlard\u0131r hastay\u0131z. \u00d6yle<span class=\"excerpt-hellip\"> [\u2026]<\/span><\/p>\n","protected":false},"featured_media":0,"template":"","meta":{"_monsterinsights_skip_tracking":false,"_monsterinsights_sitenote_active":false,"_monsterinsights_sitenote_note":"","_monsterinsights_sitenote_category":0},"product_brand":[],"product_cat":[12777,12291],"product_tag":[],"class_list":{"0":"post-731061","1":"product","2":"type-product","3":"status-publish","5":"product_cat-deneme","6":"product_cat-edebiyat","7":"pa_cilt-ciltsiz","8":"pa_tur-kitap","9":"pa_yayinevi-imgenin-cocuklari","10":"pa_yazar-deniz-goktepe","12":"first","13":"instock","14":"sale","15":"shipping-taxable","16":"purchasable","17":"product-type-simple"},"_links":{"self":[{"href":"https:\/\/roveyayinevi.com.tr\/index.php\/wp-json\/wp\/v2\/product\/731061","targetHints":{"allow":["GET"]}}],"collection":[{"href":"https:\/\/roveyayinevi.com.tr\/index.php\/wp-json\/wp\/v2\/product"}],"about":[{"href":"https:\/\/roveyayinevi.com.tr\/index.php\/wp-json\/wp\/v2\/types\/product"}],"wp:attachment":[{"href":"https:\/\/roveyayinevi.com.tr\/index.php\/wp-json\/wp\/v2\/media?parent=731061"}],"wp:term":[{"taxonomy":"product_brand","embeddable":true,"href":"https:\/\/roveyayinevi.com.tr\/index.php\/wp-json\/wp\/v2\/product_brand?post=731061"},{"taxonomy":"product_cat","embeddable":true,"href":"https:\/\/roveyayinevi.com.tr\/index.php\/wp-json\/wp\/v2\/product_cat?post=731061"},{"taxonomy":"product_tag","embeddable":true,"href":"https:\/\/roveyayinevi.com.tr\/index.php\/wp-json\/wp\/v2\/product_tag?post=731061"}],"curies":[{"name":"wp","href":"https:\/\/api.w.org\/{rel}","templated":true}]}}