{"id":731060,"date":"2025-08-27T21:25:01","date_gmt":"2025-08-27T18:25:01","guid":{"rendered":"https:\/\/roveyayinevi.com.tr\/index.php\/urun\/ekose-orgulu-ikebana\/"},"modified":"2026-04-16T02:38:59","modified_gmt":"2026-04-15T23:38:59","slug":"ekose-orgulu-ikebana","status":"publish","type":"product","link":"https:\/\/roveyayinevi.com.tr\/index.php\/urun\/ekose-orgulu-ikebana\/","title":{"rendered":"Ekose \u00d6rg\u00fcl\u00fc \u0130kebana"},"content":{"rendered":"<p>&#8220;(&#8230;) \u2018Kusur korkusuyla m\u0131 su\u00e7 i\u015fliyoruz?\u2019 yoksa \u2018su\u00e7a kusur mu ar\u0131yoruz?\u2019 meselesindeyim, Dostum. Kendi \u00e7ekid\u00fczenini, yani kendini bilmeyi bilmeyen her birey kusurluyken, su\u00e7a kusur aramak ne manas\u0131z. Birey kusur, yasak ve su\u00e7 ekseninde latif bir dokunu\u015fa, A\u015fk\u2019a ge\u00e7it verse, A\u015fk\u2019\u0131 anlayabilse, kusurlar\u0131 t\u00fckenmez mi hi\u00e7&#8230;&#8221; <\/p>\n","protected":false},"excerpt":{"rendered":"<p>&#8220;(&#8230;) \u2018Kusur korkusuyla m\u0131 su\u00e7 i\u015fliyoruz?\u2019 yoksa \u2018su\u00e7a kusur mu ar\u0131yoruz?\u2019 meselesindeyim, Dostum. Kendi \u00e7ekid\u00fczenini, yani kendini bilmeyi bilmeyen her birey kusurluyken, su\u00e7a kusur aramak ne<span class=\"excerpt-hellip\"> [\u2026]<\/span><\/p>\n","protected":false},"featured_media":0,"template":"","meta":{"_monsterinsights_skip_tracking":false,"_monsterinsights_sitenote_active":false,"_monsterinsights_sitenote_note":"","_monsterinsights_sitenote_category":0},"product_brand":[],"product_cat":[12777,12291],"product_tag":[],"class_list":{"0":"post-731060","1":"product","2":"type-product","3":"status-publish","5":"product_cat-deneme","6":"product_cat-edebiyat","7":"pa_cilt-ciltsiz","8":"pa_tur-kitap","9":"pa_yayinevi-imgenin-cocuklari","10":"pa_yazar-nuray-tunc","12":"first","13":"instock","14":"sale","15":"shipping-taxable","16":"purchasable","17":"product-type-simple"},"_links":{"self":[{"href":"https:\/\/roveyayinevi.com.tr\/index.php\/wp-json\/wp\/v2\/product\/731060","targetHints":{"allow":["GET"]}}],"collection":[{"href":"https:\/\/roveyayinevi.com.tr\/index.php\/wp-json\/wp\/v2\/product"}],"about":[{"href":"https:\/\/roveyayinevi.com.tr\/index.php\/wp-json\/wp\/v2\/types\/product"}],"wp:attachment":[{"href":"https:\/\/roveyayinevi.com.tr\/index.php\/wp-json\/wp\/v2\/media?parent=731060"}],"wp:term":[{"taxonomy":"product_brand","embeddable":true,"href":"https:\/\/roveyayinevi.com.tr\/index.php\/wp-json\/wp\/v2\/product_brand?post=731060"},{"taxonomy":"product_cat","embeddable":true,"href":"https:\/\/roveyayinevi.com.tr\/index.php\/wp-json\/wp\/v2\/product_cat?post=731060"},{"taxonomy":"product_tag","embeddable":true,"href":"https:\/\/roveyayinevi.com.tr\/index.php\/wp-json\/wp\/v2\/product_tag?post=731060"}],"curies":[{"name":"wp","href":"https:\/\/api.w.org\/{rel}","templated":true}]}}