{"id":731058,"date":"2025-08-27T21:24:59","date_gmt":"2025-08-27T18:24:59","guid":{"rendered":"https:\/\/roveyayinevi.com.tr\/index.php\/urun\/mor-yelkenli\/"},"modified":"2026-04-16T02:38:59","modified_gmt":"2026-04-15T23:38:59","slug":"mor-yelkenli","status":"publish","type":"product","link":"https:\/\/roveyayinevi.com.tr\/index.php\/urun\/mor-yelkenli\/","title":{"rendered":"Mor Yelkenli"},"content":{"rendered":"<p>&#8220;G\u00f6\u00e7ebe ak\u0131llar\u0131 seviyoruz karde\u015fim! \u00c7ingene ruhlular\u0131 G\u00fcld\u00fc m\u00fc ilk kahkahay\u0131 g\u00f6z bebeklerinde att\u0131ranlar\u0131 Oturdu mu muhabbetiyle sarmalayanlar\u0131 Payla\u015fmaya kendinden ba\u015flayanlar\u0131 Varl\u0131k s\u0131n\u0131r\u0131n\u0131 a\u015fanlar\u0131 Sesinde g\u00f6nl\u00fcn\u00fc ta\u015f\u0131yanlar\u0131 Emek vermeyi bilenleri Kar\u0131ncaya su i\u00e7irenleri Bir de ya\u015famay\u0131 dert edinenleri. Bence korsanlara \u00f6zenmeli kad\u0131nlar&#8230; \u00f6nce bir tekne ele ge\u00e7irmeli ve yepyeni denizlere yelken a\u00e7mal\u0131, yolda bulur nas\u0131lsa kendini arayan k\u00e2\u015fifleri, yollar sinyorita yollar kavu\u015fturur cesaretli denizcileri&#8230;&#8221; <\/p>\n","protected":false},"excerpt":{"rendered":"<p>&#8220;G\u00f6\u00e7ebe ak\u0131llar\u0131 seviyoruz karde\u015fim! \u00c7ingene ruhlular\u0131 G\u00fcld\u00fc m\u00fc ilk kahkahay\u0131 g\u00f6z bebeklerinde att\u0131ranlar\u0131 Oturdu mu muhabbetiyle sarmalayanlar\u0131 Payla\u015fmaya kendinden ba\u015flayanlar\u0131 Varl\u0131k s\u0131n\u0131r\u0131n\u0131 a\u015fanlar\u0131 Sesinde g\u00f6nl\u00fcn\u00fc ta\u015f\u0131yanlar\u0131<span class=\"excerpt-hellip\"> [\u2026]<\/span><\/p>\n","protected":false},"featured_media":0,"template":"","meta":{"_monsterinsights_skip_tracking":false,"_monsterinsights_sitenote_active":false,"_monsterinsights_sitenote_note":"","_monsterinsights_sitenote_category":0},"product_brand":[],"product_cat":[12291,12509],"product_tag":[],"class_list":{"0":"post-731058","1":"product","2":"type-product","3":"status-publish","5":"product_cat-edebiyat","6":"product_cat-siir","7":"pa_cilt-ciltsiz","8":"pa_tur-kitap","9":"pa_yayinevi-imgenin-cocuklari","10":"pa_yazar-serra-zuhal-guven","12":"first","13":"instock","14":"sale","15":"shipping-taxable","16":"purchasable","17":"product-type-simple"},"_links":{"self":[{"href":"https:\/\/roveyayinevi.com.tr\/index.php\/wp-json\/wp\/v2\/product\/731058","targetHints":{"allow":["GET"]}}],"collection":[{"href":"https:\/\/roveyayinevi.com.tr\/index.php\/wp-json\/wp\/v2\/product"}],"about":[{"href":"https:\/\/roveyayinevi.com.tr\/index.php\/wp-json\/wp\/v2\/types\/product"}],"wp:attachment":[{"href":"https:\/\/roveyayinevi.com.tr\/index.php\/wp-json\/wp\/v2\/media?parent=731058"}],"wp:term":[{"taxonomy":"product_brand","embeddable":true,"href":"https:\/\/roveyayinevi.com.tr\/index.php\/wp-json\/wp\/v2\/product_brand?post=731058"},{"taxonomy":"product_cat","embeddable":true,"href":"https:\/\/roveyayinevi.com.tr\/index.php\/wp-json\/wp\/v2\/product_cat?post=731058"},{"taxonomy":"product_tag","embeddable":true,"href":"https:\/\/roveyayinevi.com.tr\/index.php\/wp-json\/wp\/v2\/product_tag?post=731058"}],"curies":[{"name":"wp","href":"https:\/\/api.w.org\/{rel}","templated":true}]}}