{"id":731056,"date":"2025-08-27T21:24:57","date_gmt":"2025-08-27T18:24:57","guid":{"rendered":"https:\/\/roveyayinevi.com.tr\/index.php\/urun\/kavala-kurabiyecisi\/"},"modified":"2026-04-16T02:38:58","modified_gmt":"2026-04-15T23:38:58","slug":"kavala-kurabiyecisi","status":"publish","type":"product","link":"https:\/\/roveyayinevi.com.tr\/index.php\/urun\/kavala-kurabiyecisi\/","title":{"rendered":"Kavala Kurabiyecisi"},"content":{"rendered":"<p>Kurabiye sevgiyle yap\u0131l\u0131rsa mutlulu\u011fun giremeyece\u011fi kalp yoktur. Ayval\u0131k\u2019ta kurabiye d\u00fckk\u00e2n\u0131 i\u015fleten bir baba; k\u0131zlar\u0131na gizem dolu bir miras b\u0131rak\u0131rsa ne olur? \u00dcstelik baban\u0131n vasiyetinde sevgi kurabiyelerini her yere ula\u015ft\u0131rmalar\u0131 iste\u011fi varsa\u2026 Vasiyeti yerine getirip insanlar\u0131 mutlu edebilecekler midir? Bir anne ve \u00fc\u00e7 k\u0131z\u0131 SEVG\u0130 KURAB\u0130YELER\u0130 g\u00f6t\u00fcrmek i\u00e7in gittikleri Sinop\u2019ta bir cinayete tan\u0131k olurlarsa ba\u015flar\u0131 belaya girer mi? Sevgi kurabiyeleri Edirne\u2019de de be\u011fenilecek mi? Verda, d\u00fcnyaca \u00fcnl\u00fc bir piyanist olabilecek mi? Ya d\u00fckk\u00e2na gelen gizemli Yunanl\u0131 da neyin pe\u015finde? Gizemli bir anahtar hangi kap\u0131y\u0131 a\u00e7acak ve ok ka\u00e7 metre \u00f6teye d\u00fc\u015fecek! Van\u2019daki elma festivali, yar\u0131\u015fmalar ve panay\u0131rlar\u2026 Bir de sevgi kurabiyesi g\u00f6t\u00fcrd\u00fckleri evde tarihi eser ka\u00e7ak\u00e7\u0131l\u0131\u011f\u0131na \u015fahit olurlarsa macera ka\u00e7\u0131n\u0131lmaz olur mu? Heyecan dolu kovalamacalar Akdamar Kilise\u2019sine kadar m\u0131 s\u00fcrecektir? Ya Akdamar Adas\u0131\u2019nda Yunanl\u0131n\u0131n ve piyanonun ne i\u015fi vard\u0131r? Haydi \u00e7ocuklar, dedektif sizsiniz: Sizi iz s\u00fcrmeye bekliyoruz. <\/p>\n","protected":false},"excerpt":{"rendered":"<p>Kurabiye sevgiyle yap\u0131l\u0131rsa mutlulu\u011fun giremeyece\u011fi kalp yoktur. Ayval\u0131k\u2019ta kurabiye d\u00fckk\u00e2n\u0131 i\u015fleten bir baba; k\u0131zlar\u0131na gizem dolu bir miras b\u0131rak\u0131rsa ne olur? \u00dcstelik baban\u0131n vasiyetinde sevgi kurabiyelerini<span class=\"excerpt-hellip\"> [\u2026]<\/span><\/p>\n","protected":false},"featured_media":0,"template":"","meta":{"_monsterinsights_skip_tracking":false,"_monsterinsights_sitenote_active":false,"_monsterinsights_sitenote_note":"","_monsterinsights_sitenote_category":0},"product_brand":[],"product_cat":[12291,12711],"product_tag":[],"class_list":{"0":"post-731056","1":"product","2":"type-product","3":"status-publish","5":"product_cat-edebiyat","6":"product_cat-roman-oyku","7":"pa_cilt-ciltsiz","8":"pa_tur-kitap","9":"pa_yayinevi-cinaralti-yayinlari","10":"pa_yazar-salim-nizam","12":"first","13":"instock","14":"sale","15":"shipping-taxable","16":"purchasable","17":"product-type-simple"},"_links":{"self":[{"href":"https:\/\/roveyayinevi.com.tr\/index.php\/wp-json\/wp\/v2\/product\/731056","targetHints":{"allow":["GET"]}}],"collection":[{"href":"https:\/\/roveyayinevi.com.tr\/index.php\/wp-json\/wp\/v2\/product"}],"about":[{"href":"https:\/\/roveyayinevi.com.tr\/index.php\/wp-json\/wp\/v2\/types\/product"}],"wp:attachment":[{"href":"https:\/\/roveyayinevi.com.tr\/index.php\/wp-json\/wp\/v2\/media?parent=731056"}],"wp:term":[{"taxonomy":"product_brand","embeddable":true,"href":"https:\/\/roveyayinevi.com.tr\/index.php\/wp-json\/wp\/v2\/product_brand?post=731056"},{"taxonomy":"product_cat","embeddable":true,"href":"https:\/\/roveyayinevi.com.tr\/index.php\/wp-json\/wp\/v2\/product_cat?post=731056"},{"taxonomy":"product_tag","embeddable":true,"href":"https:\/\/roveyayinevi.com.tr\/index.php\/wp-json\/wp\/v2\/product_tag?post=731056"}],"curies":[{"name":"wp","href":"https:\/\/api.w.org\/{rel}","templated":true}]}}