{"id":731054,"date":"2025-08-27T21:24:55","date_gmt":"2025-08-27T18:24:55","guid":{"rendered":"https:\/\/roveyayinevi.com.tr\/index.php\/urun\/yuregimizdeki-mutluluk\/"},"modified":"2026-04-16T02:38:58","modified_gmt":"2026-04-15T23:38:58","slug":"yuregimizdeki-mutluluk","status":"publish","type":"product","link":"https:\/\/roveyayinevi.com.tr\/index.php\/urun\/yuregimizdeki-mutluluk\/","title":{"rendered":"Y\u00fcre\u011fimizdeki Mutluluk"},"content":{"rendered":"<p>G\u00fcnler nas\u0131l da ak\u0131p gidiyor de\u011fil mi? Sabah oldu derken bak\u0131yoruz ak\u015fam olmu\u015f, hafta ba\u015f\u0131 geldi derken hafta sonu\u2026 Ay bitmi\u015f, y\u0131l bitmi\u015f ve yeni bir y\u0131l\u0131n, yeni bir g\u00fcn\u00fc ba\u015flam\u0131\u015f. Y\u0131l\u0131n fark etmeden bitiverdi\u011fini takvimden \u00f6\u011freniyoruz. Zaman bir daha asla geri d\u00f6nmeyecek bi\u00e7imde ya\u015fam\u0131m\u0131za giriyor ve \u00e7\u0131k\u0131yor. Ve zaman hi\u00e7 kimseyi beklemiyor.  Zamana inat, hayat\u0131n k\u00fc\u00e7\u00fck ad\u0131mlarla ilerlemesi ise ne garip! Hayat\u0131m\u0131z\u0131n gidi\u015fat\u0131 b\u00f6yleyse, son istasyona vard\u0131\u011f\u0131m\u0131zda, \u201cBen asl\u0131nda mutlulu\u011fu ar\u0131yordum.\u201d dememek i\u00e7in \u00e7ok ge\u00e7 olmadan, mutluluk seraplar\u0131n\u0131n pe\u015finden ko\u015fmay\u0131 b\u0131rak\u0131p mutlulu\u011fu as\u0131l kayna\u011f\u0131nda araman\u0131n  zaman\u0131 gelmedi mi sizce? Unutmay\u0131n, mutluluk denilen \u015fey asl\u0131nda, \u201can\u201d olarak adland\u0131rd\u0131\u011f\u0131n\u0131z, minyat\u00fcr zaman kaps\u00fcllerinin i\u00e7inde saklad\u0131\u011f\u0131n\u0131z temiz hava bo\u015fluklar\u0131d\u0131r. Kaps\u00fcllerinizi bo\u015fa harcamay\u0131n! <\/p>\n","protected":false},"excerpt":{"rendered":"<p>G\u00fcnler nas\u0131l da ak\u0131p gidiyor de\u011fil mi? Sabah oldu derken bak\u0131yoruz ak\u015fam olmu\u015f, hafta ba\u015f\u0131 geldi derken hafta sonu\u2026 Ay bitmi\u015f, y\u0131l bitmi\u015f ve yeni bir<span class=\"excerpt-hellip\"> [\u2026]<\/span><\/p>\n","protected":false},"featured_media":0,"template":"","meta":{"_monsterinsights_skip_tracking":false,"_monsterinsights_sitenote_active":false,"_monsterinsights_sitenote_note":"","_monsterinsights_sitenote_category":0},"product_brand":[],"product_cat":[12364,12376],"product_tag":[],"class_list":{"0":"post-731054","1":"product","2":"type-product","3":"status-publish","5":"product_cat-genel-konular","6":"product_cat-kisisel-gelisim","7":"pa_cilt-ciltsiz","8":"pa_tur-kitap","9":"pa_yayinevi-cinaralti-yayinlari","10":"pa_yazar-mustafa-sahin","12":"first","13":"instock","14":"sale","15":"shipping-taxable","16":"purchasable","17":"product-type-simple"},"_links":{"self":[{"href":"https:\/\/roveyayinevi.com.tr\/index.php\/wp-json\/wp\/v2\/product\/731054","targetHints":{"allow":["GET"]}}],"collection":[{"href":"https:\/\/roveyayinevi.com.tr\/index.php\/wp-json\/wp\/v2\/product"}],"about":[{"href":"https:\/\/roveyayinevi.com.tr\/index.php\/wp-json\/wp\/v2\/types\/product"}],"wp:attachment":[{"href":"https:\/\/roveyayinevi.com.tr\/index.php\/wp-json\/wp\/v2\/media?parent=731054"}],"wp:term":[{"taxonomy":"product_brand","embeddable":true,"href":"https:\/\/roveyayinevi.com.tr\/index.php\/wp-json\/wp\/v2\/product_brand?post=731054"},{"taxonomy":"product_cat","embeddable":true,"href":"https:\/\/roveyayinevi.com.tr\/index.php\/wp-json\/wp\/v2\/product_cat?post=731054"},{"taxonomy":"product_tag","embeddable":true,"href":"https:\/\/roveyayinevi.com.tr\/index.php\/wp-json\/wp\/v2\/product_tag?post=731054"}],"curies":[{"name":"wp","href":"https:\/\/api.w.org\/{rel}","templated":true}]}}