{"id":731047,"date":"2025-08-27T21:24:47","date_gmt":"2025-08-27T18:24:47","guid":{"rendered":"https:\/\/roveyayinevi.com.tr\/index.php\/urun\/kendi-kaderini-yazamayanlar\/"},"modified":"2026-04-16T02:38:58","modified_gmt":"2026-04-15T23:38:58","slug":"kendi-kaderini-yazamayanlar","status":"publish","type":"product","link":"https:\/\/roveyayinevi.com.tr\/index.php\/urun\/kendi-kaderini-yazamayanlar\/","title":{"rendered":"Kendi Kaderini Yazamayanlar"},"content":{"rendered":"<p>\u015eiddet, tecav\u00fcz, ge\u00e7imsizlik ve sahte erkek egemenli\u011fi. B\u00fct\u00fcn bunlar\u0131n d\u0131\u015f\u0131nda, sonradan yarat\u0131lan bir kaderin demir direkleri. K\u0131sacas\u0131: Varolu\u015f \u00c7abas\u0131! <\/p>\n","protected":false},"excerpt":{"rendered":"<p>\u015eiddet, tecav\u00fcz, ge\u00e7imsizlik ve sahte erkek egemenli\u011fi. B\u00fct\u00fcn bunlar\u0131n d\u0131\u015f\u0131nda, sonradan yarat\u0131lan bir kaderin demir direkleri. K\u0131sacas\u0131: Varolu\u015f \u00c7abas\u0131!<\/p>\n","protected":false},"featured_media":0,"template":"","meta":{"_monsterinsights_skip_tracking":false,"_monsterinsights_sitenote_active":false,"_monsterinsights_sitenote_note":"","_monsterinsights_sitenote_category":0},"product_brand":[],"product_cat":[12291,12711],"product_tag":[],"class_list":{"0":"post-731047","1":"product","2":"type-product","3":"status-publish","5":"product_cat-edebiyat","6":"product_cat-roman-oyku","7":"pa_cilt-ciltsiz","8":"pa_tur-kitap","9":"pa_yayinevi-luna-yayinlari","10":"pa_yazar-busra-karaatay","12":"first","13":"instock","14":"sale","15":"shipping-taxable","16":"purchasable","17":"product-type-simple"},"_links":{"self":[{"href":"https:\/\/roveyayinevi.com.tr\/index.php\/wp-json\/wp\/v2\/product\/731047","targetHints":{"allow":["GET"]}}],"collection":[{"href":"https:\/\/roveyayinevi.com.tr\/index.php\/wp-json\/wp\/v2\/product"}],"about":[{"href":"https:\/\/roveyayinevi.com.tr\/index.php\/wp-json\/wp\/v2\/types\/product"}],"wp:attachment":[{"href":"https:\/\/roveyayinevi.com.tr\/index.php\/wp-json\/wp\/v2\/media?parent=731047"}],"wp:term":[{"taxonomy":"product_brand","embeddable":true,"href":"https:\/\/roveyayinevi.com.tr\/index.php\/wp-json\/wp\/v2\/product_brand?post=731047"},{"taxonomy":"product_cat","embeddable":true,"href":"https:\/\/roveyayinevi.com.tr\/index.php\/wp-json\/wp\/v2\/product_cat?post=731047"},{"taxonomy":"product_tag","embeddable":true,"href":"https:\/\/roveyayinevi.com.tr\/index.php\/wp-json\/wp\/v2\/product_tag?post=731047"}],"curies":[{"name":"wp","href":"https:\/\/api.w.org\/{rel}","templated":true}]}}