{"id":731044,"date":"2025-08-27T21:24:45","date_gmt":"2025-08-27T18:24:45","guid":{"rendered":"https:\/\/roveyayinevi.com.tr\/index.php\/urun\/ben-yogayim\/"},"modified":"2026-04-16T02:38:58","modified_gmt":"2026-04-15T23:38:58","slug":"ben-yogayim","status":"publish","type":"product","link":"https:\/\/roveyayinevi.com.tr\/index.php\/urun\/ben-yogayim\/","title":{"rendered":"Ben Yogay\u0131m"},"content":{"rendered":"<p>\u00c7ok b\u00fcy\u00fck bir d\u00fcnyada kendimi k\u00fc\u00e7\u00fck hissetti\u011fimde zihnimi, bedenimi ve nefesimi sakinle\u015ftiririm. Hayal edebilir ve yarat\u0131c\u0131l\u0131\u011f\u0131m\u0131 sergilerim. Ben Yogay\u0131m. Bulutlar\u0131n aras\u0131na y\u00fckselen bir kartal veya gece g\u00f6ky\u00fcz\u00fcnde par\u0131ldayan bir y\u0131ld\u0131z&#8230; \u00c7\u00f6lde bir deve veya denize yelken a\u00e7an bir tekne&#8230; Yoga d\u00f6n\u00fc\u015ft\u00fcrme g\u00fcc\u00fcne sahiptir. Yaln\u0131zca bedeni g\u00fc\u00e7lendirip zihni sakinle\u015ftirmekle kalmaz, ayn\u0131 zamanda biraz hayal g\u00fcc\u00fc ile bize her \u015feyin m\u00fcmk\u00fcn olabilece\u011fini g\u00f6sterir. Ben Yogay\u0131m kitab\u0131, \u00e7ocuklar\u0131 yogay\u0131 ke\u015ffetmeleri ve onun \u00f6tesindeki d\u00fcnyaya y\u00fcreklerinde yer a\u00e7malar\u0131 i\u00e7in cesaretlendiriyor. Usta yazar Peter H. Reynolds ve yoga e\u011fitmeni Susan Verde bir araya gelerek sonsuz ihtimaller, yarat\u0131c\u0131l\u0131k, hayal g\u00fcc\u00fc ve kendini ke\u015ffetme \u00fczerine m\u00fcthi\u015f bir eser ortaya koyuyorlar.<\/p>\n","protected":false},"excerpt":{"rendered":"<p>\u00c7ok b\u00fcy\u00fck bir d\u00fcnyada kendimi k\u00fc\u00e7\u00fck hissetti\u011fimde zihnimi, bedenimi ve nefesimi sakinle\u015ftiririm. Hayal edebilir ve yarat\u0131c\u0131l\u0131\u011f\u0131m\u0131 sergilerim. Ben Yogay\u0131m. Bulutlar\u0131n aras\u0131na y\u00fckselen bir kartal veya gece<span class=\"excerpt-hellip\"> [\u2026]<\/span><\/p>\n","protected":false},"featured_media":0,"template":"","meta":{"_monsterinsights_skip_tracking":false,"_monsterinsights_sitenote_active":false,"_monsterinsights_sitenote_note":"","_monsterinsights_sitenote_category":0},"product_brand":[],"product_cat":[12274,12284],"product_tag":[],"class_list":{"0":"post-731044","1":"product","2":"type-product","3":"status-publish","5":"product_cat-cocuk-ve-genclik-kitaplari","6":"product_cat-hikayeler","7":"pa_cilt-ciltsiz","8":"pa_tur-kitap","9":"pa_yayinevi-altin-kitaplar","10":"pa_yazar-kolektif","12":"first","13":"instock","14":"sale","15":"shipping-taxable","16":"purchasable","17":"product-type-simple"},"_links":{"self":[{"href":"https:\/\/roveyayinevi.com.tr\/index.php\/wp-json\/wp\/v2\/product\/731044","targetHints":{"allow":["GET"]}}],"collection":[{"href":"https:\/\/roveyayinevi.com.tr\/index.php\/wp-json\/wp\/v2\/product"}],"about":[{"href":"https:\/\/roveyayinevi.com.tr\/index.php\/wp-json\/wp\/v2\/types\/product"}],"wp:attachment":[{"href":"https:\/\/roveyayinevi.com.tr\/index.php\/wp-json\/wp\/v2\/media?parent=731044"}],"wp:term":[{"taxonomy":"product_brand","embeddable":true,"href":"https:\/\/roveyayinevi.com.tr\/index.php\/wp-json\/wp\/v2\/product_brand?post=731044"},{"taxonomy":"product_cat","embeddable":true,"href":"https:\/\/roveyayinevi.com.tr\/index.php\/wp-json\/wp\/v2\/product_cat?post=731044"},{"taxonomy":"product_tag","embeddable":true,"href":"https:\/\/roveyayinevi.com.tr\/index.php\/wp-json\/wp\/v2\/product_tag?post=731044"}],"curies":[{"name":"wp","href":"https:\/\/api.w.org\/{rel}","templated":true}]}}