{"id":731043,"date":"2025-08-27T21:24:43","date_gmt":"2025-08-27T18:24:43","guid":{"rendered":"https:\/\/roveyayinevi.com.tr\/index.php\/urun\/1984-14\/"},"modified":"2026-04-16T02:38:58","modified_gmt":"2026-04-15T23:38:58","slug":"1984-14","status":"publish","type":"product","link":"https:\/\/roveyayinevi.com.tr\/index.php\/urun\/1984-14\/","title":{"rendered":"1984"},"content":{"rendered":"<p>\u201cSava\u015f Bar\u0131\u015ft\u0131r\u00d6zg\u00fcrl\u00fck K\u00f6leliktirCehalet G\u00fc\u00e7t\u00fcr.\u201dNe ge\u00e7mi\u015fin ne gelece\u011fin var oldu\u011fu, t\u00fcm olaylar\u0131n sonsuz bir \u201c\u015fimdi\u201dde ya\u015fand\u0131\u011f\u0131 totaliter bir y\u00f6netim. Her \u015feyin izlendi\u011fi ve kontrol alt\u0131nda tutuldu\u011fu b\u00f6ylesi bir d\u00fcnyada, yap\u0131lacak t\u00fcm planlar sadece ve sadece Parti ve \u201cB\u00fcy\u00fck Birader\u201d \u00fczerine kurulu&#8230;George Orwell, ba\u015flang\u0131\u00e7tan biti\u015fine herkesi ger\u00e7ekli\u011fine ikna edecek, kusursuz bir metin in\u015fa ediyor.Yirminci y\u00fczy\u0131l\u0131n en \u00f6nemli romanlar\u0131ndan 1984, neredeyse bir t\u00fcre ad\u0131n\u0131 verecek g\u00fc\u00e7te bir distopya<\/p>\n","protected":false},"excerpt":{"rendered":"<p>\u201cSava\u015f Bar\u0131\u015ft\u0131r\u00d6zg\u00fcrl\u00fck K\u00f6leliktirCehalet G\u00fc\u00e7t\u00fcr.\u201dNe ge\u00e7mi\u015fin ne gelece\u011fin var oldu\u011fu, t\u00fcm olaylar\u0131n sonsuz bir \u201c\u015fimdi\u201dde ya\u015fand\u0131\u011f\u0131 totaliter bir y\u00f6netim. Her \u015feyin izlendi\u011fi ve kontrol alt\u0131nda tutuldu\u011fu b\u00f6ylesi<span class=\"excerpt-hellip\"> [\u2026]<\/span><\/p>\n","protected":false},"featured_media":0,"template":"","meta":{"_monsterinsights_skip_tracking":false,"_monsterinsights_sitenote_active":false,"_monsterinsights_sitenote_note":"","_monsterinsights_sitenote_category":0},"product_brand":[],"product_cat":[12291,12711],"product_tag":[],"class_list":{"0":"post-731043","1":"product","2":"type-product","3":"status-publish","5":"product_cat-edebiyat","6":"product_cat-roman-oyku","7":"pa_cilt-ciltsiz","8":"pa_tur-kitap","9":"pa_yayinevi-sahi-kitap","10":"pa_yazar-george-orwell","12":"first","13":"instock","14":"sale","15":"shipping-taxable","16":"purchasable","17":"product-type-simple"},"_links":{"self":[{"href":"https:\/\/roveyayinevi.com.tr\/index.php\/wp-json\/wp\/v2\/product\/731043","targetHints":{"allow":["GET"]}}],"collection":[{"href":"https:\/\/roveyayinevi.com.tr\/index.php\/wp-json\/wp\/v2\/product"}],"about":[{"href":"https:\/\/roveyayinevi.com.tr\/index.php\/wp-json\/wp\/v2\/types\/product"}],"wp:attachment":[{"href":"https:\/\/roveyayinevi.com.tr\/index.php\/wp-json\/wp\/v2\/media?parent=731043"}],"wp:term":[{"taxonomy":"product_brand","embeddable":true,"href":"https:\/\/roveyayinevi.com.tr\/index.php\/wp-json\/wp\/v2\/product_brand?post=731043"},{"taxonomy":"product_cat","embeddable":true,"href":"https:\/\/roveyayinevi.com.tr\/index.php\/wp-json\/wp\/v2\/product_cat?post=731043"},{"taxonomy":"product_tag","embeddable":true,"href":"https:\/\/roveyayinevi.com.tr\/index.php\/wp-json\/wp\/v2\/product_tag?post=731043"}],"curies":[{"name":"wp","href":"https:\/\/api.w.org\/{rel}","templated":true}]}}