{"id":731042,"date":"2025-08-27T21:24:43","date_gmt":"2025-08-27T18:24:43","guid":{"rendered":"https:\/\/roveyayinevi.com.tr\/index.php\/urun\/ah-bir-emekli-olsam\/"},"modified":"2026-04-16T02:38:58","modified_gmt":"2026-04-15T23:38:58","slug":"ah-bir-emekli-olsam","status":"publish","type":"product","link":"https:\/\/roveyayinevi.com.tr\/index.php\/urun\/ah-bir-emekli-olsam\/","title":{"rendered":"Ah Bir Emekli Olsam!"},"content":{"rendered":"<p>Ev alsam, araba alsam, teknem olsa, tatile \u00e7\u0131ksam, d\u00fcnyay\u0131 gezsem\u2026Hayaller sonsuz, kaynaklar k\u0131t. Herkes emekli olaca\u011f\u0131 tarihi bilmek istiyor.Bir g\u00fcvenceye ihtiya\u00e7 duydu\u011fumuz i\u00e7in emeklili\u011fi \u00f6nemsiyoruz. Yoksa hepimiz biliyoruz ki \u201cK\u0131y\u0131 kasabas\u0131nda bal\u0131k tutmak, tekne ile d\u00fcnya turuna \u00e7\u0131kmak\u201d her emekliye nasip olacak bir hayal de\u011fil.Ama emeklilik zaman\u0131 da bir g\u00fcn \u00e7\u0131k\u0131p gelecek. Peki ne zaman ve nas\u0131l emekli olunur? Ne kadar prim \u00f6denmeli? Hangi \u015fartlarda erken emeklilik hakk\u0131 kazan\u0131l\u0131yor?\u00c7al\u0131\u015fmadan emeklilik m\u00fcmk\u00fcn m\u00fc? Emekli maa\u015f\u0131 nas\u0131l art\u0131r\u0131l\u0131r? T\u00fcm bu sorular\u0131n ve \u00e7ok daha fazlas\u0131n\u0131n cevab\u0131 i\u015fte bu kitapta.Faruk Erdem\u2019den Ah Bir Emekli Olsam!, emeklilik i\u00e7in ihtiya\u00e7 duydu\u011funuz sihirli rakamlardan olu\u015fan bir rehber.<\/p>\n","protected":false},"excerpt":{"rendered":"<p>Ev alsam, araba alsam, teknem olsa, tatile \u00e7\u0131ksam, d\u00fcnyay\u0131 gezsem\u2026Hayaller sonsuz, kaynaklar k\u0131t. Herkes emekli olaca\u011f\u0131 tarihi bilmek istiyor.Bir g\u00fcvenceye ihtiya\u00e7 duydu\u011fumuz i\u00e7in emeklili\u011fi \u00f6nemsiyoruz. Yoksa<span class=\"excerpt-hellip\"> [\u2026]<\/span><\/p>\n","protected":false},"featured_media":0,"template":"","meta":{"_monsterinsights_skip_tracking":false,"_monsterinsights_sitenote_active":false,"_monsterinsights_sitenote_note":"","_monsterinsights_sitenote_category":0},"product_brand":[],"product_cat":[13043,17647],"product_tag":[],"class_list":{"0":"post-731042","1":"product","2":"type-product","3":"status-publish","5":"product_cat-ekonomi","6":"product_cat-is-dunyasi","7":"pa_cilt-ciltsiz","8":"pa_tur-kitap","9":"pa_yayinevi-sahi-kitap","10":"pa_yazar-faruk-erdem","12":"first","13":"instock","14":"sale","15":"shipping-taxable","16":"purchasable","17":"product-type-simple"},"_links":{"self":[{"href":"https:\/\/roveyayinevi.com.tr\/index.php\/wp-json\/wp\/v2\/product\/731042","targetHints":{"allow":["GET"]}}],"collection":[{"href":"https:\/\/roveyayinevi.com.tr\/index.php\/wp-json\/wp\/v2\/product"}],"about":[{"href":"https:\/\/roveyayinevi.com.tr\/index.php\/wp-json\/wp\/v2\/types\/product"}],"wp:attachment":[{"href":"https:\/\/roveyayinevi.com.tr\/index.php\/wp-json\/wp\/v2\/media?parent=731042"}],"wp:term":[{"taxonomy":"product_brand","embeddable":true,"href":"https:\/\/roveyayinevi.com.tr\/index.php\/wp-json\/wp\/v2\/product_brand?post=731042"},{"taxonomy":"product_cat","embeddable":true,"href":"https:\/\/roveyayinevi.com.tr\/index.php\/wp-json\/wp\/v2\/product_cat?post=731042"},{"taxonomy":"product_tag","embeddable":true,"href":"https:\/\/roveyayinevi.com.tr\/index.php\/wp-json\/wp\/v2\/product_tag?post=731042"}],"curies":[{"name":"wp","href":"https:\/\/api.w.org\/{rel}","templated":true}]}}