{"id":731041,"date":"2025-08-27T21:24:41","date_gmt":"2025-08-27T18:24:41","guid":{"rendered":"https:\/\/roveyayinevi.com.tr\/index.php\/urun\/franchise-davasi\/"},"modified":"2026-04-16T02:38:58","modified_gmt":"2026-04-15T23:38:58","slug":"franchise-davasi","status":"publish","type":"product","link":"https:\/\/roveyayinevi.com.tr\/index.php\/urun\/franchise-davasi\/","title":{"rendered":"Franchise Davas\u0131"},"content":{"rendered":"<p>Franchise\u2019\u0131n kapal\u0131 kap\u0131lar\u0131 ard\u0131nda ya\u015fananlar \u00e7\u00f6z\u00fclmeyi bekliyor. Marion Sharpe ve annesi kilitli kap\u0131lar ard\u0131na gizlenmi\u015f sessiz sakin bir kasaba evi olan Franchise\u2019ta huzurlu bir hayat s\u00fcr\u00fcyorlar.Bir g\u00fcn polis kap\u0131da masum y\u00fczl\u00fc bir gen\u00e7 k\u0131zla beliriyor.Betty Kane\u2019le\u2026 Betty Kane, aile taraf\u0131ndan ka\u00e7\u0131r\u0131l\u0131p i\u015fkenceye u\u011frad\u0131\u011f\u0131n\u0131 ileri s\u00fcr\u00fcyor. Tutuldu\u011funu iddia etti\u011fi tavan aras\u0131ndaki cam\u0131n \u00e7atla\u011f\u0131na var\u0131ncaya kadar detayl\u0131 anlat\u0131yor her \u015feyi. Betty Kane masum, utanga\u00e7, sessiz sakin bir gen\u00e7 k\u0131z.Fakat avukat Robert, bir \u015feyler d\u00f6nd\u00fc\u011f\u00fcn\u00fcn fark\u0131nda.Acaba gerekli ipucunu dava ba\u015flamadan bulabilecek mi? \u0130ngiltere Polisiye Yazarlar\u0131 Derne\u011fi taraf\u0131ndan en iyi yirmi polisiye romandan biri se\u00e7ilen Franchise Davas\u0131, ilham\u0131n\u0131 ger\u00e7ek bir olaydan alan s\u00fcr\u00fckleyici bir klasik\u2026 \u201cKusursuz bir \u00fcslupla kaleme al\u0131nm\u0131\u015f\u2026Birinci s\u0131n\u0131f polisiye!\u201d \u2013 Los Angeles Times \u201cJosephine Tey\u2019in \u00f6zg\u00fcn karakter yaratmadaki mahareti ve yaz\u0131m tarz\u0131, onu polisiyenin en iyileri aras\u0131na sokmaya yetiyor.\u201d \u2013 New Yorker \u201cOrijinal ve gizemli hik\u00e2yeler yazmakta usta Josephine Tey, okurlar\u0131 hayal k\u0131r\u0131kl\u0131\u011f\u0131na u\u011fratmayacak.\u201d \u2013 Spectator<\/p>\n","protected":false},"excerpt":{"rendered":"<p>Franchise\u2019\u0131n kapal\u0131 kap\u0131lar\u0131 ard\u0131nda ya\u015fananlar \u00e7\u00f6z\u00fclmeyi bekliyor. Marion Sharpe ve annesi kilitli kap\u0131lar ard\u0131na gizlenmi\u015f sessiz sakin bir kasaba evi olan Franchise\u2019ta huzurlu bir hayat s\u00fcr\u00fcyorlar.Bir<span class=\"excerpt-hellip\"> [\u2026]<\/span><\/p>\n","protected":false},"featured_media":0,"template":"","meta":{"_monsterinsights_skip_tracking":false,"_monsterinsights_sitenote_active":false,"_monsterinsights_sitenote_note":"","_monsterinsights_sitenote_category":0},"product_brand":[],"product_cat":[12291,12711],"product_tag":[],"class_list":{"0":"post-731041","1":"product","2":"type-product","3":"status-publish","5":"product_cat-edebiyat","6":"product_cat-roman-oyku","7":"pa_cilt-ciltsiz","8":"pa_tur-kitap","9":"pa_yayinevi-sahi-kitap","10":"pa_yazar-josephine-tey","12":"first","13":"instock","14":"sale","15":"shipping-taxable","16":"purchasable","17":"product-type-simple"},"_links":{"self":[{"href":"https:\/\/roveyayinevi.com.tr\/index.php\/wp-json\/wp\/v2\/product\/731041","targetHints":{"allow":["GET"]}}],"collection":[{"href":"https:\/\/roveyayinevi.com.tr\/index.php\/wp-json\/wp\/v2\/product"}],"about":[{"href":"https:\/\/roveyayinevi.com.tr\/index.php\/wp-json\/wp\/v2\/types\/product"}],"wp:attachment":[{"href":"https:\/\/roveyayinevi.com.tr\/index.php\/wp-json\/wp\/v2\/media?parent=731041"}],"wp:term":[{"taxonomy":"product_brand","embeddable":true,"href":"https:\/\/roveyayinevi.com.tr\/index.php\/wp-json\/wp\/v2\/product_brand?post=731041"},{"taxonomy":"product_cat","embeddable":true,"href":"https:\/\/roveyayinevi.com.tr\/index.php\/wp-json\/wp\/v2\/product_cat?post=731041"},{"taxonomy":"product_tag","embeddable":true,"href":"https:\/\/roveyayinevi.com.tr\/index.php\/wp-json\/wp\/v2\/product_tag?post=731041"}],"curies":[{"name":"wp","href":"https:\/\/api.w.org\/{rel}","templated":true}]}}