{"id":731040,"date":"2025-08-27T21:24:40","date_gmt":"2025-08-27T18:24:40","guid":{"rendered":"https:\/\/roveyayinevi.com.tr\/index.php\/urun\/dunyanin-en-sismani\/"},"modified":"2026-04-16T02:38:58","modified_gmt":"2026-04-15T23:38:58","slug":"dunyanin-en-sismani","status":"publish","type":"product","link":"https:\/\/roveyayinevi.com.tr\/index.php\/urun\/dunyanin-en-sismani\/","title":{"rendered":"D\u00fcnyan\u0131n En \u015ei\u015fman\u0131"},"content":{"rendered":"<p>Usta yazar Sevim Ak\u2019\u0131n \u00f6zg\u00fcn anlat\u0131m\u0131yla, \u00f6n\u00fcne \u00e7\u0131kan harika bir f\u0131rsat\u0131n izini s\u00fcren, \u00e7ekti\u011fi foto\u011fraflarla kendi i\u00e7inde ve ya\u015fad\u0131\u011f\u0131 mahallede yepyeni bir yolculu\u011fa \u00e7\u0131kan bir \u00e7ocu\u011fun umut dolu hikayesi\u2026Karnesindeki d\u00fc\u015f\u00fck notlar\u0131 y\u00fcz\u00fcnden y\u00fcz\u00fc bir t\u00fcrl\u00fc g\u00fclmeyen Berk, k\u00f6\u015feye s\u0131k\u0131\u015fm\u0131\u015f durumda! Ailesi ondan ne \u00e7ok bekliyor\u2026 O ise, hangi i\u015fe el atsa, hangi hobiye merak sarsa hemencecik vazge\u00e7iyor. En sevdi\u011fi \u015fey, yan gelip yatmak, bir k\u00f6\u015fede saatlerce m\u0131\u015f\u0131l m\u0131\u015f\u0131l uyumak olunca\u2026 Yapt\u0131\u011f\u0131 bu tercihin, yoluna serece\u011fi s\u00fcrprizlerden habersiz oysa.Sevim Ak\u2019 \u0131n sevilen uzun \u00f6yk\u00fcs\u00fc D\u00fcnyan\u0131n En \u015ei\u015fman\u0131, Ay\u015f\u0131n Deliba\u015f Ero\u011flu\u2019nun \u00e7izimleriyle \u015fimdiFOM K\u0130TAP\u2019 ta.<\/p>\n","protected":false},"excerpt":{"rendered":"<p>Usta yazar Sevim Ak\u2019\u0131n \u00f6zg\u00fcn anlat\u0131m\u0131yla, \u00f6n\u00fcne \u00e7\u0131kan harika bir f\u0131rsat\u0131n izini s\u00fcren, \u00e7ekti\u011fi foto\u011fraflarla kendi i\u00e7inde ve ya\u015fad\u0131\u011f\u0131 mahallede yepyeni bir yolculu\u011fa \u00e7\u0131kan bir \u00e7ocu\u011fun<span class=\"excerpt-hellip\"> [\u2026]<\/span><\/p>\n","protected":false},"featured_media":0,"template":"","meta":{"_monsterinsights_skip_tracking":false,"_monsterinsights_sitenote_active":false,"_monsterinsights_sitenote_note":"","_monsterinsights_sitenote_category":0},"product_brand":[],"product_cat":[12275,12274],"product_tag":[],"class_list":{"0":"post-731040","1":"product","2":"type-product","3":"status-publish","5":"product_cat-6-12-yas-kitaplari","6":"product_cat-cocuk-ve-genclik-kitaplari","7":"pa_cilt-ciltsiz","8":"pa_tur-kitap","9":"pa_yayinevi-fom-kitap","10":"pa_yazar-sevim-ak","12":"first","13":"instock","14":"sale","15":"shipping-taxable","16":"purchasable","17":"product-type-simple"},"_links":{"self":[{"href":"https:\/\/roveyayinevi.com.tr\/index.php\/wp-json\/wp\/v2\/product\/731040","targetHints":{"allow":["GET"]}}],"collection":[{"href":"https:\/\/roveyayinevi.com.tr\/index.php\/wp-json\/wp\/v2\/product"}],"about":[{"href":"https:\/\/roveyayinevi.com.tr\/index.php\/wp-json\/wp\/v2\/types\/product"}],"wp:attachment":[{"href":"https:\/\/roveyayinevi.com.tr\/index.php\/wp-json\/wp\/v2\/media?parent=731040"}],"wp:term":[{"taxonomy":"product_brand","embeddable":true,"href":"https:\/\/roveyayinevi.com.tr\/index.php\/wp-json\/wp\/v2\/product_brand?post=731040"},{"taxonomy":"product_cat","embeddable":true,"href":"https:\/\/roveyayinevi.com.tr\/index.php\/wp-json\/wp\/v2\/product_cat?post=731040"},{"taxonomy":"product_tag","embeddable":true,"href":"https:\/\/roveyayinevi.com.tr\/index.php\/wp-json\/wp\/v2\/product_tag?post=731040"}],"curies":[{"name":"wp","href":"https:\/\/api.w.org\/{rel}","templated":true}]}}