{"id":731039,"date":"2025-08-27T21:24:39","date_gmt":"2025-08-27T18:24:39","guid":{"rendered":"https:\/\/roveyayinevi.com.tr\/index.php\/urun\/duvarlar-resim-olsa\/"},"modified":"2026-04-16T02:38:58","modified_gmt":"2026-04-15T23:38:58","slug":"duvarlar-resim-olsa","status":"publish","type":"product","link":"https:\/\/roveyayinevi.com.tr\/index.php\/urun\/duvarlar-resim-olsa\/","title":{"rendered":"Duvarlar Resim Olsa"},"content":{"rendered":"<p>Sevim Ak\u2019\u0131n, An\u0131l Tortop\u2019un \u00e7izimleriyle daha da sevilen roman\u0131 Duvarlar Resim Olsa FOM Kitap\u2019ta!Maske, izolasyon, hijyen\u2026 \u00dc\u00e7\u00fc de 2015\u2019te yaz\u0131lan bu kitapta ge\u00e7iyor. Umut, heyecan ve renkler\u2026 Sa\u011fl\u0131k, arkada\u015fl\u0131k ve f\u0131r\u00e7alar\u2026 Duvarlar bu bile\u015fenlerle resim olacak\u2026Fulya, kocaman bir odas\u0131, i\u00e7ine kuruldu\u011funda rengarenk d\u00fcnyalara dald\u0131\u011f\u0131 bir d\u00fc\u015f koltu\u011fu ve kitaplarla dolu k\u00fct\u00fcphanesi olsa da yeni ta\u015f\u0131nd\u0131klar\u0131 evde kendini yaln\u0131z hissediyordu.Y\u00fcz\u00fcnde yeniden g\u00fcl\u00fcc\u00fckler a\u00e7mas\u0131 i\u00e7in penceresinin \u00f6tesindeki balkon kom\u015fusu G\u00fclce ile tan\u0131\u015fmay\u0131 beklemeliydi. Duygular\u0131n\u0131 birbirlerine ak\u0131tmak, birlikte g\u00fclmek ve hi\u00e7 unutamayacaklar\u0131 \u00f6yk\u00fcler yaratmak i\u00e7in\u2026 Fulya ve G\u00fclce&#8217;nin arkada\u015fl\u0131\u011f\u0131n\u0131, usta yazar Sevim Ak\u2019\u0131n benzersiz anlat\u0131m\u0131yla, dayan\u0131\u015fma i\u00e7inde, hayallerle kenetlenen s\u0131cac\u0131k bir dostluk roman\u0131 olarak okuyacaks\u0131n\u0131z\u2026  <\/p>\n","protected":false},"excerpt":{"rendered":"<p>Sevim Ak\u2019\u0131n, An\u0131l Tortop\u2019un \u00e7izimleriyle daha da sevilen roman\u0131 Duvarlar Resim Olsa FOM Kitap\u2019ta!Maske, izolasyon, hijyen\u2026 \u00dc\u00e7\u00fc de 2015\u2019te yaz\u0131lan bu kitapta ge\u00e7iyor. Umut, heyecan ve<span class=\"excerpt-hellip\"> [\u2026]<\/span><\/p>\n","protected":false},"featured_media":0,"template":"","meta":{"_monsterinsights_skip_tracking":false,"_monsterinsights_sitenote_active":false,"_monsterinsights_sitenote_note":"","_monsterinsights_sitenote_category":0},"product_brand":[],"product_cat":[12275,12274],"product_tag":[],"class_list":{"0":"post-731039","1":"product","2":"type-product","3":"status-publish","5":"product_cat-6-12-yas-kitaplari","6":"product_cat-cocuk-ve-genclik-kitaplari","7":"pa_cilt-ciltsiz","8":"pa_tur-kitap","9":"pa_yayinevi-fom-kitap","10":"pa_yazar-sevim-ak","12":"first","13":"instock","14":"sale","15":"shipping-taxable","16":"purchasable","17":"product-type-simple"},"_links":{"self":[{"href":"https:\/\/roveyayinevi.com.tr\/index.php\/wp-json\/wp\/v2\/product\/731039","targetHints":{"allow":["GET"]}}],"collection":[{"href":"https:\/\/roveyayinevi.com.tr\/index.php\/wp-json\/wp\/v2\/product"}],"about":[{"href":"https:\/\/roveyayinevi.com.tr\/index.php\/wp-json\/wp\/v2\/types\/product"}],"wp:attachment":[{"href":"https:\/\/roveyayinevi.com.tr\/index.php\/wp-json\/wp\/v2\/media?parent=731039"}],"wp:term":[{"taxonomy":"product_brand","embeddable":true,"href":"https:\/\/roveyayinevi.com.tr\/index.php\/wp-json\/wp\/v2\/product_brand?post=731039"},{"taxonomy":"product_cat","embeddable":true,"href":"https:\/\/roveyayinevi.com.tr\/index.php\/wp-json\/wp\/v2\/product_cat?post=731039"},{"taxonomy":"product_tag","embeddable":true,"href":"https:\/\/roveyayinevi.com.tr\/index.php\/wp-json\/wp\/v2\/product_tag?post=731039"}],"curies":[{"name":"wp","href":"https:\/\/api.w.org\/{rel}","templated":true}]}}