{"id":731037,"date":"2025-08-27T21:24:37","date_gmt":"2025-08-27T18:24:37","guid":{"rendered":"https:\/\/roveyayinevi.com.tr\/index.php\/urun\/kaplumbaga-karita-denizati-derya-ve-otekiler\/"},"modified":"2026-04-16T02:38:58","modified_gmt":"2026-04-15T23:38:58","slug":"kaplumbaga-karita-denizati-derya-ve-otekiler","status":"publish","type":"product","link":"https:\/\/roveyayinevi.com.tr\/index.php\/urun\/kaplumbaga-karita-denizati-derya-ve-otekiler\/","title":{"rendered":"Kaplumba\u011fa Karita, Denizat\u0131 Derya ve \u00d6tekiler"},"content":{"rendered":"<p>Merhaba&#8230;Kitab\u0131m\u0131 eline ald\u0131\u011f\u0131nda g\u00f6zlerinin parlad\u0131\u011f\u0131n\u0131 g\u00f6rd\u00fcm. Yoksa sen de mi bir kitap kurdusun? Okumay\u0131 \u00e7ok mu seviyorsun? \u00d6yleyse, Tomurcuk Kitaplar\u2019la arkada\u015f ol&#8230; Her birinde, yeni \u015feyler \u00f6\u011frenecek, de\u011fi\u015fik bir ser\u00fcvenle kar\u015f\u0131la\u015facaks\u0131n.Son y\u0131llarda insanlar her yere yay\u0131ld\u0131. Bu durum hayvanlar\u0131n ya\u015fam alanlar\u0131n\u0131 daraltm\u0131\u015f olabilir mi sence? Onlar\u0131n ya\u015fama haklar\u0131n\u0131 ellerinden almak yerine g\u00fcvenle ya\u015famalar\u0131 i\u00e7in elimizden geleni yapsak daha iyi olmaz m\u0131?Kaplumba\u011fa Karita, Denizat\u0131 Derya, Gezgin Yunus, \u0130stiridye ve Tombul Denizy\u0131ld\u0131z\u0131\u2019n\u0131n maceralar\u0131n\u0131, hayatta kalmak i\u00e7in verdikleri m\u00fccadeleyi okuyunca her canl\u0131n\u0131n ya\u015fam hakk\u0131 oldu\u011funu anlayacaks\u0131n. Belki sen de bu m\u00fccadelelerinde onlara destek olmak istersin. Ne dersin?<\/p>\n","protected":false},"excerpt":{"rendered":"<p>Merhaba&#8230;Kitab\u0131m\u0131 eline ald\u0131\u011f\u0131nda g\u00f6zlerinin parlad\u0131\u011f\u0131n\u0131 g\u00f6rd\u00fcm. Yoksa sen de mi bir kitap kurdusun? Okumay\u0131 \u00e7ok mu seviyorsun? \u00d6yleyse, Tomurcuk Kitaplar\u2019la arkada\u015f ol&#8230; Her birinde, yeni \u015feyler<span class=\"excerpt-hellip\"> [\u2026]<\/span><\/p>\n","protected":false},"featured_media":0,"template":"","meta":{"_monsterinsights_skip_tracking":false,"_monsterinsights_sitenote_active":false,"_monsterinsights_sitenote_note":"","_monsterinsights_sitenote_category":0},"product_brand":[],"product_cat":[12275,12274],"product_tag":[],"class_list":{"0":"post-731037","1":"product","2":"type-product","3":"status-publish","5":"product_cat-6-12-yas-kitaplari","6":"product_cat-cocuk-ve-genclik-kitaplari","7":"pa_cilt-ciltsiz","8":"pa_tur-kitap","9":"pa_yayinevi-say-yayinlari","10":"pa_yazar-gulsum-cengiz","12":"first","13":"instock","14":"sale","15":"shipping-taxable","16":"purchasable","17":"product-type-simple"},"_links":{"self":[{"href":"https:\/\/roveyayinevi.com.tr\/index.php\/wp-json\/wp\/v2\/product\/731037","targetHints":{"allow":["GET"]}}],"collection":[{"href":"https:\/\/roveyayinevi.com.tr\/index.php\/wp-json\/wp\/v2\/product"}],"about":[{"href":"https:\/\/roveyayinevi.com.tr\/index.php\/wp-json\/wp\/v2\/types\/product"}],"wp:attachment":[{"href":"https:\/\/roveyayinevi.com.tr\/index.php\/wp-json\/wp\/v2\/media?parent=731037"}],"wp:term":[{"taxonomy":"product_brand","embeddable":true,"href":"https:\/\/roveyayinevi.com.tr\/index.php\/wp-json\/wp\/v2\/product_brand?post=731037"},{"taxonomy":"product_cat","embeddable":true,"href":"https:\/\/roveyayinevi.com.tr\/index.php\/wp-json\/wp\/v2\/product_cat?post=731037"},{"taxonomy":"product_tag","embeddable":true,"href":"https:\/\/roveyayinevi.com.tr\/index.php\/wp-json\/wp\/v2\/product_tag?post=731037"}],"curies":[{"name":"wp","href":"https:\/\/api.w.org\/{rel}","templated":true}]}}