{"id":731036,"date":"2025-08-27T21:24:36","date_gmt":"2025-08-27T18:24:36","guid":{"rendered":"https:\/\/roveyayinevi.com.tr\/index.php\/urun\/trendeki-yabancilar-nancy-drew-gunlukleri-2\/"},"modified":"2026-04-16T02:38:58","modified_gmt":"2026-04-15T23:38:58","slug":"trendeki-yabancilar-nancy-drew-gunlukleri-2","status":"publish","type":"product","link":"https:\/\/roveyayinevi.com.tr\/index.php\/urun\/trendeki-yabancilar-nancy-drew-gunlukleri-2\/","title":{"rendered":"Trendeki Yabanc\u0131lar &#8211; Nancy Drew G\u00fcnl\u00fckleri 2"},"content":{"rendered":"<p>T\u00fcm d\u00fcnyada milyonlar satan, her ya\u015ftan okurun kalbini kazanm\u0131\u015f, hem sinemaya hem de TV dizisine uyarlanm\u0131\u015f Nancy Drew G\u00fcnl\u00fckleri heyecan dolu maceralar\u0131yla devam ediyor!Bess ve George\u2019la Kuzey Y\u0131ld\u0131z\u0131\u2019nda kendimize yar\u0131\u015fma kazanm\u0131\u015f \u00fc\u00e7 yolcu s\u00fcs\u00fc veriyorduk. O muhte\u015fem yolcu gemisindeki olay\u0131 da neredeyse \u00e7\u00f6zd\u00fc\u011f\u00fcm\u00fc san\u0131yordum. Ama \u015fimdi hedef benmi\u015fim gibi g\u00f6r\u00fcn\u00fcyor\u2026Amat\u00f6r dedektif Nancy ve arkada\u015flar\u0131, tehlikeli sularda ilerlemeye devam ediyor\u2026Kuzey Y\u0131ld\u0131z\u0131 yolcu gemisi Skagway liman\u0131na yana\u015ft\u0131. Nancy, gemi limandayken i\u00e7eride bir ipucu bulman\u0131n pe\u015finde. Ama as\u0131l tehlikenin onu d\u0131\u015far\u0131da bekledi\u011fini bilmiyor! Nancy ve arkada\u015flar\u0131 \u015fehirde gezintiye \u00e7\u0131k\u0131yorlar ve\u2026 Olaylar onlar\u0131n, onlar olaylar\u0131n pe\u015fini bir an olsun b\u0131rakm\u0131yor.Hayat s\u00fcrprizlerle doludur. Bu s\u00fcrprizler her zaman sevindirici olmayabilir. Nancy, nefesini ensesinde hissetti\u011fi s\u00fcrprizle kar\u015f\u0131la\u015f\u0131nca neler olacak acaba?<\/p>\n","protected":false},"excerpt":{"rendered":"<p>T\u00fcm d\u00fcnyada milyonlar satan, her ya\u015ftan okurun kalbini kazanm\u0131\u015f, hem sinemaya hem de TV dizisine uyarlanm\u0131\u015f Nancy Drew G\u00fcnl\u00fckleri heyecan dolu maceralar\u0131yla devam ediyor!Bess ve George\u2019la<span class=\"excerpt-hellip\"> [\u2026]<\/span><\/p>\n","protected":false},"featured_media":0,"template":"","meta":{"_monsterinsights_skip_tracking":false,"_monsterinsights_sitenote_active":false,"_monsterinsights_sitenote_note":"","_monsterinsights_sitenote_category":0},"product_brand":[],"product_cat":[12275,12274],"product_tag":[],"class_list":{"0":"post-731036","1":"product","2":"type-product","3":"status-publish","5":"product_cat-6-12-yas-kitaplari","6":"product_cat-cocuk-ve-genclik-kitaplari","7":"pa_cilt-ciltsiz","8":"pa_tur-kitap","9":"pa_yayinevi-turkuvaz-kitap","10":"pa_yazar-carolyn-keene","12":"first","13":"instock","14":"sale","15":"shipping-taxable","16":"purchasable","17":"product-type-simple"},"_links":{"self":[{"href":"https:\/\/roveyayinevi.com.tr\/index.php\/wp-json\/wp\/v2\/product\/731036","targetHints":{"allow":["GET"]}}],"collection":[{"href":"https:\/\/roveyayinevi.com.tr\/index.php\/wp-json\/wp\/v2\/product"}],"about":[{"href":"https:\/\/roveyayinevi.com.tr\/index.php\/wp-json\/wp\/v2\/types\/product"}],"wp:attachment":[{"href":"https:\/\/roveyayinevi.com.tr\/index.php\/wp-json\/wp\/v2\/media?parent=731036"}],"wp:term":[{"taxonomy":"product_brand","embeddable":true,"href":"https:\/\/roveyayinevi.com.tr\/index.php\/wp-json\/wp\/v2\/product_brand?post=731036"},{"taxonomy":"product_cat","embeddable":true,"href":"https:\/\/roveyayinevi.com.tr\/index.php\/wp-json\/wp\/v2\/product_cat?post=731036"},{"taxonomy":"product_tag","embeddable":true,"href":"https:\/\/roveyayinevi.com.tr\/index.php\/wp-json\/wp\/v2\/product_tag?post=731036"}],"curies":[{"name":"wp","href":"https:\/\/api.w.org\/{rel}","templated":true}]}}